{"id":10859,"date":"2025-10-09T00:00:00","date_gmt":"2025-10-08T22:00:00","guid":{"rendered":"https:\/\/yotavis.ch\/product\/it8811\/"},"modified":"2026-04-24T13:45:39","modified_gmt":"2026-04-24T11:45:39","slug":"it8811","status":"publish","type":"product","link":"https:\/\/yotavis.ch\/pl\/produkt\/it8811\/","title":{"rendered":"IT8811"},"content":{"rendered":"<p>IT8811 to elektroniczne obci\u0105\u017cenie DC zaprojektowane do pracy przy napi\u0119ciu 120 V i nat\u0119\u017ceniu 30 A, zapewniaj\u0105ce maksymaln\u0105 moc 150 W. Posiada obudow\u0119 typu half rack 2U i zawiera standardowe interfejsy RS232 i USB do \u0142\u0105czno\u015bci. Urz\u0105dzenie obs\u0142uguje funkcj\u0119 zdalnego sterowania, umo\u017cliwiaj\u0105c wygodn\u0105 obs\u0142ug\u0119 na odleg\u0142o\u015b\u0107. IT8811 jest wyposa\u017cony w pojedynczy kana\u0142 wyj\u015bciowy, dzi\u0119ki czemu nadaje si\u0119 do zastosowa\u0144 wymagaj\u0105cych precyzyjnego testowania obci\u0105\u017cenia. Jego konstrukcja umo\u017cliwia realizacj\u0119 szeregu scenariuszy testowych w ramach okre\u015blonych limit\u00f3w napi\u0119cia i pr\u0105du. Po\u0142\u0105czenie mocy znamionowej i opcji sterowania sprawia, \u017ce jest to wszechstronne narz\u0119dzie do testowania obci\u0105\u017ce\u0144 elektronicznych w r\u00f3\u017cnych \u015brodowiskach.<\/p>","protected":false},"excerpt":{"rendered":"<p>DC E-load 120V\/30A\/150W; 2U half rack (Standard RS232\/USB)<\/p>","protected":false},"featured_media":11916,"comment_status":"closed","ping_status":"closed","template":"","meta":{"_acf_changed":false,"slim_seo":{"title":"IT8811 - YOTAVIS AG","description":"DC E-load 120V\/30A\/150W; 2U half rack (Standard RS232\/USB)"}},"product_brand":[822],"product_cat":[517,515],"product_tag":[],"class_list":{"0":"post-10859","1":"product","2":"type-product","3":"status-publish","4":"has-post-thumbnail","6":"product_brand-itech","7":"product_cat-dc-load-en","8":"product_cat-power-en","9":"pa_current-a-404","10":"pa_output-number-146","11":"pa_power-w-391","12":"pa_remote-control-yes","13":"pa_voltage-v-979","15":"first","16":"instock","17":"taxable","18":"shipping-taxable","19":"product-type-simple"},"acf":[],"_links":{"self":[{"href":"https:\/\/yotavis.ch\/pl\/wp-json\/wp\/v2\/product\/10859","targetHints":{"allow":["GET"]}}],"collection":[{"href":"https:\/\/yotavis.ch\/pl\/wp-json\/wp\/v2\/product"}],"about":[{"href":"https:\/\/yotavis.ch\/pl\/wp-json\/wp\/v2\/types\/product"}],"replies":[{"embeddable":true,"href":"https:\/\/yotavis.ch\/pl\/wp-json\/wp\/v2\/comments?post=10859"}],"wp:featuredmedia":[{"embeddable":true,"href":"https:\/\/yotavis.ch\/pl\/wp-json\/wp\/v2\/media\/11916"}],"wp:attachment":[{"href":"https:\/\/yotavis.ch\/pl\/wp-json\/wp\/v2\/media?parent=10859"}],"wp:term":[{"taxonomy":"product_brand","embeddable":true,"href":"https:\/\/yotavis.ch\/pl\/wp-json\/wp\/v2\/product_brand?post=10859"},{"taxonomy":"product_cat","embeddable":true,"href":"https:\/\/yotavis.ch\/pl\/wp-json\/wp\/v2\/product_cat?post=10859"},{"taxonomy":"product_tag","embeddable":true,"href":"https:\/\/yotavis.ch\/pl\/wp-json\/wp\/v2\/product_tag?post=10859"}],"curies":[{"name":"wp","href":"https:\/\/api.w.org\/{rel}","templated":true}]}}