{"id":10863,"date":"2025-10-09T00:00:00","date_gmt":"2025-10-08T22:00:00","guid":{"rendered":"https:\/\/yotavis.ch\/product\/it8813\/"},"modified":"2026-04-24T13:45:41","modified_gmt":"2026-04-24T11:45:41","slug":"it8813","status":"publish","type":"product","link":"https:\/\/yotavis.ch\/pl\/produkt\/it8813\/","title":{"rendered":"IT8813"},"content":{"rendered":"<p>IT8813 to elektroniczne obci\u0105\u017cenie DC zaprojektowane do pracy przy napi\u0119ciu 120 V i nat\u0119\u017ceniu 60 A, zapewniaj\u0105ce maksymaln\u0105 moc 750 W. Posiada obudow\u0119 3U i obs\u0142uguje standardowe interfejsy RS232 i USB. Model ten zawiera jeden kana\u0142 wyj\u015bciowy i oferuje mo\u017cliwo\u015b\u0107 zdalnego sterowania, pozwalaj\u0105c na elastyczn\u0105 prac\u0119 w r\u00f3\u017cnych \u015brodowiskach testowych. Urz\u0105dzenie zosta\u0142o wyprodukowane przez ITECH, mark\u0119 znan\u0105 z elektronicznych urz\u0105dze\u0144 testuj\u0105cych. IT8813 nadaje si\u0119 do zastosowa\u0144 wymagaj\u0105cych precyzyjnego testowania obci\u0105\u017cenia z niezawodn\u0105 moc\u0105 znamionow\u0105. Jego konstrukcja umo\u017cliwia standardowy monta\u017c w szafie rack, dzi\u0119ki czemu jest kompatybilny z istniej\u0105cymi konfiguracjami testowymi. Po\u0142\u0105czenie specyfikacji napi\u0119cia, pr\u0105du i mocy zapewnia wydajn\u0105 obs\u0142ug\u0119 szeregu scenariuszy testowania obci\u0105\u017cenia DC.<\/p>","protected":false},"excerpt":{"rendered":"<p>DC E-load 120V\/60A\/750W; 3U (Standard RS232\/USB)<\/p>","protected":false},"featured_media":11919,"comment_status":"closed","ping_status":"closed","template":"","meta":{"_acf_changed":false,"slim_seo":{"title":"IT8813 - YOTAVIS AG","description":"DC E-load 120V\/60A\/750W; 3U (Standard RS232\/USB)"}},"product_brand":[822],"product_cat":[517,515],"product_tag":[],"class_list":{"0":"post-10863","1":"product","2":"type-product","3":"status-publish","4":"has-post-thumbnail","6":"product_brand-itech","7":"product_cat-dc-load-en","8":"product_cat-power-en","9":"pa_current-a-406","10":"pa_output-number-146","11":"pa_power-w-564","12":"pa_remote-control-yes","13":"pa_voltage-v-979","15":"first","16":"instock","17":"taxable","18":"shipping-taxable","19":"product-type-simple"},"acf":[],"_links":{"self":[{"href":"https:\/\/yotavis.ch\/pl\/wp-json\/wp\/v2\/product\/10863","targetHints":{"allow":["GET"]}}],"collection":[{"href":"https:\/\/yotavis.ch\/pl\/wp-json\/wp\/v2\/product"}],"about":[{"href":"https:\/\/yotavis.ch\/pl\/wp-json\/wp\/v2\/types\/product"}],"replies":[{"embeddable":true,"href":"https:\/\/yotavis.ch\/pl\/wp-json\/wp\/v2\/comments?post=10863"}],"wp:featuredmedia":[{"embeddable":true,"href":"https:\/\/yotavis.ch\/pl\/wp-json\/wp\/v2\/media\/11919"}],"wp:attachment":[{"href":"https:\/\/yotavis.ch\/pl\/wp-json\/wp\/v2\/media?parent=10863"}],"wp:term":[{"taxonomy":"product_brand","embeddable":true,"href":"https:\/\/yotavis.ch\/pl\/wp-json\/wp\/v2\/product_brand?post=10863"},{"taxonomy":"product_cat","embeddable":true,"href":"https:\/\/yotavis.ch\/pl\/wp-json\/wp\/v2\/product_cat?post=10863"},{"taxonomy":"product_tag","embeddable":true,"href":"https:\/\/yotavis.ch\/pl\/wp-json\/wp\/v2\/product_tag?post=10863"}],"curies":[{"name":"wp","href":"https:\/\/api.w.org\/{rel}","templated":true}]}}