{"id":10939,"date":"2025-10-09T00:00:00","date_gmt":"2025-10-08T22:00:00","guid":{"rendered":"https:\/\/yotavis.ch\/product\/it8936e-1200-1440\/"},"modified":"2026-04-24T13:46:20","modified_gmt":"2026-04-24T11:46:20","slug":"it8936e-1200-1440","status":"publish","type":"product","link":"https:\/\/yotavis.ch\/pl\/produkt\/it8936e-1200-1440\/","title":{"rendered":"IT8936E-1200-1440"},"content":{"rendered":"<p>IT8936E-1200-1440 jest elektronicznym obci\u0105\u017ceniem DC zaprojektowanym do obs\u0142ugi maksymalnego napi\u0119cia 1200 V i pr\u0105du do 1440 amper\u00f3w, zapewniaj\u0105c moc 36 000 wat\u00f3w. Model ten posiada pojedynczy kana\u0142 wyj\u015bciowy i obs\u0142uguje funkcj\u0119 zdalnego sterowania, umo\u017cliwiaj\u0105c elastyczn\u0105 prac\u0119 w r\u00f3\u017cnych \u015brodowiskach testowych. Urz\u0105dzenie mie\u015bci si\u0119 w obudowie 27U i zawiera wiele standardowych interfejs\u00f3w komunikacyjnych, takich jak LAN, USB, RS232, GPIB, CAN i zewn\u0119trzny interfejs sterowania analogowego. Te opcje \u0142\u0105czno\u015bci u\u0142atwiaj\u0105 integracj\u0119 z r\u00f3\u017cnymi systemami sterowania i umo\u017cliwiaj\u0105 precyzyjne zarz\u0105dzanie warunkami obci\u0105\u017cenia. Obci\u0105\u017cenie elektroniczne jest produkowane przez ITECH, mark\u0119 znan\u0105 z produkcji niezawodnego sprz\u0119tu testowego. Jego wszechstronne opcje interfejsu i wysoka moc znamionowa sprawiaj\u0105, \u017ce nadaje si\u0119 do wymagaj\u0105cych zastosowa\u0144 wymagaj\u0105cych solidnego i dok\u0142adnego testowania obci\u0105\u017cenia pr\u0105dem sta\u0142ym. W\u0142\u0105czenie standardowych protoko\u0142\u00f3w komunikacyjnych zapewnia kompatybilno\u015b\u0107 z szerok\u0105 gam\u0105 zautomatyzowanych konfiguracji testowych i system\u00f3w akwizycji danych.<\/p>","protected":false},"excerpt":{"rendered":"<p>DC E-load 1,200V \/ 1440A \/ 36kW, 27U  (Standard LAN, USB, RS232, GPIB, CAN, external analog control interface)<\/p>","protected":false},"featured_media":12377,"comment_status":"closed","ping_status":"closed","template":"","meta":{"_acf_changed":false,"slim_seo":{"title":"IT8936E-1200-1440 - YOTAVIS AG","description":"DC E-load 1200V \/ 1440A \/ 36kW, 27U (standardowy LAN, USB, RS232, GPIB, CAN, zewn\u0119trzny analogowy interfejs sterowania)"}},"product_brand":[822],"product_cat":[517,515],"product_tag":[],"class_list":{"0":"post-10939","1":"product","2":"type-product","3":"status-publish","4":"has-post-thumbnail","6":"product_brand-itech","7":"product_cat-dc-load-en","8":"product_cat-power-en","9":"pa_current-a-1001","10":"pa_output-number-146","11":"pa_power-w-637","12":"pa_remote-control-yes","13":"pa_voltage-v-922","15":"first","16":"instock","17":"taxable","18":"shipping-taxable","19":"product-type-simple"},"acf":[],"_links":{"self":[{"href":"https:\/\/yotavis.ch\/pl\/wp-json\/wp\/v2\/product\/10939","targetHints":{"allow":["GET"]}}],"collection":[{"href":"https:\/\/yotavis.ch\/pl\/wp-json\/wp\/v2\/product"}],"about":[{"href":"https:\/\/yotavis.ch\/pl\/wp-json\/wp\/v2\/types\/product"}],"replies":[{"embeddable":true,"href":"https:\/\/yotavis.ch\/pl\/wp-json\/wp\/v2\/comments?post=10939"}],"wp:featuredmedia":[{"embeddable":true,"href":"https:\/\/yotavis.ch\/pl\/wp-json\/wp\/v2\/media\/12377"}],"wp:attachment":[{"href":"https:\/\/yotavis.ch\/pl\/wp-json\/wp\/v2\/media?parent=10939"}],"wp:term":[{"taxonomy":"product_brand","embeddable":true,"href":"https:\/\/yotavis.ch\/pl\/wp-json\/wp\/v2\/product_brand?post=10939"},{"taxonomy":"product_cat","embeddable":true,"href":"https:\/\/yotavis.ch\/pl\/wp-json\/wp\/v2\/product_cat?post=10939"},{"taxonomy":"product_tag","embeddable":true,"href":"https:\/\/yotavis.ch\/pl\/wp-json\/wp\/v2\/product_tag?post=10939"}],"curies":[{"name":"wp","href":"https:\/\/api.w.org\/{rel}","templated":true}]}}