{"id":10950,"date":"2025-10-09T00:00:00","date_gmt":"2025-10-08T22:00:00","guid":{"rendered":"https:\/\/yotavis.ch\/product\/it8948a-1200-1920\/"},"modified":"2026-04-24T13:46:26","modified_gmt":"2026-04-24T11:46:26","slug":"it8948a-1200-1920","status":"publish","type":"product","link":"https:\/\/yotavis.ch\/pl\/produkt\/it8948a-1200-1920\/","title":{"rendered":"IT8948A-1200-1920"},"content":{"rendered":"<p>IT8948A-1200-1920 to elektroniczne obci\u0105\u017cenie DC zaprojektowane do obs\u0142ugi maksymalnego napi\u0119cia 1200 V i pr\u0105du 1920 A, zapewniaj\u0105ce moc 48 kW. Posiada pojedynczy kana\u0142 wyj\u015bciowy i obs\u0142uguje funkcj\u0119 zdalnego sterowania, umo\u017cliwiaj\u0105c elastyczn\u0105 prac\u0119 w r\u00f3\u017cnych \u015brodowiskach testowych. Urz\u0105dzenie jest umieszczone w obudowie 37U i zawiera wiele standardowych interfejs\u00f3w komunikacyjnych, takich jak LAN, USB, RS232, GPIB, CAN i zewn\u0119trzny analogowy interfejs steruj\u0105cy. Interfejsy te u\u0142atwiaj\u0105 bezproblemow\u0105 integracj\u0119 z innymi urz\u0105dzeniami i umo\u017cliwiaj\u0105 precyzyjn\u0105 kontrol\u0119 i monitorowanie. Obci\u0105\u017cenie elektroniczne jest produkowane przez ITECH, mark\u0119 znan\u0105 z wyspecjalizowanych elektronicznych przyrz\u0105d\u00f3w testuj\u0105cych. Model ten jest odpowiedni do zastosowa\u0144 wymagaj\u0105cych du\u017cego rozproszenia mocy i solidnych opcji sterowania. Jego wszechstronne opcje \u0142\u0105czno\u015bci sprawiaj\u0105, \u017ce mo\u017cna go dostosowa\u0107 do zautomatyzowanych konfiguracji testowych i z\u0142o\u017conych system\u00f3w pomiarowych.<\/p>","protected":false},"excerpt":{"rendered":"<p>DC E-load 1,200V \/ 1920A \/ 48kW, 37U  (Standard LAN, USB, RS232, GPIB, CAN, external analog control interface)<\/p>","protected":false},"featured_media":12379,"comment_status":"closed","ping_status":"closed","template":"","meta":{"_acf_changed":false,"slim_seo":{"title":"IT8948A-1200-1920 - YOTAVIS AG","description":"DC E-load 1200V \/ 1920A \/ 48kW, 37U (standardowy LAN, USB, RS232, GPIB, CAN, zewn\u0119trzny analogowy interfejs sterowania)"}},"product_brand":[822],"product_cat":[517,515],"product_tag":[],"class_list":{"0":"post-10950","1":"product","2":"type-product","3":"status-publish","4":"has-post-thumbnail","6":"product_brand-itech","7":"product_cat-dc-load-en","8":"product_cat-power-en","9":"pa_current-a-1002","10":"pa_output-number-146","11":"pa_power-w-987","12":"pa_remote-control-yes","13":"pa_voltage-v-922","15":"first","16":"instock","17":"taxable","18":"shipping-taxable","19":"product-type-simple"},"acf":[],"_links":{"self":[{"href":"https:\/\/yotavis.ch\/pl\/wp-json\/wp\/v2\/product\/10950","targetHints":{"allow":["GET"]}}],"collection":[{"href":"https:\/\/yotavis.ch\/pl\/wp-json\/wp\/v2\/product"}],"about":[{"href":"https:\/\/yotavis.ch\/pl\/wp-json\/wp\/v2\/types\/product"}],"replies":[{"embeddable":true,"href":"https:\/\/yotavis.ch\/pl\/wp-json\/wp\/v2\/comments?post=10950"}],"wp:featuredmedia":[{"embeddable":true,"href":"https:\/\/yotavis.ch\/pl\/wp-json\/wp\/v2\/media\/12379"}],"wp:attachment":[{"href":"https:\/\/yotavis.ch\/pl\/wp-json\/wp\/v2\/media?parent=10950"}],"wp:term":[{"taxonomy":"product_brand","embeddable":true,"href":"https:\/\/yotavis.ch\/pl\/wp-json\/wp\/v2\/product_brand?post=10950"},{"taxonomy":"product_cat","embeddable":true,"href":"https:\/\/yotavis.ch\/pl\/wp-json\/wp\/v2\/product_cat?post=10950"},{"taxonomy":"product_tag","embeddable":true,"href":"https:\/\/yotavis.ch\/pl\/wp-json\/wp\/v2\/product_tag?post=10950"}],"curies":[{"name":"wp","href":"https:\/\/api.w.org\/{rel}","templated":true}]}}