{"id":10984,"date":"2025-10-09T00:00:00","date_gmt":"2025-10-08T22:00:00","guid":{"rendered":"https:\/\/yotavis.ch\/product\/it7815-350-90\/"},"modified":"2026-04-24T13:46:45","modified_gmt":"2026-04-24T11:46:45","slug":"it7815-350-90","status":"publish","type":"product","link":"https:\/\/yotavis.ch\/pl\/produkt\/it7815-350-90\/","title":{"rendered":"IT7815-350-90"},"content":{"rendered":"<p>ITECH IT7815-350-90 to zasilacz zaprojektowany do dostarczania mocy 15kVA przy napi\u0119ciu znamionowym 350V L-N i wydajno\u015bci pr\u0105dowej 90Arms. Obs\u0142uguje zar\u00f3wno jednofazowe, jak i tr\u00f3jfazowe konfiguracje zasilania AC\/DC, dzi\u0119ki czemu jest wszechstronny w r\u00f3\u017cnych zastosowaniach. Model ten ma obudow\u0119 o rozmiarze 3U, dzi\u0119ki czemu mo\u017cna go skutecznie dopasowa\u0107 do standardowych szaf sprz\u0119towych. Zawiera jeden kana\u0142 wyj\u015bciowy i oferuje funkcj\u0119 zdalnego sterowania dla wygodnej obs\u0142ugi. Maksymalna obs\u0142ugiwana cz\u0119stotliwo\u015b\u0107 wynosi 2400 Hz, co zapewnia kompatybilno\u015b\u0107 z r\u00f3\u017cnymi wymaganiami dotycz\u0105cymi zasilania. Jako jednostka nadrz\u0119dna, zosta\u0142 zaprojektowany do efektywnego zarz\u0105dzania i kontroli zasilania. Po\u0142\u0105czenie jego mocy znamionowej, napi\u0119cia i specyfikacji pr\u0105du sprawia, \u017ce nadaje si\u0119 do wymagaj\u0105cych test\u00f3w elektrycznych i zada\u0144 zwi\u0105zanych z zasilaniem.<\/p>","protected":false},"excerpt":{"rendered":"<p>350V L-N, 90Arms, 15kVA, 1\u03c6 lub 3\u03c6 zasilacz AC\/DC, Master, rozmiar 3U<\/p>","protected":false},"featured_media":11974,"comment_status":"closed","ping_status":"closed","template":"","meta":{"_acf_changed":false,"slim_seo":{"title":"IT7815-350-90 - YOTAVIS AG","description":"350V L-N, 90Arms, 15kVA, 1\u03c6 lub 3\u03c6 zasilacz AC\/DC, Master, rozmiar 3U"}},"product_brand":[822],"product_cat":[625,515],"product_tag":[],"class_list":{"0":"post-10984","1":"product","2":"type-product","3":"status-publish","4":"has-post-thumbnail","6":"product_brand-itech","7":"product_cat-ac-dc-source-en","8":"product_cat-power-en","9":"pa_current-a-408","10":"pa_max-frequency-hz-1040","11":"pa_output-number-146","12":"pa_power-w-941","13":"pa_remote-control-yes","14":"pa_voltage-v-601","16":"first","17":"instock","18":"taxable","19":"shipping-taxable","20":"product-type-simple"},"acf":[],"_links":{"self":[{"href":"https:\/\/yotavis.ch\/pl\/wp-json\/wp\/v2\/product\/10984","targetHints":{"allow":["GET"]}}],"collection":[{"href":"https:\/\/yotavis.ch\/pl\/wp-json\/wp\/v2\/product"}],"about":[{"href":"https:\/\/yotavis.ch\/pl\/wp-json\/wp\/v2\/types\/product"}],"replies":[{"embeddable":true,"href":"https:\/\/yotavis.ch\/pl\/wp-json\/wp\/v2\/comments?post=10984"}],"wp:featuredmedia":[{"embeddable":true,"href":"https:\/\/yotavis.ch\/pl\/wp-json\/wp\/v2\/media\/11974"}],"wp:attachment":[{"href":"https:\/\/yotavis.ch\/pl\/wp-json\/wp\/v2\/media?parent=10984"}],"wp:term":[{"taxonomy":"product_brand","embeddable":true,"href":"https:\/\/yotavis.ch\/pl\/wp-json\/wp\/v2\/product_brand?post=10984"},{"taxonomy":"product_cat","embeddable":true,"href":"https:\/\/yotavis.ch\/pl\/wp-json\/wp\/v2\/product_cat?post=10984"},{"taxonomy":"product_tag","embeddable":true,"href":"https:\/\/yotavis.ch\/pl\/wp-json\/wp\/v2\/product_tag?post=10984"}],"curies":[{"name":"wp","href":"https:\/\/api.w.org\/{rel}","templated":true}]}}