{"id":10988,"date":"2025-10-09T00:00:00","date_gmt":"2025-10-08T22:00:00","guid":{"rendered":"https:\/\/yotavis.ch\/product\/it7909-350-90\/"},"modified":"2026-04-24T13:46:49","modified_gmt":"2026-04-24T11:46:49","slug":"it7909-350-90","status":"publish","type":"product","link":"https:\/\/yotavis.ch\/pl\/produkt\/it7909-350-90\/","title":{"rendered":"IT7909-350-90"},"content":{"rendered":"<p>ITECH IT7909-350-90 to symulator sieci pr\u0105du przemiennego o mocy 9000 wat\u00f3w. Dzia\u0142a przy napi\u0119ciu 350 V i obs\u0142uguje pr\u0105d o nat\u0119\u017ceniu do 90 amper\u00f3w. Model ten posiada pojedynczy kana\u0142 wyj\u015bciowy i jest umieszczony w obudowie o rozmiarze 3U. Urz\u0105dzenie oferuje maksymaln\u0105 cz\u0119stotliwo\u015b\u0107 150 Hz, co pozwala na wszechstronne zastosowania symulacji sieci. W zestawie znajduje si\u0119 funkcja zdalnego sterowania, umo\u017cliwiaj\u0105ca u\u017cytkownikom wygodn\u0105 obs\u0142ug\u0119 symulatora na odleg\u0142o\u015b\u0107. Po\u0142\u0105czenie tych specyfikacji sprawia, \u017ce IT7909-350-90 nadaje si\u0119 do r\u00f3\u017cnych zada\u0144 testowych i symulacyjnych wymagaj\u0105cych precyzyjnych warunk\u00f3w zasilania pr\u0105dem przemiennym.<\/p>","protected":false},"excerpt":{"rendered":"<p>350V\/90A\/9kVA, symulator sieci AC, rozmiar 3U<\/p>","protected":false},"featured_media":11980,"comment_status":"closed","ping_status":"closed","template":"","meta":{"_acf_changed":false,"slim_seo":{"title":"IT7909-350-90 - YOTAVIS AG","description":"350V\/90A\/9kVA, symulator sieci AC, rozmiar 3U"}},"product_brand":[822],"product_cat":[515],"product_tag":[],"class_list":{"0":"post-10988","1":"product","2":"type-product","3":"status-publish","4":"has-post-thumbnail","6":"product_brand-itech","7":"product_cat-power-en","8":"pa_current-a-408","9":"pa_max-frequency-hz-1041","10":"pa_output-number-146","11":"pa_power-w-627","12":"pa_remote-control-yes","13":"pa_voltage-v-601","15":"first","16":"instock","17":"taxable","18":"shipping-taxable","19":"product-type-simple"},"acf":[],"_links":{"self":[{"href":"https:\/\/yotavis.ch\/pl\/wp-json\/wp\/v2\/product\/10988","targetHints":{"allow":["GET"]}}],"collection":[{"href":"https:\/\/yotavis.ch\/pl\/wp-json\/wp\/v2\/product"}],"about":[{"href":"https:\/\/yotavis.ch\/pl\/wp-json\/wp\/v2\/types\/product"}],"replies":[{"embeddable":true,"href":"https:\/\/yotavis.ch\/pl\/wp-json\/wp\/v2\/comments?post=10988"}],"wp:featuredmedia":[{"embeddable":true,"href":"https:\/\/yotavis.ch\/pl\/wp-json\/wp\/v2\/media\/11980"}],"wp:attachment":[{"href":"https:\/\/yotavis.ch\/pl\/wp-json\/wp\/v2\/media?parent=10988"}],"wp:term":[{"taxonomy":"product_brand","embeddable":true,"href":"https:\/\/yotavis.ch\/pl\/wp-json\/wp\/v2\/product_brand?post=10988"},{"taxonomy":"product_cat","embeddable":true,"href":"https:\/\/yotavis.ch\/pl\/wp-json\/wp\/v2\/product_cat?post=10988"},{"taxonomy":"product_tag","embeddable":true,"href":"https:\/\/yotavis.ch\/pl\/wp-json\/wp\/v2\/product_tag?post=10988"}],"curies":[{"name":"wp","href":"https:\/\/api.w.org\/{rel}","templated":true}]}}