{"id":10995,"date":"2025-10-09T00:00:00","date_gmt":"2025-10-08T22:00:00","guid":{"rendered":"https:\/\/yotavis.ch\/product\/it7909p-350-90\/"},"modified":"2026-04-24T13:46:52","modified_gmt":"2026-04-24T11:46:52","slug":"it7909p-350-90","status":"publish","type":"product","link":"https:\/\/yotavis.ch\/pl\/produkt\/it7909p-350-90\/","title":{"rendered":"IT7909P-350-90"},"content":{"rendered":"<p>IT7909P-350-90 firmy ITECH to wysokowydajny regeneracyjny symulator sieci zaprojektowany do pracy przy napi\u0119ciu 350 V linia-neutralna z wydajno\u015bci\u0105 pr\u0105dow\u0105 90 amper\u00f3w. Zapewnia moc wyj\u015bciow\u0105 9000 wat\u00f3w, dzi\u0119ki czemu nadaje si\u0119 do r\u00f3\u017cnych zastosowa\u0144 testowych. Urz\u0105dzenie to obs\u0142uguje zar\u00f3wno konfiguracje jednofazowe, jak i tr\u00f3jfazowe i jest umieszczone w kompaktowej obudowie o rozmiarze 3U. Charakteryzuje si\u0119 maksymaln\u0105 cz\u0119stotliwo\u015bci\u0105 150 Hz, co pozwala na wszechstronne scenariusze testowania cz\u0119stotliwo\u015bci. Symulator zawiera jeden kana\u0142 wyj\u015bciowy i oferuje funkcj\u0119 zdalnego sterowania dla wygodnej obs\u0142ugi. Jego konstrukcja podkre\u015bla precyzj\u0119 i zdolno\u015b\u0107 adaptacji w zadaniach symulacji sieci bez dodatkowych interfejs\u00f3w lub specyfikacji czujnik\u00f3w.<\/p>","protected":false},"excerpt":{"rendered":"<p>350V L-N, 90Arms, 9kVA, wysokowydajny regeneracyjny symulator sieci, 1\u03c6 lub 3\u03c6, rozmiar 3U<\/p>","protected":false},"featured_media":11984,"comment_status":"closed","ping_status":"closed","template":"","meta":{"_acf_changed":false,"slim_seo":{"title":"IT7909P-350-90 - YOTAVIS AG","description":"350V L-N, 90Arms, 9kVA, wysokowydajny regeneracyjny symulator sieci, 1\u03c6 lub 3\u03c6, rozmiar 3U"}},"product_brand":[822],"product_cat":[515],"product_tag":[],"class_list":{"0":"post-10995","1":"product","2":"type-product","3":"status-publish","4":"has-post-thumbnail","6":"product_brand-itech","7":"product_cat-power-en","8":"pa_current-a-408","9":"pa_max-frequency-hz-1041","10":"pa_output-number-146","11":"pa_power-w-627","12":"pa_remote-control-yes","13":"pa_voltage-v-601","15":"first","16":"instock","17":"taxable","18":"shipping-taxable","19":"product-type-simple"},"acf":[],"_links":{"self":[{"href":"https:\/\/yotavis.ch\/pl\/wp-json\/wp\/v2\/product\/10995","targetHints":{"allow":["GET"]}}],"collection":[{"href":"https:\/\/yotavis.ch\/pl\/wp-json\/wp\/v2\/product"}],"about":[{"href":"https:\/\/yotavis.ch\/pl\/wp-json\/wp\/v2\/types\/product"}],"replies":[{"embeddable":true,"href":"https:\/\/yotavis.ch\/pl\/wp-json\/wp\/v2\/comments?post=10995"}],"wp:featuredmedia":[{"embeddable":true,"href":"https:\/\/yotavis.ch\/pl\/wp-json\/wp\/v2\/media\/11984"}],"wp:attachment":[{"href":"https:\/\/yotavis.ch\/pl\/wp-json\/wp\/v2\/media?parent=10995"}],"wp:term":[{"taxonomy":"product_brand","embeddable":true,"href":"https:\/\/yotavis.ch\/pl\/wp-json\/wp\/v2\/product_brand?post=10995"},{"taxonomy":"product_cat","embeddable":true,"href":"https:\/\/yotavis.ch\/pl\/wp-json\/wp\/v2\/product_cat?post=10995"},{"taxonomy":"product_tag","embeddable":true,"href":"https:\/\/yotavis.ch\/pl\/wp-json\/wp\/v2\/product_tag?post=10995"}],"curies":[{"name":"wp","href":"https:\/\/api.w.org\/{rel}","templated":true}]}}