{"id":10996,"date":"2025-10-09T00:00:00","date_gmt":"2025-10-08T22:00:00","guid":{"rendered":"https:\/\/yotavis.ch\/product\/it7912p-350-90\/"},"modified":"2026-04-24T13:46:52","modified_gmt":"2026-04-24T11:46:52","slug":"it7912p-350-90","status":"publish","type":"product","link":"https:\/\/yotavis.ch\/pl\/produkt\/it7912p-350-90\/","title":{"rendered":"IT7912P-350-90"},"content":{"rendered":"<p>IT7912P-350-90 firmy ITECH to wysokowydajny regeneracyjny symulator sieci przeznaczony zar\u00f3wno do zastosowa\u0144 jednofazowych, jak i tr\u00f3jfazowych. Dzia\u0142a przy napi\u0119ciu 350V linia-neutralny i dostarcza pr\u0105d 90Arms, zapewniaj\u0105c moc wyj\u015bciow\u0105 12kVA. Urz\u0105dzenie jest kompaktowe, umieszczone w obudowie o rozmiarze 3U, dzi\u0119ki czemu nadaje si\u0119 do r\u00f3\u017cnych \u015brodowisk testowych. Charakteryzuje si\u0119 maksymaln\u0105 cz\u0119stotliwo\u015bci\u0105 150 Hz, co pozwala na wszechstronne scenariusze symulacji. Symulator posiada funkcj\u0119 zdalnego sterowania, umo\u017cliwiaj\u0105c u\u017cytkownikom wygodn\u0105 obs\u0142ug\u0119 urz\u0105dzenia na odleg\u0142o\u015b\u0107. Dzi\u0119ki pojedynczemu kana\u0142owi wyj\u015bciowemu jest on dostosowany do precyzyjnych i kontrolowanych zada\u0144 symulacji sieci. Model ten zosta\u0142 zaprojektowany w celu spe\u0142nienia rygorystycznych wymaga\u0144 testowych w energoelektronice i aplikacjach zwi\u0105zanych z sieci\u0105.<\/p>","protected":false},"excerpt":{"rendered":"<p>350V L-N, 90Arms, 12kVA, wysokowydajny regeneracyjny symulator sieci, 1\u03c6 lub 3\u03c6, rozmiar 3U<\/p>","protected":false},"featured_media":11984,"comment_status":"closed","ping_status":"closed","template":"","meta":{"_acf_changed":false,"slim_seo":{"title":"IT7912P-350-90 - YOTAVIS AG","description":"350V L-N, 90Arms, 12kVA, wysokowydajny regeneracyjny symulator sieci, 1\u03c6 lub 3\u03c6, rozmiar 3U"}},"product_brand":[822],"product_cat":[515],"product_tag":[],"class_list":{"0":"post-10996","1":"product","2":"type-product","3":"status-publish","4":"has-post-thumbnail","6":"product_brand-itech","7":"product_cat-power-en","8":"pa_current-a-408","9":"pa_max-frequency-hz-1041","10":"pa_output-number-146","11":"pa_power-w-628","12":"pa_remote-control-yes","13":"pa_voltage-v-601","15":"first","16":"instock","17":"taxable","18":"shipping-taxable","19":"product-type-simple"},"acf":[],"_links":{"self":[{"href":"https:\/\/yotavis.ch\/pl\/wp-json\/wp\/v2\/product\/10996","targetHints":{"allow":["GET"]}}],"collection":[{"href":"https:\/\/yotavis.ch\/pl\/wp-json\/wp\/v2\/product"}],"about":[{"href":"https:\/\/yotavis.ch\/pl\/wp-json\/wp\/v2\/types\/product"}],"replies":[{"embeddable":true,"href":"https:\/\/yotavis.ch\/pl\/wp-json\/wp\/v2\/comments?post=10996"}],"wp:featuredmedia":[{"embeddable":true,"href":"https:\/\/yotavis.ch\/pl\/wp-json\/wp\/v2\/media\/11984"}],"wp:attachment":[{"href":"https:\/\/yotavis.ch\/pl\/wp-json\/wp\/v2\/media?parent=10996"}],"wp:term":[{"taxonomy":"product_brand","embeddable":true,"href":"https:\/\/yotavis.ch\/pl\/wp-json\/wp\/v2\/product_brand?post=10996"},{"taxonomy":"product_cat","embeddable":true,"href":"https:\/\/yotavis.ch\/pl\/wp-json\/wp\/v2\/product_cat?post=10996"},{"taxonomy":"product_tag","embeddable":true,"href":"https:\/\/yotavis.ch\/pl\/wp-json\/wp\/v2\/product_tag?post=10996"}],"curies":[{"name":"wp","href":"https:\/\/api.w.org\/{rel}","templated":true}]}}