{"id":10998,"date":"2025-10-09T00:00:00","date_gmt":"2025-10-08T22:00:00","guid":{"rendered":"https:\/\/yotavis.ch\/product\/it8205-350-30u\/"},"modified":"2026-04-24T13:46:52","modified_gmt":"2026-04-24T11:46:52","slug":"it8205-350-30u","status":"publish","type":"product","link":"https:\/\/yotavis.ch\/pl\/produkt\/it8205-350-30u\/","title":{"rendered":"IT8205-350-30U"},"content":{"rendered":"<p>ITECH IT8205-350-30U to regeneracyjne obci\u0105\u017cenie elektroniczne AC\/DC przeznaczone do pracy jednofazowej z napi\u0119ciem znamionowym 350 V linia-neutralny i obci\u0105\u017calno\u015bci\u0105 pr\u0105dow\u0105 30 A. Zapewnia moc wyj\u015bciow\u0105 5 kVA, co odpowiada 5000 wat\u00f3w, dzi\u0119ki czemu nadaje si\u0119 do r\u00f3\u017cnych zastosowa\u0144 testowych. Urz\u0105dzenie mie\u015bci si\u0119 w obudowie o rozmiarze 3U, zapewniaj\u0105c kompaktow\u0105 obudow\u0119 do integracji z konfiguracjami testowymi. Posiada jeden kana\u0142 wyj\u015bciowy i obs\u0142uguje funkcj\u0119 zdalnego sterowania, umo\u017cliwiaj\u0105c wygodn\u0105 obs\u0142ug\u0119 i monitorowanie. Maksymalna obs\u0142ugiwana cz\u0119stotliwo\u015b\u0107 wynosi 150 Hz, co umo\u017cliwia efektywn\u0105 prac\u0119 z szeregiem sygna\u0142\u00f3w AC. To obci\u0105\u017cenie elektroniczne zosta\u0142o wyprodukowane przez ITECH, mark\u0119 znan\u0105 z produkcji niezawodnego sprz\u0119tu testowego. Po\u0142\u0105czenie specyfikacji napi\u0119cia, pr\u0105du i mocy sprawia, \u017ce jest to wszechstronne narz\u0119dzie do testowania zasilaczy, baterii i innych komponent\u00f3w elektronicznych w r\u00f3\u017cnych warunkach obci\u0105\u017cenia.<\/p>","protected":false},"excerpt":{"rendered":"<p>350V L-N, 30Arms, 5kVA, Regeneracyjne obci\u0105\u017cenie elektroniczne AC\/DC, 1\u03c6, rozmiar 3U<\/p>","protected":false},"featured_media":11987,"comment_status":"closed","ping_status":"closed","template":"","meta":{"_acf_changed":false,"slim_seo":{"title":"IT8205-350-30U - YOTAVIS AG","description":"350V L-N, 30Arms, 5kVA, Regeneracyjne obci\u0105\u017cenie elektroniczne AC\/DC, 1\u03c6, rozmiar 3U"}},"product_brand":[822],"product_cat":[823,515],"product_tag":[],"class_list":{"0":"post-10998","1":"product","2":"type-product","3":"status-publish","4":"has-post-thumbnail","6":"product_brand-itech","7":"product_cat-ac-dc-load-en","8":"product_cat-power-en","9":"pa_current-a-404","10":"pa_max-frequency-hz-1041","11":"pa_output-number-146","12":"pa_power-w-942","13":"pa_remote-control-yes","14":"pa_voltage-v-601","16":"first","17":"instock","18":"taxable","19":"shipping-taxable","20":"product-type-simple"},"acf":[],"_links":{"self":[{"href":"https:\/\/yotavis.ch\/pl\/wp-json\/wp\/v2\/product\/10998","targetHints":{"allow":["GET"]}}],"collection":[{"href":"https:\/\/yotavis.ch\/pl\/wp-json\/wp\/v2\/product"}],"about":[{"href":"https:\/\/yotavis.ch\/pl\/wp-json\/wp\/v2\/types\/product"}],"replies":[{"embeddable":true,"href":"https:\/\/yotavis.ch\/pl\/wp-json\/wp\/v2\/comments?post=10998"}],"wp:featuredmedia":[{"embeddable":true,"href":"https:\/\/yotavis.ch\/pl\/wp-json\/wp\/v2\/media\/11987"}],"wp:attachment":[{"href":"https:\/\/yotavis.ch\/pl\/wp-json\/wp\/v2\/media?parent=10998"}],"wp:term":[{"taxonomy":"product_brand","embeddable":true,"href":"https:\/\/yotavis.ch\/pl\/wp-json\/wp\/v2\/product_brand?post=10998"},{"taxonomy":"product_cat","embeddable":true,"href":"https:\/\/yotavis.ch\/pl\/wp-json\/wp\/v2\/product_cat?post=10998"},{"taxonomy":"product_tag","embeddable":true,"href":"https:\/\/yotavis.ch\/pl\/wp-json\/wp\/v2\/product_tag?post=10998"}],"curies":[{"name":"wp","href":"https:\/\/api.w.org\/{rel}","templated":true}]}}