{"id":10999,"date":"2025-10-09T00:00:00","date_gmt":"2025-10-08T22:00:00","guid":{"rendered":"https:\/\/yotavis.ch\/product\/it8206-350-30\/"},"modified":"2026-04-24T13:46:53","modified_gmt":"2026-04-24T11:46:53","slug":"it8206-350-30","status":"publish","type":"product","link":"https:\/\/yotavis.ch\/pl\/produkt\/it8206-350-30\/","title":{"rendered":"IT8206-350-30"},"content":{"rendered":"<p>ITECH IT8206-350-30 jest elektronicznym obci\u0105\u017ceniem regeneracyjnym AC\/DC zaprojektowanym do pracy przy napi\u0119ciu 350 V linia-neutralna z maksymalnym pr\u0105dem 30 amper\u00f3w. Zapewnia moc 6000 wat\u00f3w lub 6 kVA, odpowiedni\u0105 zar\u00f3wno do zastosowa\u0144 jednofazowych, jak i tr\u00f3jfazowych. Urz\u0105dzenie mie\u015bci si\u0119 w obudowie o rozmiarze 3U, dzi\u0119ki czemu jest kompaktowe dla r\u00f3\u017cnych \u015brodowisk instalacyjnych. Posiada pojedynczy kana\u0142 wyj\u015bciowy i obs\u0142uguje funkcj\u0119 zdalnego sterowania, umo\u017cliwiaj\u0105c elastyczn\u0105 obs\u0142ug\u0119 i integracj\u0119 ze zautomatyzowanymi systemami testowymi. Maksymalna cz\u0119stotliwo\u015b\u0107, jak\u0105 mo\u017ce obs\u0142u\u017cy\u0107, wynosi 150 Hz, co pozwala na dostosowanie do szeregu scenariuszy testowych. To elektroniczne obci\u0105\u017cenie zosta\u0142o zaprojektowane tak, aby zapewni\u0107 precyzyjne i niezawodne dzia\u0142anie w wymagaj\u0105cych testach elektrycznych.<\/p>","protected":false},"excerpt":{"rendered":"<p>350V L-N, 30Arms, 6kVA, regeneracyjne obci\u0105\u017cenie elektroniczne AC\/DC, 1\u03c6 lub 3\u03c6, rozmiar 3U<\/p>","protected":false},"featured_media":13849,"comment_status":"closed","ping_status":"closed","template":"","meta":{"_acf_changed":false,"slim_seo":{"title":"IT8206-350-30 - YOTAVIS AG","description":"350V L-N, 30Arms, 6kVA, regeneracyjne obci\u0105\u017cenie elektroniczne AC\/DC, 1\u03c6 lub 3\u03c6, rozmiar 3U"}},"product_brand":[822],"product_cat":[823,515],"product_tag":[],"class_list":{"0":"post-10999","1":"product","2":"type-product","3":"status-publish","4":"has-post-thumbnail","6":"product_brand-itech","7":"product_cat-ac-dc-load-en","8":"product_cat-power-en","9":"pa_current-a-404","10":"pa_max-frequency-hz-1041","11":"pa_output-number-146","12":"pa_power-w-626","13":"pa_remote-control-yes","14":"pa_voltage-v-601","16":"first","17":"instock","18":"taxable","19":"shipping-taxable","20":"product-type-simple"},"acf":[],"_links":{"self":[{"href":"https:\/\/yotavis.ch\/pl\/wp-json\/wp\/v2\/product\/10999","targetHints":{"allow":["GET"]}}],"collection":[{"href":"https:\/\/yotavis.ch\/pl\/wp-json\/wp\/v2\/product"}],"about":[{"href":"https:\/\/yotavis.ch\/pl\/wp-json\/wp\/v2\/types\/product"}],"replies":[{"embeddable":true,"href":"https:\/\/yotavis.ch\/pl\/wp-json\/wp\/v2\/comments?post=10999"}],"wp:featuredmedia":[{"embeddable":true,"href":"https:\/\/yotavis.ch\/pl\/wp-json\/wp\/v2\/media\/13849"}],"wp:attachment":[{"href":"https:\/\/yotavis.ch\/pl\/wp-json\/wp\/v2\/media?parent=10999"}],"wp:term":[{"taxonomy":"product_brand","embeddable":true,"href":"https:\/\/yotavis.ch\/pl\/wp-json\/wp\/v2\/product_brand?post=10999"},{"taxonomy":"product_cat","embeddable":true,"href":"https:\/\/yotavis.ch\/pl\/wp-json\/wp\/v2\/product_cat?post=10999"},{"taxonomy":"product_tag","embeddable":true,"href":"https:\/\/yotavis.ch\/pl\/wp-json\/wp\/v2\/product_tag?post=10999"}],"curies":[{"name":"wp","href":"https:\/\/api.w.org\/{rel}","templated":true}]}}