{"id":11006,"date":"2025-10-09T00:00:00","date_gmt":"2025-10-08T22:00:00","guid":{"rendered":"https:\/\/yotavis.ch\/product\/it9121h\/"},"modified":"2026-04-24T13:47:03","modified_gmt":"2026-04-24T11:47:03","slug":"it9121h","status":"publish","type":"product","link":"https:\/\/yotavis.ch\/pl\/produkt\/it9121h\/","title":{"rendered":"IT9121H"},"content":{"rendered":"<p>Miernik mocy ITECH IT9121H zosta\u0142 zaprojektowany do obs\u0142ugi napi\u0119\u0107 do 1000 Vrms i pr\u0105d\u00f3w do 20 Arms, dzi\u0119ki czemu nadaje si\u0119 do r\u00f3\u017cnych zastosowa\u0144 w pomiarach elektrycznych. Posiada obudow\u0119 typu half rack 2U, co pozwala na wygodn\u0105 integracj\u0119 ze standardowymi szafami sprz\u0119towymi. Urz\u0105dzenie zawiera jeden kana\u0142 wyj\u015bciowy i obs\u0142uguje funkcj\u0119 zdalnego sterowania, umo\u017cliwiaj\u0105c u\u017cytkownikom obs\u0142ug\u0119 na odleg\u0142o\u015b\u0107. Opcje \u0142\u0105czno\u015bci s\u0105 wszechstronne, ze standardowymi interfejsami USB, RS232 i LAN, a tak\u017ce portem USB na panelu przednim dla \u0142atwego dost\u0119pu. Interfejsy te u\u0142atwiaj\u0105 komunikacj\u0119 i przesy\u0142anie danych mi\u0119dzy miernikiem mocy a innymi urz\u0105dzeniami lub systemami. Po\u0142\u0105czenie wysokiego napi\u0119cia i pr\u0105du znamionowego z wieloma portami komunikacyjnymi sprawia, \u017ce IT9121H jest wszechstronnym narz\u0119dziem do zada\u0144 pomiaru mocy w r\u00f3\u017cnych \u015brodowiskach.<\/p>","protected":false},"excerpt":{"rendered":"<p>Miernik mocy 1000Vrms\/20Arms, 2U half rack; Standardowy port USB\/RS232\/LAN i port USB na panelu przednim<\/p>","protected":false},"featured_media":11992,"comment_status":"closed","ping_status":"closed","template":"","meta":{"_acf_changed":false,"slim_seo":{"title":"IT9121H - YOTAVIS AG","description":"Miernik mocy 1000Vrms\/20Arms, 2U half rack; Standardowy port USB\/RS232\/LAN i port USB na panelu przednim"}},"product_brand":[822],"product_cat":[518,545],"product_tag":[],"class_list":{"0":"post-11006","1":"product","2":"type-product","3":"status-publish","4":"has-post-thumbnail","6":"product_brand-itech","7":"product_cat-meters","8":"product_cat-power-meter-en","9":"pa_current-a-552","10":"pa_output-number-146","11":"pa_remote-control-yes","12":"pa_voltage-v-639","14":"first","15":"instock","16":"taxable","17":"shipping-taxable","18":"product-type-simple"},"acf":[],"_links":{"self":[{"href":"https:\/\/yotavis.ch\/pl\/wp-json\/wp\/v2\/product\/11006","targetHints":{"allow":["GET"]}}],"collection":[{"href":"https:\/\/yotavis.ch\/pl\/wp-json\/wp\/v2\/product"}],"about":[{"href":"https:\/\/yotavis.ch\/pl\/wp-json\/wp\/v2\/types\/product"}],"replies":[{"embeddable":true,"href":"https:\/\/yotavis.ch\/pl\/wp-json\/wp\/v2\/comments?post=11006"}],"wp:featuredmedia":[{"embeddable":true,"href":"https:\/\/yotavis.ch\/pl\/wp-json\/wp\/v2\/media\/11992"}],"wp:attachment":[{"href":"https:\/\/yotavis.ch\/pl\/wp-json\/wp\/v2\/media?parent=11006"}],"wp:term":[{"taxonomy":"product_brand","embeddable":true,"href":"https:\/\/yotavis.ch\/pl\/wp-json\/wp\/v2\/product_brand?post=11006"},{"taxonomy":"product_cat","embeddable":true,"href":"https:\/\/yotavis.ch\/pl\/wp-json\/wp\/v2\/product_cat?post=11006"},{"taxonomy":"product_tag","embeddable":true,"href":"https:\/\/yotavis.ch\/pl\/wp-json\/wp\/v2\/product_tag?post=11006"}],"curies":[{"name":"wp","href":"https:\/\/api.w.org\/{rel}","templated":true}]}}