{"id":11016,"date":"2025-10-09T00:00:00","date_gmt":"2025-10-08T22:00:00","guid":{"rendered":"https:\/\/yotavis.ch\/product\/fcs3000\/"},"modified":"2026-04-24T13:47:07","modified_gmt":"2026-04-24T11:47:07","slug":"fcs3000","status":"publish","type":"product","link":"https:\/\/yotavis.ch\/pl\/produkt\/fcs3000\/","title":{"rendered":"FCS3000"},"content":{"rendered":"<p>FCS3000 to oprogramowanie do symulacji akumulator\u00f3w paliwowych opracowane przez firm\u0119 ITECH. Zosta\u0142o zaprojektowane do symulacji zachowania i charakterystyki akumulator\u00f3w paliwowych, zapewniaj\u0105c platform\u0119 do testowania i analizy. Oprogramowanie to pozwala u\u017cytkownikom modelowa\u0107 r\u00f3\u017cne parametry i warunki zwi\u0105zane z akumulatorami paliwowymi, u\u0142atwiaj\u0105c badania i rozw\u00f3j technologii magazynowania energii. Jako narz\u0119dzie symulacyjne, wspiera ocen\u0119 wydajno\u015bci baterii bez konieczno\u015bci stosowania fizycznych prototyp\u00f3w. Oprogramowanie nadaje si\u0119 do zastosowa\u0144 wymagaj\u0105cych szczeg\u00f3\u0142owej analizy zachowania baterii i mo\u017ce by\u0107 zintegrowane z szerszymi systemami testowania. Stanowi cenne \u017ar\u00f3d\u0142o informacji dla in\u017cynier\u00f3w i badaczy pracuj\u0105cych nad technologiami ogniw paliwowych i systemami zarz\u0105dzania akumulatorami.<\/p>","protected":false},"excerpt":{"rendered":"<p>Oprogramowanie do symulacji akumulator\u00f3w paliwowych<\/p>","protected":false},"featured_media":12015,"comment_status":"closed","ping_status":"closed","template":"","meta":{"_acf_changed":false,"slim_seo":{"title":"FCS3000 - YOTAVIS AG","description":"Oprogramowanie do symulacji akumulator\u00f3w paliwowych"}},"product_brand":[822],"product_cat":[515,825],"product_tag":[],"class_list":{"0":"post-11016","1":"product","2":"type-product","3":"status-publish","4":"has-post-thumbnail","6":"product_brand-itech","7":"product_cat-power-en","8":"product_cat-software-power-en","10":"first","11":"instock","12":"taxable","13":"shipping-taxable","14":"product-type-simple"},"acf":[],"_links":{"self":[{"href":"https:\/\/yotavis.ch\/pl\/wp-json\/wp\/v2\/product\/11016","targetHints":{"allow":["GET"]}}],"collection":[{"href":"https:\/\/yotavis.ch\/pl\/wp-json\/wp\/v2\/product"}],"about":[{"href":"https:\/\/yotavis.ch\/pl\/wp-json\/wp\/v2\/types\/product"}],"replies":[{"embeddable":true,"href":"https:\/\/yotavis.ch\/pl\/wp-json\/wp\/v2\/comments?post=11016"}],"wp:featuredmedia":[{"embeddable":true,"href":"https:\/\/yotavis.ch\/pl\/wp-json\/wp\/v2\/media\/12015"}],"wp:attachment":[{"href":"https:\/\/yotavis.ch\/pl\/wp-json\/wp\/v2\/media?parent=11016"}],"wp:term":[{"taxonomy":"product_brand","embeddable":true,"href":"https:\/\/yotavis.ch\/pl\/wp-json\/wp\/v2\/product_brand?post=11016"},{"taxonomy":"product_cat","embeddable":true,"href":"https:\/\/yotavis.ch\/pl\/wp-json\/wp\/v2\/product_cat?post=11016"},{"taxonomy":"product_tag","embeddable":true,"href":"https:\/\/yotavis.ch\/pl\/wp-json\/wp\/v2\/product_tag?post=11016"}],"curies":[{"name":"wp","href":"https:\/\/api.w.org\/{rel}","templated":true}]}}