{"id":11038,"date":"2025-10-09T00:00:00","date_gmt":"2025-10-08T22:00:00","guid":{"rendered":"https:\/\/yotavis.ch\/product\/it-e31250-oo\/"},"modified":"2026-04-24T13:47:19","modified_gmt":"2026-04-24T11:47:19","slug":"it-e31250-oo","status":"publish","type":"product","link":"https:\/\/yotavis.ch\/pl\/produkt\/it-e31250-oo\/","title":{"rendered":"IT-E31250-OO"},"content":{"rendered":"<p>IT-E31250-OO firmy ITECH posiada dwa zaciski pier\u015bcieniowe, ka\u017cdy o d\u0142ugo\u015bci 5 metr\u00f3w, zaprojektowane do obs\u0142ugi maksymalnego pr\u0105du 120A. Te zaciski pier\u015bcieniowe s\u0105 odpowiednie do zastosowa\u0144 wymagaj\u0105cych bezpiecznych i niezawodnych po\u0142\u0105cze\u0144 elektrycznych. Produkt obs\u0142uguje maksymaln\u0105 izolacj\u0119 napi\u0119ciow\u0105 600V, zapewniaj\u0105c bezpiecze\u0144stwo i wydajno\u015b\u0107 w r\u00f3\u017cnych konfiguracjach elektrycznych. Konstrukcja koncentruje si\u0119 na trwa\u0142o\u015bci i skutecznej transmisji pr\u0105du, dzi\u0119ki czemu nadaje si\u0119 do stosowania w \u015brodowiskach, w kt\u00f3rych wymagana jest wysoka wydajno\u015b\u0107 pr\u0105dowa. W\u0142\u0105czenie dw\u00f3ch zacisk\u00f3w pier\u015bcieniowych pozwala na elastyczne opcje instalacji i lepsz\u0105 \u0142\u0105czno\u015b\u0107. Produkt ten zosta\u0142 zaprojektowany tak, aby spe\u0142nia\u0142 okre\u015blone wymagania elektryczne, zapewniaj\u0105c solidne rozwi\u0105zanie dla potrzeb przewodzenia pr\u0105du i izolacji napi\u0119cia.<\/p>","protected":false},"excerpt":{"rendered":"<p>120A\/5m*2szt Zaciski pier\u015bcieniowe-Zaciski pier\u015bcieniowe\uff0cmaks. izolacja napi\u0119ciowa wynosi 600V<\/p>","protected":false},"featured_media":12059,"comment_status":"closed","ping_status":"closed","template":"","meta":{"_acf_changed":false,"slim_seo":{"title":"IT-E31250-OO - YOTAVIS AG","description":"120A\/5m*2szt Zaciski pier\u015bcieniowe-Zaciski pier\u015bcieniowe\uff0cmaks. izolacja napi\u0119ciowa wynosi 600V"}},"product_brand":[822],"product_cat":[526,530],"product_tag":[],"class_list":{"0":"post-11038","1":"product","2":"type-product","3":"status-publish","4":"has-post-thumbnail","6":"product_brand-itech","7":"product_cat-accessories","8":"product_cat-cable","10":"first","11":"instock","12":"taxable","13":"shipping-taxable","14":"product-type-simple"},"acf":[],"_links":{"self":[{"href":"https:\/\/yotavis.ch\/pl\/wp-json\/wp\/v2\/product\/11038","targetHints":{"allow":["GET"]}}],"collection":[{"href":"https:\/\/yotavis.ch\/pl\/wp-json\/wp\/v2\/product"}],"about":[{"href":"https:\/\/yotavis.ch\/pl\/wp-json\/wp\/v2\/types\/product"}],"replies":[{"embeddable":true,"href":"https:\/\/yotavis.ch\/pl\/wp-json\/wp\/v2\/comments?post=11038"}],"wp:featuredmedia":[{"embeddable":true,"href":"https:\/\/yotavis.ch\/pl\/wp-json\/wp\/v2\/media\/12059"}],"wp:attachment":[{"href":"https:\/\/yotavis.ch\/pl\/wp-json\/wp\/v2\/media?parent=11038"}],"wp:term":[{"taxonomy":"product_brand","embeddable":true,"href":"https:\/\/yotavis.ch\/pl\/wp-json\/wp\/v2\/product_brand?post=11038"},{"taxonomy":"product_cat","embeddable":true,"href":"https:\/\/yotavis.ch\/pl\/wp-json\/wp\/v2\/product_cat?post=11038"},{"taxonomy":"product_tag","embeddable":true,"href":"https:\/\/yotavis.ch\/pl\/wp-json\/wp\/v2\/product_tag?post=11038"}],"curies":[{"name":"wp","href":"https:\/\/api.w.org\/{rel}","templated":true}]}}