{"id":11065,"date":"2025-10-09T00:00:00","date_gmt":"2025-10-08T22:00:00","guid":{"rendered":"https:\/\/yotavis.ch\/product\/it6721\/"},"modified":"2026-04-24T13:48:37","modified_gmt":"2026-04-24T11:48:37","slug":"it6721","status":"publish","type":"product","link":"https:\/\/yotavis.ch\/pl\/produkt\/it6721\/","title":{"rendered":"IT6721"},"content":{"rendered":"<p>ITECH IT6721 to zasilacz pr\u0105du sta\u0142ego o maksymalnym napi\u0119ciu wyj\u015bciowym 60 V i maksymalnym pr\u0105dzie 8 A. Zapewnia ca\u0142kowit\u0105 moc wyj\u015bciow\u0105 180 W przez pojedynczy kana\u0142 wyj\u015bciowy. Model ten nie obs\u0142uguje funkcji zdalnego sterowania. Urz\u0105dzenie zosta\u0142o zaprojektowane w celu zapewnienia stabilnej i regulowanej mocy DC w okre\u015blonych granicach napi\u0119cia i pr\u0105du. Nadaje si\u0119 do zastosowa\u0144 wymagaj\u0105cych precyzyjnej kontroli napi\u0119cia i pr\u0105du do podanych warto\u015bci maksymalnych. Pojedynczy numer wyj\u015bcia zasilacza upraszcza po\u0142\u0105czenia i u\u017cytkowanie w r\u00f3\u017cnych \u015brodowiskach testowych i rozwojowych.<\/p>","protected":false},"excerpt":{"rendered":"<p>ZASILACZ DC 0-60V\/0-8A\/180W<\/p>","protected":false},"featured_media":12113,"comment_status":"closed","ping_status":"closed","template":"","meta":{"_acf_changed":false,"slim_seo":{"title":"IT6721 - YOTAVIS AG","description":"ZASILACZ DC 0-60V\/0-8A\/180W"}},"product_brand":[822],"product_cat":[516,515],"product_tag":[],"class_list":{"0":"post-11065","1":"product","2":"type-product","3":"status-publish","4":"has-post-thumbnail","6":"product_brand-itech","7":"product_cat-dc-source-en","8":"product_cat-power-en","9":"pa_current-a-394","10":"pa_output-number-146","11":"pa_power-w-409","12":"pa_remote-control-no","13":"pa_voltage-v-314","15":"first","16":"instock","17":"taxable","18":"shipping-taxable","19":"product-type-simple"},"acf":[],"_links":{"self":[{"href":"https:\/\/yotavis.ch\/pl\/wp-json\/wp\/v2\/product\/11065","targetHints":{"allow":["GET"]}}],"collection":[{"href":"https:\/\/yotavis.ch\/pl\/wp-json\/wp\/v2\/product"}],"about":[{"href":"https:\/\/yotavis.ch\/pl\/wp-json\/wp\/v2\/types\/product"}],"replies":[{"embeddable":true,"href":"https:\/\/yotavis.ch\/pl\/wp-json\/wp\/v2\/comments?post=11065"}],"wp:featuredmedia":[{"embeddable":true,"href":"https:\/\/yotavis.ch\/pl\/wp-json\/wp\/v2\/media\/12113"}],"wp:attachment":[{"href":"https:\/\/yotavis.ch\/pl\/wp-json\/wp\/v2\/media?parent=11065"}],"wp:term":[{"taxonomy":"product_brand","embeddable":true,"href":"https:\/\/yotavis.ch\/pl\/wp-json\/wp\/v2\/product_brand?post=11065"},{"taxonomy":"product_cat","embeddable":true,"href":"https:\/\/yotavis.ch\/pl\/wp-json\/wp\/v2\/product_cat?post=11065"},{"taxonomy":"product_tag","embeddable":true,"href":"https:\/\/yotavis.ch\/pl\/wp-json\/wp\/v2\/product_tag?post=11065"}],"curies":[{"name":"wp","href":"https:\/\/api.w.org\/{rel}","templated":true}]}}