{"id":11066,"date":"2025-10-09T00:00:00","date_gmt":"2025-10-08T22:00:00","guid":{"rendered":"https:\/\/yotavis.ch\/product\/it6302\/"},"modified":"2026-04-24T13:48:38","modified_gmt":"2026-04-24T11:48:38","slug":"it6302","status":"publish","type":"product","link":"https:\/\/yotavis.ch\/pl\/produkt\/it6302\/","title":{"rendered":"IT6302"},"content":{"rendered":"<p>ITECH IT6302 to \u017ar\u00f3d\u0142o pr\u0105du sta\u0142ego przeznaczone do zastosowa\u0144 zwi\u0105zanych z zasilaniem. Charakteryzuje si\u0119 moc\u0105 wyj\u015bciow\u0105 195 W, dzia\u0142a przy napi\u0119ciu do 30 V i pr\u0105dzie 3 amper\u00f3w. Urz\u0105dzenie posiada trzy niezale\u017cne wyj\u015bcia, co pozwala na wszechstronne testowanie i konfiguracje zasilania. Idealny do \u015brodowisk laboratoryjnych i przemys\u0142owych, obs\u0142uguje szereg scenariuszy testowych wymagaj\u0105cych stabilnego zasilania pr\u0105dem sta\u0142ym. Jego zaawansowane funkcje zapewniaj\u0105 precyzyjn\u0105 kontrol\u0119 napi\u0119cia i pr\u0105du, zapewniaj\u0105c niezawodne dzia\u0142anie.<\/p>","protected":false},"excerpt":{"rendered":"<p>Zasilacz DC Potr\u00f3jne wyj\u015bcie 30V\/3A\/90W*2CH; 5V\/3A\/15W*1CH, opcjonalnie RS232\/USB<\/p>","protected":false},"featured_media":12120,"comment_status":"closed","ping_status":"closed","template":"","meta":{"_acf_changed":false,"slim_seo":{"title":"IT6302 - YOTAVIS AG","description":"Zasilacz DC Potr\u00f3jne wyj\u015bcie 30V\/3A\/90W*2CH; 5V\/3A\/15W*1CH, opcjonalnie RS232\/USB"}},"product_brand":[822],"product_cat":[516,515],"product_tag":[],"class_list":{"0":"post-11066","1":"product","2":"type-product","3":"status-publish","4":"has-post-thumbnail","6":"product_brand-itech","7":"product_cat-dc-source-en","8":"product_cat-power-en","9":"pa_current-a-485","10":"pa_output-number-141","11":"pa_power-w-956","12":"pa_voltage-v-145","14":"first","15":"instock","16":"taxable","17":"shipping-taxable","18":"product-type-simple"},"acf":[],"_links":{"self":[{"href":"https:\/\/yotavis.ch\/pl\/wp-json\/wp\/v2\/product\/11066","targetHints":{"allow":["GET"]}}],"collection":[{"href":"https:\/\/yotavis.ch\/pl\/wp-json\/wp\/v2\/product"}],"about":[{"href":"https:\/\/yotavis.ch\/pl\/wp-json\/wp\/v2\/types\/product"}],"replies":[{"embeddable":true,"href":"https:\/\/yotavis.ch\/pl\/wp-json\/wp\/v2\/comments?post=11066"}],"wp:featuredmedia":[{"embeddable":true,"href":"https:\/\/yotavis.ch\/pl\/wp-json\/wp\/v2\/media\/12120"}],"wp:attachment":[{"href":"https:\/\/yotavis.ch\/pl\/wp-json\/wp\/v2\/media?parent=11066"}],"wp:term":[{"taxonomy":"product_brand","embeddable":true,"href":"https:\/\/yotavis.ch\/pl\/wp-json\/wp\/v2\/product_brand?post=11066"},{"taxonomy":"product_cat","embeddable":true,"href":"https:\/\/yotavis.ch\/pl\/wp-json\/wp\/v2\/product_cat?post=11066"},{"taxonomy":"product_tag","embeddable":true,"href":"https:\/\/yotavis.ch\/pl\/wp-json\/wp\/v2\/product_tag?post=11066"}],"curies":[{"name":"wp","href":"https:\/\/api.w.org\/{rel}","templated":true}]}}