{"id":11087,"date":"2025-10-09T00:00:00","date_gmt":"2025-10-08T22:00:00","guid":{"rendered":"https:\/\/yotavis.ch\/product\/it6122bg\/"},"modified":"2026-04-24T13:48:49","modified_gmt":"2026-04-24T11:48:49","slug":"it6122bg","status":"publish","type":"product","link":"https:\/\/yotavis.ch\/pl\/produkt\/it6122bg\/","title":{"rendered":"IT6122B(G)"},"content":{"rendered":"<p>IT6122B(G) to zasilacz pr\u0105du sta\u0142ego o maksymalnym napi\u0119ciu wyj\u015bciowym 32 V i wydajno\u015bci pr\u0105dowej 3 A, zapewniaj\u0105cy \u0142\u0105czn\u0105 moc wyj\u015bciow\u0105 96 W. Posiada pojedynczy kana\u0142 wyj\u015bciowy, pozwalaj\u0105cy na proste dostarczanie mocy do pod\u0142\u0105czonych urz\u0105dze\u0144. Model ten obs\u0142uguje funkcj\u0119 zdalnego sterowania, umo\u017cliwiaj\u0105c u\u017cytkownikom obs\u0142ug\u0119 zasilacza na odleg\u0142o\u015b\u0107 dla wygody i elastyczno\u015bci. Urz\u0105dzenie jest wyposa\u017cone w interfejs GPIB, kt\u00f3ry u\u0142atwia komunikacj\u0119 i sterowanie za pomoc\u0105 standardowych protoko\u0142\u00f3w oprzyrz\u0105dowania. Zaprojektowany przez ITECH, IT6122B(G) \u0142\u0105czy w sobie podstawowe specyfikacje elektryczne z mo\u017cliwo\u015bciami interfejsu, aby spe\u0142ni\u0107 r\u00f3\u017cne wymagania testowe i operacyjne. Jego konfiguracja obs\u0142uguje precyzyjne ustawienia napi\u0119cia i pr\u0105du w okre\u015blonych granicach, dzi\u0119ki czemu nadaje si\u0119 do zastosowa\u0144 wymagaj\u0105cych kontrolowanego zasilania pr\u0105dem sta\u0142ym. W\u0142\u0105czenie zdalnego sterowania i interfejsu GPIB zwi\u0119ksza jego u\u017cyteczno\u015b\u0107 w zautomatyzowanych \u015brodowiskach testowych.<\/p>","protected":false},"excerpt":{"rendered":"<p>Zasilacz DC 32V\/3A\/96W z interfejsem GPIB<\/p>","protected":false},"featured_media":11544,"comment_status":"closed","ping_status":"closed","template":"","meta":{"_acf_changed":false,"slim_seo":{"title":"IT6122B(G) - YOTAVIS AG","description":"Zasilacz DC 32V\/3A\/96W z interfejsem GPIB"}},"product_brand":[822],"product_cat":[516,515],"product_tag":[],"class_list":{"0":"post-11087","1":"product","2":"type-product","3":"status-publish","4":"has-post-thumbnail","6":"product_brand-itech","7":"product_cat-dc-source-en","8":"product_cat-power-en","9":"pa_current-a-485","10":"pa_output-number-146","11":"pa_power-w-968","12":"pa_remote-control-yes","13":"pa_voltage-v-140","15":"first","16":"instock","17":"taxable","18":"shipping-taxable","19":"product-type-simple"},"acf":[],"_links":{"self":[{"href":"https:\/\/yotavis.ch\/pl\/wp-json\/wp\/v2\/product\/11087","targetHints":{"allow":["GET"]}}],"collection":[{"href":"https:\/\/yotavis.ch\/pl\/wp-json\/wp\/v2\/product"}],"about":[{"href":"https:\/\/yotavis.ch\/pl\/wp-json\/wp\/v2\/types\/product"}],"replies":[{"embeddable":true,"href":"https:\/\/yotavis.ch\/pl\/wp-json\/wp\/v2\/comments?post=11087"}],"wp:featuredmedia":[{"embeddable":true,"href":"https:\/\/yotavis.ch\/pl\/wp-json\/wp\/v2\/media\/11544"}],"wp:attachment":[{"href":"https:\/\/yotavis.ch\/pl\/wp-json\/wp\/v2\/media?parent=11087"}],"wp:term":[{"taxonomy":"product_brand","embeddable":true,"href":"https:\/\/yotavis.ch\/pl\/wp-json\/wp\/v2\/product_brand?post=11087"},{"taxonomy":"product_cat","embeddable":true,"href":"https:\/\/yotavis.ch\/pl\/wp-json\/wp\/v2\/product_cat?post=11087"},{"taxonomy":"product_tag","embeddable":true,"href":"https:\/\/yotavis.ch\/pl\/wp-json\/wp\/v2\/product_tag?post=11087"}],"curies":[{"name":"wp","href":"https:\/\/api.w.org\/{rel}","templated":true}]}}