{"id":11089,"date":"2025-10-09T00:00:00","date_gmt":"2025-10-08T22:00:00","guid":{"rendered":"https:\/\/yotavis.ch\/product\/it6132bg\/"},"modified":"2026-04-24T13:48:50","modified_gmt":"2026-04-24T11:48:50","slug":"it6132bg","status":"publish","type":"product","link":"https:\/\/yotavis.ch\/pl\/produkt\/it6132bg\/","title":{"rendered":"IT6132B(G)"},"content":{"rendered":"<p>ITECH IT6132B(G) to zasilacz pr\u0105du sta\u0142ego zaprojektowany do dostarczania maksymalnego napi\u0119cia wyj\u015bciowego 30 V i 5 A, zapewniaj\u0105c ca\u0142kowit\u0105 moc 150 W. Posiada pojedynczy kana\u0142 wyj\u015bciowy, co pozwala na prost\u0105 obs\u0142ug\u0119 i integracj\u0119 z r\u00f3\u017cnymi konfiguracjami. Model ten obs\u0142uguje funkcj\u0119 zdalnego sterowania, umo\u017cliwiaj\u0105c u\u017cytkownikom zarz\u0105dzanie zasilaczem na odleg\u0142o\u015b\u0107 w celu zwi\u0119kszenia wygody i elastyczno\u015bci. Dodatkowo, IT6132B(G) jest wyposa\u017cony w interfejs GPIB, u\u0142atwiaj\u0105cy komunikacj\u0119 i sterowanie za po\u015brednictwem kompatybilnych przyrz\u0105d\u00f3w i system\u00f3w. Zasilacz zosta\u0142 zaprojektowany tak, aby sprosta\u0107 wymaganiom aplikacji wymagaj\u0105cych stabilnego i precyzyjnego zasilania pr\u0105dem sta\u0142ym. Jego specyfikacje sprawiaj\u0105, \u017ce nadaje si\u0119 do u\u017cytku w testowaniu, rozwoju i innych \u015brodowiskach technicznych, w kt\u00f3rych niezb\u0119dna jest niezawodna moc wyj\u015bciowa. Po\u0142\u0105czenie warto\u015bci znamionowych napi\u0119cia, pr\u0105du i mocy zapewnia, \u017ce mo\u017ce on obs\u0142ugiwa\u0107 szereg zada\u0144 w ramach swoich limit\u00f3w operacyjnych.<\/p>","protected":false},"excerpt":{"rendered":"<p>DC PSU  30V\/5A\/150W with GPIB interface<\/p>","protected":false},"featured_media":11544,"comment_status":"closed","ping_status":"closed","template":"","meta":{"_acf_changed":false,"slim_seo":{"title":"IT6132B(G) - YOTAVIS AG","description":"Zasilacz DC 30V\/5A\/150W z interfejsem GPIB"}},"product_brand":[822],"product_cat":[516,515],"product_tag":[],"class_list":{"0":"post-11089","1":"product","2":"type-product","3":"status-publish","4":"has-post-thumbnail","6":"product_brand-itech","7":"product_cat-dc-source-en","8":"product_cat-power-en","9":"pa_current-a-392","10":"pa_output-number-146","11":"pa_power-w-391","12":"pa_remote-control-yes","13":"pa_voltage-v-145","15":"first","16":"instock","17":"taxable","18":"shipping-taxable","19":"product-type-simple"},"acf":[],"_links":{"self":[{"href":"https:\/\/yotavis.ch\/pl\/wp-json\/wp\/v2\/product\/11089","targetHints":{"allow":["GET"]}}],"collection":[{"href":"https:\/\/yotavis.ch\/pl\/wp-json\/wp\/v2\/product"}],"about":[{"href":"https:\/\/yotavis.ch\/pl\/wp-json\/wp\/v2\/types\/product"}],"replies":[{"embeddable":true,"href":"https:\/\/yotavis.ch\/pl\/wp-json\/wp\/v2\/comments?post=11089"}],"wp:featuredmedia":[{"embeddable":true,"href":"https:\/\/yotavis.ch\/pl\/wp-json\/wp\/v2\/media\/11544"}],"wp:attachment":[{"href":"https:\/\/yotavis.ch\/pl\/wp-json\/wp\/v2\/media?parent=11089"}],"wp:term":[{"taxonomy":"product_brand","embeddable":true,"href":"https:\/\/yotavis.ch\/pl\/wp-json\/wp\/v2\/product_brand?post=11089"},{"taxonomy":"product_cat","embeddable":true,"href":"https:\/\/yotavis.ch\/pl\/wp-json\/wp\/v2\/product_cat?post=11089"},{"taxonomy":"product_tag","embeddable":true,"href":"https:\/\/yotavis.ch\/pl\/wp-json\/wp\/v2\/product_tag?post=11089"}],"curies":[{"name":"wp","href":"https:\/\/api.w.org\/{rel}","templated":true}]}}