{"id":11092,"date":"2025-10-09T00:00:00","date_gmt":"2025-10-08T22:00:00","guid":{"rendered":"https:\/\/yotavis.ch\/product\/it6932a\/"},"modified":"2026-04-24T13:48:51","modified_gmt":"2026-04-24T11:48:51","slug":"it6932a","status":"publish","type":"product","link":"https:\/\/yotavis.ch\/pl\/produkt\/it6932a\/","title":{"rendered":"IT6932A"},"content":{"rendered":"<p>IT6932A to zasilacz pr\u0105du sta\u0142ego o maksymalnym napi\u0119ciu wyj\u015bciowym 60 V i wydajno\u015bci pr\u0105dowej 10 A, zapewniaj\u0105cy ca\u0142kowit\u0105 moc wyj\u015bciow\u0105 200 W. Charakteryzuje si\u0119 konstrukcj\u0105 typu half-rack 2U, dzi\u0119ki czemu nadaje si\u0119 do integracji w standardowych szafach sprz\u0119towych. Model ten zawiera pojedynczy kana\u0142 wyj\u015bciowy, pozwalaj\u0105cy na proste dostarczanie mocy do pod\u0142\u0105czonych urz\u0105dze\u0144. Urz\u0105dzenie obs\u0142uguje funkcj\u0119 zdalnego sterowania, umo\u017cliwiaj\u0105c obs\u0142ug\u0119 i monitorowanie na odleg\u0142o\u015b\u0107. W celu zapewnienia \u0142\u0105czno\u015bci, urz\u0105dzenie wyposa\u017cono w standardowe interfejsy RS232 i USB, u\u0142atwiaj\u0105ce komunikacj\u0119 z r\u00f3\u017cnymi systemami sterowania i komputerami. Konstrukcja i specyfikacje IT6932A sprawiaj\u0105, \u017ce jest to wszechstronna opcja zasilania dla aplikacji wymagaj\u0105cych precyzyjnego zarz\u0105dzania zasilaniem DC.<\/p>","protected":false},"excerpt":{"rendered":"<p>Zasilacz DC 60V \/ 10A \/ 200W, 2U half-rack, standardowy interfejs RS232\/USB<\/p>","protected":false},"featured_media":11577,"comment_status":"closed","ping_status":"closed","template":"","meta":{"_acf_changed":false,"slim_seo":{"title":"IT6932A - YOTAVIS AG","description":"Zasilacz DC 60V \/ 10A \/ 200W, 2U half-rack, standardowy interfejs RS232\/USB"}},"product_brand":[822],"product_cat":[516,515],"product_tag":[],"class_list":{"0":"post-11092","1":"product","2":"type-product","3":"status-publish","4":"has-post-thumbnail","6":"product_brand-itech","7":"product_cat-dc-source-en","8":"product_cat-power-en","9":"pa_current-a-397","10":"pa_output-number-146","11":"pa_power-w-414","12":"pa_remote-control-yes","13":"pa_voltage-v-314","15":"first","16":"instock","17":"taxable","18":"shipping-taxable","19":"product-type-simple"},"acf":[],"_links":{"self":[{"href":"https:\/\/yotavis.ch\/pl\/wp-json\/wp\/v2\/product\/11092","targetHints":{"allow":["GET"]}}],"collection":[{"href":"https:\/\/yotavis.ch\/pl\/wp-json\/wp\/v2\/product"}],"about":[{"href":"https:\/\/yotavis.ch\/pl\/wp-json\/wp\/v2\/types\/product"}],"replies":[{"embeddable":true,"href":"https:\/\/yotavis.ch\/pl\/wp-json\/wp\/v2\/comments?post=11092"}],"wp:featuredmedia":[{"embeddable":true,"href":"https:\/\/yotavis.ch\/pl\/wp-json\/wp\/v2\/media\/11577"}],"wp:attachment":[{"href":"https:\/\/yotavis.ch\/pl\/wp-json\/wp\/v2\/media?parent=11092"}],"wp:term":[{"taxonomy":"product_brand","embeddable":true,"href":"https:\/\/yotavis.ch\/pl\/wp-json\/wp\/v2\/product_brand?post=11092"},{"taxonomy":"product_cat","embeddable":true,"href":"https:\/\/yotavis.ch\/pl\/wp-json\/wp\/v2\/product_cat?post=11092"},{"taxonomy":"product_tag","embeddable":true,"href":"https:\/\/yotavis.ch\/pl\/wp-json\/wp\/v2\/product_tag?post=11092"}],"curies":[{"name":"wp","href":"https:\/\/api.w.org\/{rel}","templated":true}]}}