{"id":11100,"date":"2025-10-09T00:00:00","date_gmt":"2025-10-08T22:00:00","guid":{"rendered":"https:\/\/yotavis.ch\/product\/it6942ag\/"},"modified":"2026-04-24T13:48:54","modified_gmt":"2026-04-24T11:48:54","slug":"it6942ag","status":"publish","type":"product","link":"https:\/\/yotavis.ch\/pl\/produkt\/it6942ag\/","title":{"rendered":"IT6942A(G)"},"content":{"rendered":"<p>IT6942A(G) to zasilacz pr\u0105du sta\u0142ego o napi\u0119ciu do 60 V i nat\u0119\u017ceniu do 15 A, o maksymalnej mocy wyj\u015bciowej 360 W. Posiada pojedynczy kana\u0142 wyj\u015bciowy, pozwalaj\u0105cy na skoncentrowane i kontrolowane dostarczanie mocy. Model ten posiada interfejs GPIB, umo\u017cliwiaj\u0105cy zdalne sterowanie w celu integracji ze zautomatyzowanymi systemami testowymi lub konfiguracjami zdalnej obs\u0142ugi. Urz\u0105dzenie obs\u0142uguje zdalne sterowanie, zwi\u0119kszaj\u0105c jego u\u017cyteczno\u015b\u0107 w r\u00f3\u017cnych \u015brodowiskach testowych i programistycznych. Jego konstrukcja jest dostosowana do zapewnienia stabilnego i niezawodnego zasilania pr\u0105dem sta\u0142ym, odpowiedniego do zastosowa\u0144 wymagaj\u0105cych precyzyjnych ustawie\u0144 napi\u0119cia i pr\u0105du. Po\u0142\u0105czenie specyfikacji napi\u0119cia, pr\u0105du i mocy sprawia, \u017ce urz\u0105dzenie jest wszechstronne w wielu scenariuszach testowania elektroniki. W\u0142\u0105czenie interfejsu GPIB u\u0142atwia komunikacj\u0119 z innymi przyrz\u0105dami i komputerami, usprawniaj\u0105c przep\u0142yw pracy i zarz\u0105dzanie danymi.<\/p>","protected":false},"excerpt":{"rendered":"<p>Zasilacz DC 60V \/ 15A \/360W z interfejsem GPIB<\/p>","protected":false},"featured_media":11577,"comment_status":"closed","ping_status":"closed","template":"","meta":{"_acf_changed":false,"slim_seo":{"title":"IT6942A(G) - YOTAVIS AG","description":"Zasilacz DC 60V \/ 15A \/360W z interfejsem GPIB"}},"product_brand":[822],"product_cat":[516,515],"product_tag":[],"class_list":{"0":"post-11100","1":"product","2":"type-product","3":"status-publish","4":"has-post-thumbnail","6":"product_brand-itech","7":"product_cat-dc-source-en","8":"product_cat-power-en","9":"pa_current-a-410","10":"pa_output-number-146","11":"pa_power-w-403","12":"pa_remote-control-yes","13":"pa_voltage-v-314","15":"first","16":"instock","17":"taxable","18":"shipping-taxable","19":"product-type-simple"},"acf":[],"_links":{"self":[{"href":"https:\/\/yotavis.ch\/pl\/wp-json\/wp\/v2\/product\/11100","targetHints":{"allow":["GET"]}}],"collection":[{"href":"https:\/\/yotavis.ch\/pl\/wp-json\/wp\/v2\/product"}],"about":[{"href":"https:\/\/yotavis.ch\/pl\/wp-json\/wp\/v2\/types\/product"}],"replies":[{"embeddable":true,"href":"https:\/\/yotavis.ch\/pl\/wp-json\/wp\/v2\/comments?post=11100"}],"wp:featuredmedia":[{"embeddable":true,"href":"https:\/\/yotavis.ch\/pl\/wp-json\/wp\/v2\/media\/11577"}],"wp:attachment":[{"href":"https:\/\/yotavis.ch\/pl\/wp-json\/wp\/v2\/media?parent=11100"}],"wp:term":[{"taxonomy":"product_brand","embeddable":true,"href":"https:\/\/yotavis.ch\/pl\/wp-json\/wp\/v2\/product_brand?post=11100"},{"taxonomy":"product_cat","embeddable":true,"href":"https:\/\/yotavis.ch\/pl\/wp-json\/wp\/v2\/product_cat?post=11100"},{"taxonomy":"product_tag","embeddable":true,"href":"https:\/\/yotavis.ch\/pl\/wp-json\/wp\/v2\/product_tag?post=11100"}],"curies":[{"name":"wp","href":"https:\/\/api.w.org\/{rel}","templated":true}]}}