{"id":11104,"date":"2025-10-09T00:00:00","date_gmt":"2025-10-08T22:00:00","guid":{"rendered":"https:\/\/yotavis.ch\/product\/it-m7721l\/"},"modified":"2026-04-24T13:48:57","modified_gmt":"2026-04-24T11:48:57","slug":"it-m7721l","status":"publish","type":"product","link":"https:\/\/yotavis.ch\/pl\/produkt\/it-m7721l\/","title":{"rendered":"IT-M7721L"},"content":{"rendered":"<p>IT-M7721L to zasilacz AC\/DC o mocy znamionowej 300 W, zdolny do dostarczania pr\u0105du o nat\u0119\u017ceniu do 3 amper\u00f3w przy napi\u0119ciu 300 wolt\u00f3w. Posiada pojedynczy kana\u0142 wyj\u015bciowy i obs\u0142uguje funkcj\u0119 zdalnego sterowania, umo\u017cliwiaj\u0105c wygodn\u0105 obs\u0142ug\u0119 na odleg\u0142o\u015b\u0107. Urz\u0105dzenie zosta\u0142o zaprojektowane tak, aby zmie\u015bci\u0107 si\u0119 w po\u0142owie szafy rack 1U, dzi\u0119ki czemu nadaje si\u0119 do integracji ze standardowymi szafami sprz\u0119towymi. Pracuje z maksymaln\u0105 cz\u0119stotliwo\u015bci\u0105 100 Hz, zapewniaj\u0105c kompatybilno\u015b\u0107 z r\u00f3\u017cnymi aplikacjami wymagaj\u0105cymi stabilnego zasilania. Wyprodukowany przez ITECH zasilacz \u0142\u0105czy w sobie podstawowe specyfikacje elektryczne z kompaktow\u0105 obudow\u0105. Jego konstrukcja obs\u0142uguje zar\u00f3wno wyj\u015bcia zasilania AC, jak i DC, zapewniaj\u0105c wszechstronno\u015b\u0107 dla r\u00f3\u017cnych potrzeb testowych i operacyjnych. W\u0142\u0105czenie zdalnego sterowania zwi\u0119ksza jego u\u017cyteczno\u015b\u0107 w zautomatyzowanych lub kontrolowanych \u015brodowiskach.<\/p>","protected":false},"excerpt":{"rendered":"<p>Zasilacz AC\/DC 300V\/3A\/300VA; p\u00f3\u0142 stela\u017ca 1U<\/p>","protected":false},"featured_media":11965,"comment_status":"closed","ping_status":"closed","template":"","meta":{"_acf_changed":false,"slim_seo":{"title":"IT-M7721L - YOTAVIS AG","description":"Zasilacz AC\/DC 300V\/3A\/300VA; p\u00f3\u0142 stela\u017ca 1U"}},"product_brand":[822],"product_cat":[625,515],"product_tag":[],"class_list":{"0":"post-11104","1":"product","2":"type-product","3":"status-publish","4":"has-post-thumbnail","6":"product_brand-itech","7":"product_cat-ac-dc-source-en","8":"product_cat-power-en","9":"pa_current-a-485","10":"pa_max-frequency-hz-1043","11":"pa_output-number-146","12":"pa_power-w-416","13":"pa_remote-control-yes","14":"pa_voltage-v-624","16":"first","17":"instock","18":"taxable","19":"shipping-taxable","20":"product-type-simple"},"acf":[],"_links":{"self":[{"href":"https:\/\/yotavis.ch\/pl\/wp-json\/wp\/v2\/product\/11104","targetHints":{"allow":["GET"]}}],"collection":[{"href":"https:\/\/yotavis.ch\/pl\/wp-json\/wp\/v2\/product"}],"about":[{"href":"https:\/\/yotavis.ch\/pl\/wp-json\/wp\/v2\/types\/product"}],"replies":[{"embeddable":true,"href":"https:\/\/yotavis.ch\/pl\/wp-json\/wp\/v2\/comments?post=11104"}],"wp:featuredmedia":[{"embeddable":true,"href":"https:\/\/yotavis.ch\/pl\/wp-json\/wp\/v2\/media\/11965"}],"wp:attachment":[{"href":"https:\/\/yotavis.ch\/pl\/wp-json\/wp\/v2\/media?parent=11104"}],"wp:term":[{"taxonomy":"product_brand","embeddable":true,"href":"https:\/\/yotavis.ch\/pl\/wp-json\/wp\/v2\/product_brand?post=11104"},{"taxonomy":"product_cat","embeddable":true,"href":"https:\/\/yotavis.ch\/pl\/wp-json\/wp\/v2\/product_cat?post=11104"},{"taxonomy":"product_tag","embeddable":true,"href":"https:\/\/yotavis.ch\/pl\/wp-json\/wp\/v2\/product_tag?post=11104"}],"curies":[{"name":"wp","href":"https:\/\/api.w.org\/{rel}","templated":true}]}}