{"id":11105,"date":"2025-10-09T00:00:00","date_gmt":"2025-10-08T22:00:00","guid":{"rendered":"https:\/\/yotavis.ch\/product\/it-m7722l\/"},"modified":"2026-04-24T13:48:57","modified_gmt":"2026-04-24T11:48:57","slug":"it-m7722l","status":"publish","type":"product","link":"https:\/\/yotavis.ch\/pl\/produkt\/it-m7722l\/","title":{"rendered":"IT-M7722L"},"content":{"rendered":"<p>IT-M7722L firmy ITECH to zasilacz AC\/DC zaprojektowany do dostarczania maksymalnej mocy wyj\u015bciowej 600 wat\u00f3w. Pracuje przy napi\u0119ciu 300 V i pr\u0105dzie 6 A, dzi\u0119ki czemu nadaje si\u0119 do r\u00f3\u017cnych zastosowa\u0144 wymagaj\u0105cych stabilnego dostarczania mocy. Model ten ma obudow\u0119 typu half rack 1U, co pozwala na efektywne wykorzystanie przestrzeni w szafach sprz\u0119towych. Zawiera pojedynczy kana\u0142 wyj\u015bciowy, zapewniaj\u0105c proste rozwi\u0105zanie zasilania. Urz\u0105dzenie obs\u0142uguje funkcj\u0119 zdalnego sterowania, umo\u017cliwiaj\u0105c u\u017cytkownikom obs\u0142ug\u0119 na odleg\u0142o\u015b\u0107 dla wygody i elastyczno\u015bci. Ponadto IT-M7722L mo\u017ce obs\u0142ugiwa\u0107 cz\u0119stotliwo\u015bci do 100 Hz, dostosowuj\u0105c si\u0119 do szeregu potrzeb testowych i operacyjnych. Jego konstrukcja i specyfikacje sprawiaj\u0105, \u017ce jest to praktyczny wyb\u00f3r dla \u015brodowisk, w kt\u00f3rych niezb\u0119dne jest precyzyjne i niezawodne zasilanie.<\/p>","protected":false},"excerpt":{"rendered":"<p>Zasilacz AC\/DC 300V\/6A\/600VA; p\u00f3\u0142 stela\u017ca 1U<\/p>","protected":false},"featured_media":11965,"comment_status":"closed","ping_status":"closed","template":"","meta":{"_acf_changed":false,"slim_seo":{"title":"IT-M7722L - YOTAVIS AG","description":"Zasilacz AC\/DC 300V\/6A\/600VA; p\u00f3\u0142 stela\u017ca 1U"}},"product_brand":[822],"product_cat":[625,515],"product_tag":[],"class_list":{"0":"post-11105","1":"product","2":"type-product","3":"status-publish","4":"has-post-thumbnail","6":"product_brand-itech","7":"product_cat-ac-dc-source-en","8":"product_cat-power-en","9":"pa_current-a-399","10":"pa_max-frequency-hz-1043","11":"pa_output-number-146","12":"pa_power-w-582","13":"pa_remote-control-yes","14":"pa_voltage-v-624","16":"first","17":"instock","18":"taxable","19":"shipping-taxable","20":"product-type-simple"},"acf":[],"_links":{"self":[{"href":"https:\/\/yotavis.ch\/pl\/wp-json\/wp\/v2\/product\/11105","targetHints":{"allow":["GET"]}}],"collection":[{"href":"https:\/\/yotavis.ch\/pl\/wp-json\/wp\/v2\/product"}],"about":[{"href":"https:\/\/yotavis.ch\/pl\/wp-json\/wp\/v2\/types\/product"}],"replies":[{"embeddable":true,"href":"https:\/\/yotavis.ch\/pl\/wp-json\/wp\/v2\/comments?post=11105"}],"wp:featuredmedia":[{"embeddable":true,"href":"https:\/\/yotavis.ch\/pl\/wp-json\/wp\/v2\/media\/11965"}],"wp:attachment":[{"href":"https:\/\/yotavis.ch\/pl\/wp-json\/wp\/v2\/media?parent=11105"}],"wp:term":[{"taxonomy":"product_brand","embeddable":true,"href":"https:\/\/yotavis.ch\/pl\/wp-json\/wp\/v2\/product_brand?post=11105"},{"taxonomy":"product_cat","embeddable":true,"href":"https:\/\/yotavis.ch\/pl\/wp-json\/wp\/v2\/product_cat?post=11105"},{"taxonomy":"product_tag","embeddable":true,"href":"https:\/\/yotavis.ch\/pl\/wp-json\/wp\/v2\/product_tag?post=11105"}],"curies":[{"name":"wp","href":"https:\/\/api.w.org\/{rel}","templated":true}]}}