{"id":12552,"date":"2025-10-09T00:00:00","date_gmt":"2025-10-08T22:00:00","guid":{"rendered":"https:\/\/yotavis.ch\/product\/splicer-t-72c-kit\/"},"modified":"2026-04-24T13:49:49","modified_gmt":"2026-04-24T11:49:49","slug":"splicer-t-72c-kit","status":"publish","type":"product","link":"https:\/\/yotavis.ch\/pl\/produkt\/splicer-t-72c-kit\/","title":{"rendered":"Splicer\/T-72C+-KIT"},"content":{"rendered":"<p>Splicer\/T-72C+-KIT firmy Sumitomo to programowany przez sztuczn\u0105 inteligencj\u0119 splicer High Definition Core Aligning przeznaczony do precyzyjnego \u0142\u0105czenia \u015bwiat\u0142owod\u00f3w. Urz\u0105dzenie to wykorzystuje zaawansowan\u0105 technologi\u0119 wyr\u00f3wnywania rdzenia, aby zapewni\u0107 dok\u0142adne i niezawodne po\u0142\u0105czenia \u015bwiat\u0142owodowe. Programowanie AI usprawnia proces \u0142\u0105czenia poprzez automatyczn\u0105 optymalizacj\u0119 parametr\u00f3w wyr\u00f3wnywania i \u0142\u0105czenia. Funkcja wyr\u00f3wnywania rdzenia w wysokiej rozdzielczo\u015bci umo\u017cliwia szczeg\u00f3\u0142ow\u0105 wizualizacj\u0119 i precyzyjn\u0105 regulacj\u0119 podczas \u0142\u0105czenia. Spawarka ta nadaje si\u0119 do r\u00f3\u017cnych zastosowa\u0144 \u015bwiat\u0142owodowych, w kt\u00f3rych dok\u0142adno\u015b\u0107 i wydajno\u015b\u0107 maj\u0105 kluczowe znaczenie. Format zestawu sugeruje, \u017ce zawiera on niezb\u0119dne akcesoria do natychmiastowego u\u017cycia. Do\u015bwiadczenie Sumitomo w technologii \u015bwiat\u0142owodowej znajduje odzwierciedlenie w konstrukcji i funkcjonalno\u015bci tego splicera.<\/p>","protected":false},"excerpt":{"rendered":"<p>Spawarka do \u0142\u0105czenia rdzeni o wysokiej rozdzielczo\u015bci z programowaniem AI<\/p>","protected":false},"featured_media":13241,"comment_status":"closed","ping_status":"closed","template":"","meta":{"_acf_changed":false,"slim_seo":{"title":"Splicer\/T-72C+-KIT - YOTAVIS AG","description":"Spawarka do \u0142\u0105czenia rdzeni o wysokiej rozdzielczo\u015bci z programowaniem AI"}},"product_brand":[1075],"product_cat":[1035,1076],"product_tag":[],"class_list":{"0":"post-12552","1":"product","2":"type-product","3":"status-publish","4":"has-post-thumbnail","6":"product_brand-sumitomo","7":"product_cat-optical","8":"product_cat-splicer","10":"first","11":"instock","12":"taxable","13":"shipping-taxable","14":"product-type-simple"},"acf":[],"_links":{"self":[{"href":"https:\/\/yotavis.ch\/pl\/wp-json\/wp\/v2\/product\/12552","targetHints":{"allow":["GET"]}}],"collection":[{"href":"https:\/\/yotavis.ch\/pl\/wp-json\/wp\/v2\/product"}],"about":[{"href":"https:\/\/yotavis.ch\/pl\/wp-json\/wp\/v2\/types\/product"}],"replies":[{"embeddable":true,"href":"https:\/\/yotavis.ch\/pl\/wp-json\/wp\/v2\/comments?post=12552"}],"wp:featuredmedia":[{"embeddable":true,"href":"https:\/\/yotavis.ch\/pl\/wp-json\/wp\/v2\/media\/13241"}],"wp:attachment":[{"href":"https:\/\/yotavis.ch\/pl\/wp-json\/wp\/v2\/media?parent=12552"}],"wp:term":[{"taxonomy":"product_brand","embeddable":true,"href":"https:\/\/yotavis.ch\/pl\/wp-json\/wp\/v2\/product_brand?post=12552"},{"taxonomy":"product_cat","embeddable":true,"href":"https:\/\/yotavis.ch\/pl\/wp-json\/wp\/v2\/product_cat?post=12552"},{"taxonomy":"product_tag","embeddable":true,"href":"https:\/\/yotavis.ch\/pl\/wp-json\/wp\/v2\/product_tag?post=12552"}],"curies":[{"name":"wp","href":"https:\/\/api.w.org\/{rel}","templated":true}]}}