{"id":12556,"date":"2025-10-09T00:00:00","date_gmt":"2025-10-08T22:00:00","guid":{"rendered":"https:\/\/yotavis.ch\/product\/splicer-t-402s-kit\/"},"modified":"2026-04-24T13:49:50","modified_gmt":"2026-04-24T11:49:50","slug":"splicer-t-402s-kit","status":"publish","type":"product","link":"https:\/\/yotavis.ch\/pl\/produkt\/splicer-t-402s-kit\/","title":{"rendered":"Splicer\/T-402S-KIT"},"content":{"rendered":"<p>Splicer\/T-402S-KIT jest aktywnym urz\u0105dzeniem do \u0142\u0105czenia w\u0142\u00f3kien \u015bwiat\u0142owodowych produkowanym przez firm\u0119 Sumitomo. Urz\u0105dzenie to zosta\u0142o zaprojektowane w celu u\u0142atwienia precyzyjnego \u0142\u0105czenia \u015bwiat\u0142owod\u00f3w poprzez wyr\u00f3wnanie ok\u0142adzin w\u0142\u00f3kien podczas procesu \u0142\u0105czenia. Zestaw jest dostosowany do zapewnienia dok\u0142adnych i niezawodnych wynik\u00f3w spawania, co jest niezb\u0119dne do utrzymania integralno\u015bci po\u0142\u0105cze\u0144 \u015bwiat\u0142owodowych. Jako aktywny splicer wyr\u00f3wnuj\u0105cy, prawdopodobnie zawiera zaawansowan\u0105 technologi\u0119 optymalizuj\u0105c\u0105 proces wyr\u00f3wnywania, chocia\u017c konkretne specyfikacje techniczne, takie jak moc, napi\u0119cie lub pr\u0105d, nie s\u0105 szczeg\u00f3\u0142owe. Produkt jest cz\u0119\u015bci\u0105 gamy urz\u0105dze\u0144 do \u0142\u0105czenia Sumitomo, znanych z dba\u0142o\u015bci o jako\u015b\u0107 i wydajno\u015b\u0107 w zastosowaniach \u015bwiat\u0142owodowych. Splicer\/T-402S-KIT nadaje si\u0119 do stosowania w \u015brodowiskach, w kt\u00f3rych wymagane jest precyzyjne \u0142\u0105czenie \u015bwiat\u0142owod\u00f3w, wspieraj\u0105c instalacj\u0119 i konserwacj\u0119 sieci \u015bwiat\u0142owodowych. Jego konstrukcja i funkcjonalno\u015b\u0107 koncentruj\u0105 si\u0119 na zwi\u0119kszeniu wydajno\u015bci i dok\u0142adno\u015bci zada\u0144 \u0142\u0105czenia \u015bwiat\u0142owod\u00f3w.<\/p>","protected":false},"excerpt":{"rendered":"<p>Spawarka wyr\u00f3wnuj\u0105ca Active Clad<\/p>","protected":false},"featured_media":13264,"comment_status":"closed","ping_status":"closed","template":"","meta":{"_acf_changed":false,"slim_seo":{"title":"Splicer\/T-402S-KIT - YOTAVIS AG","description":"Spawarka wyr\u00f3wnuj\u0105ca Active Clad"}},"product_brand":[1075],"product_cat":[1035,1076],"product_tag":[],"class_list":{"0":"post-12556","1":"product","2":"type-product","3":"status-publish","4":"has-post-thumbnail","6":"product_brand-sumitomo","7":"product_cat-optical","8":"product_cat-splicer","10":"first","11":"instock","12":"taxable","13":"shipping-taxable","14":"product-type-simple"},"acf":[],"_links":{"self":[{"href":"https:\/\/yotavis.ch\/pl\/wp-json\/wp\/v2\/product\/12556","targetHints":{"allow":["GET"]}}],"collection":[{"href":"https:\/\/yotavis.ch\/pl\/wp-json\/wp\/v2\/product"}],"about":[{"href":"https:\/\/yotavis.ch\/pl\/wp-json\/wp\/v2\/types\/product"}],"replies":[{"embeddable":true,"href":"https:\/\/yotavis.ch\/pl\/wp-json\/wp\/v2\/comments?post=12556"}],"wp:featuredmedia":[{"embeddable":true,"href":"https:\/\/yotavis.ch\/pl\/wp-json\/wp\/v2\/media\/13264"}],"wp:attachment":[{"href":"https:\/\/yotavis.ch\/pl\/wp-json\/wp\/v2\/media?parent=12556"}],"wp:term":[{"taxonomy":"product_brand","embeddable":true,"href":"https:\/\/yotavis.ch\/pl\/wp-json\/wp\/v2\/product_brand?post=12556"},{"taxonomy":"product_cat","embeddable":true,"href":"https:\/\/yotavis.ch\/pl\/wp-json\/wp\/v2\/product_cat?post=12556"},{"taxonomy":"product_tag","embeddable":true,"href":"https:\/\/yotavis.ch\/pl\/wp-json\/wp\/v2\/product_tag?post=12556"}],"curies":[{"name":"wp","href":"https:\/\/api.w.org\/{rel}","templated":true}]}}