{"id":12558,"date":"2025-10-09T00:00:00","date_gmt":"2025-10-08T22:00:00","guid":{"rendered":"https:\/\/yotavis.ch\/product\/cleaver-fc-8r-f-ap8r-semi-hard_case\/"},"modified":"2026-04-24T13:49:50","modified_gmt":"2026-04-24T11:49:50","slug":"cleaver-fc-8r-f-ap8r-semi-hard_case","status":"publish","type":"product","link":"https:\/\/yotavis.ch\/pl\/produkt\/cleaver-fc-8r-f-ap8r-semi-hard_case\/","title":{"rendered":"Cleaver\/FC-8R-F\/AP8R\/Semi-hard_case"},"content":{"rendered":"<p>Sumitomo Cleaver\/FC-8R-F\/AP8R\/Semi-hard_case to r\u0119czny przecinak do \u015bwiat\u0142owod\u00f3w z automatycznie obracaj\u0105cym si\u0119 ostrzem. Funkcja ta pozwala na precyzyjne i wydajne rozszczepianie w\u0142\u00f3kien \u015bwiat\u0142owodowych, co jest niezb\u0119dne do \u0142\u0105czenia i zaka\u0144czania \u015bwiat\u0142owod\u00f3w. Urz\u0105dzenie jest kompaktowe i przeno\u015bne, dzi\u0119ki czemu nadaje si\u0119 do pracy w terenie i instalacji \u015bwiat\u0142owodowych na miejscu. P\u00f3\u0142twarda obudowa zapewnia ochron\u0119 i trwa\u0142o\u015b\u0107, dzi\u0119ki czemu tasak pozostaje w dobrym stanie podczas transportu i u\u017cytkowania. Automatycznie obracaj\u0105cy si\u0119 mechanizm ostrza pomaga utrzyma\u0107 sta\u0142e zu\u017cycie ostrza, potencjalnie wyd\u0142u\u017caj\u0105c jego \u017cywotno\u015b\u0107 i poprawiaj\u0105c jako\u015b\u0107 ci\u0119cia. Narz\u0119dzie to jest cz\u0119\u015bci\u0105 gamy sprz\u0119tu \u015bwiat\u0142owodowego Sumitomo, znanego ze specjalistycznej konstrukcji dostosowanej do potrzeb technik\u00f3w \u015bwiat\u0142owodowych. R\u0119czny charakter tasaka pozwala na \u0142atwo\u015b\u0107 u\u017cytkowania w r\u00f3\u017cnych \u015brodowiskach pracy bez potrzeby stosowania dodatkowych \u017ar\u00f3de\u0142 zasilania lub skomplikowanych konfiguracji.<\/p>","protected":false},"excerpt":{"rendered":"<p>R\u0119czna przecinarka do w\u0142\u00f3kien z automatycznie obracaj\u0105cym si\u0119 ostrzem<\/p>","protected":false},"featured_media":13317,"comment_status":"closed","ping_status":"closed","template":"","meta":{"_acf_changed":false,"slim_seo":{"title":"Cleaver\/FC-8R-F\/AP8R\/Semi-hard_case - YOTAVIS AG","description":"R\u0119czna przecinarka do w\u0142\u00f3kien z automatycznie obracaj\u0105cym si\u0119 ostrzem"}},"product_brand":[1075],"product_cat":[1077,1035],"product_tag":[],"class_list":{"0":"post-12558","1":"product","2":"type-product","3":"status-publish","4":"has-post-thumbnail","6":"product_brand-sumitomo","7":"product_cat-cleaver","8":"product_cat-optical","10":"first","11":"instock","12":"taxable","13":"shipping-taxable","14":"product-type-simple"},"acf":[],"_links":{"self":[{"href":"https:\/\/yotavis.ch\/pl\/wp-json\/wp\/v2\/product\/12558","targetHints":{"allow":["GET"]}}],"collection":[{"href":"https:\/\/yotavis.ch\/pl\/wp-json\/wp\/v2\/product"}],"about":[{"href":"https:\/\/yotavis.ch\/pl\/wp-json\/wp\/v2\/types\/product"}],"replies":[{"embeddable":true,"href":"https:\/\/yotavis.ch\/pl\/wp-json\/wp\/v2\/comments?post=12558"}],"wp:featuredmedia":[{"embeddable":true,"href":"https:\/\/yotavis.ch\/pl\/wp-json\/wp\/v2\/media\/13317"}],"wp:attachment":[{"href":"https:\/\/yotavis.ch\/pl\/wp-json\/wp\/v2\/media?parent=12558"}],"wp:term":[{"taxonomy":"product_brand","embeddable":true,"href":"https:\/\/yotavis.ch\/pl\/wp-json\/wp\/v2\/product_brand?post=12558"},{"taxonomy":"product_cat","embeddable":true,"href":"https:\/\/yotavis.ch\/pl\/wp-json\/wp\/v2\/product_cat?post=12558"},{"taxonomy":"product_tag","embeddable":true,"href":"https:\/\/yotavis.ch\/pl\/wp-json\/wp\/v2\/product_tag?post=12558"}],"curies":[{"name":"wp","href":"https:\/\/api.w.org\/{rel}","templated":true}]}}