{"id":12559,"date":"2025-10-09T00:00:00","date_gmt":"2025-10-08T22:00:00","guid":{"rendered":"https:\/\/yotavis.ch\/product\/cleaver-fc-8r-fc-ap8r-semi-hard_case\/"},"modified":"2026-04-24T13:49:53","modified_gmt":"2026-04-24T11:49:53","slug":"cleaver-fc-8r-fc-ap8r-semi-hard_case","status":"publish","type":"product","link":"https:\/\/yotavis.ch\/pl\/produkt\/cleaver-fc-8r-fc-ap8r-semi-hard_case\/","title":{"rendered":"Cleaver\/FC-8R-FC\/AP8R\/Semi-hard_case"},"content":{"rendered":"<p>Sumitomo Cleaver\/FC-8R-FC\/AP8R\/Semi-hard_case to r\u0119czny przecinak do w\u0142\u00f3kien zaprojektowany z automatycznie obracaj\u0105cym si\u0119 ostrzem. Funkcja ta pozwala na precyzyjne i sp\u00f3jne rozszczepianie w\u0142\u00f3kien \u015bwiat\u0142owodowych, co jest niezb\u0119dne do utrzymania jako\u015bci i wydajno\u015bci po\u0142\u0105cze\u0144 \u015bwiat\u0142owodowych. Urz\u0105dzenie jest kompaktowe i przeno\u015bne, dzi\u0119ki czemu nadaje si\u0119 do pracy w terenie i przygotowywania w\u0142\u00f3kien na miejscu. Jego p\u00f3\u0142twarda obudowa zapewnia ochron\u0119 i trwa\u0142o\u015b\u0107, dzi\u0119ki czemu tasak pozostaje w dobrym stanie podczas transportu i u\u017cytkowania. Mechanizm automatycznie obracaj\u0105cego si\u0119 ostrza pomaga wyd\u0142u\u017cy\u0107 jego \u017cywotno\u015b\u0107 poprzez r\u00f3wnomierne roz\u0142o\u017cenie zu\u017cycia na kraw\u0119dzi tn\u0105cej. Narz\u0119dzie to zosta\u0142o zaprojektowane specjalnie z my\u015bl\u0105 o potrzebach profesjonalist\u00f3w pracuj\u0105cych z kablami \u015bwiat\u0142owodowymi, u\u0142atwiaj\u0105c wydajne i dok\u0142adne procesy rozszczepiania w\u0142\u00f3kien.<\/p>","protected":false},"excerpt":{"rendered":"<p>R\u0119czna przecinarka do w\u0142\u00f3kien z automatycznie obracaj\u0105cym si\u0119 ostrzem<\/p>","protected":false},"featured_media":13318,"comment_status":"closed","ping_status":"closed","template":"","meta":{"_acf_changed":false,"slim_seo":{"title":"Cleaver\/FC-8R-FC\/AP8R\/Semi-hard_case - YOTAVIS AG","description":"R\u0119czna przecinarka do w\u0142\u00f3kien z automatycznie obracaj\u0105cym si\u0119 ostrzem"}},"product_brand":[1075],"product_cat":[1077,1035],"product_tag":[],"class_list":{"0":"post-12559","1":"product","2":"type-product","3":"status-publish","4":"has-post-thumbnail","6":"product_brand-sumitomo","7":"product_cat-cleaver","8":"product_cat-optical","10":"first","11":"instock","12":"taxable","13":"shipping-taxable","14":"product-type-simple"},"acf":[],"_links":{"self":[{"href":"https:\/\/yotavis.ch\/pl\/wp-json\/wp\/v2\/product\/12559","targetHints":{"allow":["GET"]}}],"collection":[{"href":"https:\/\/yotavis.ch\/pl\/wp-json\/wp\/v2\/product"}],"about":[{"href":"https:\/\/yotavis.ch\/pl\/wp-json\/wp\/v2\/types\/product"}],"replies":[{"embeddable":true,"href":"https:\/\/yotavis.ch\/pl\/wp-json\/wp\/v2\/comments?post=12559"}],"wp:featuredmedia":[{"embeddable":true,"href":"https:\/\/yotavis.ch\/pl\/wp-json\/wp\/v2\/media\/13318"}],"wp:attachment":[{"href":"https:\/\/yotavis.ch\/pl\/wp-json\/wp\/v2\/media?parent=12559"}],"wp:term":[{"taxonomy":"product_brand","embeddable":true,"href":"https:\/\/yotavis.ch\/pl\/wp-json\/wp\/v2\/product_brand?post=12559"},{"taxonomy":"product_cat","embeddable":true,"href":"https:\/\/yotavis.ch\/pl\/wp-json\/wp\/v2\/product_cat?post=12559"},{"taxonomy":"product_tag","embeddable":true,"href":"https:\/\/yotavis.ch\/pl\/wp-json\/wp\/v2\/product_tag?post=12559"}],"curies":[{"name":"wp","href":"https:\/\/api.w.org\/{rel}","templated":true}]}}