{"id":12572,"date":"2025-10-09T00:00:00","date_gmt":"2025-10-08T22:00:00","guid":{"rendered":"https:\/\/yotavis.ch\/product\/xplora-one\/"},"modified":"2026-04-24T13:49:57","modified_gmt":"2026-04-24T11:49:57","slug":"xplora-one","status":"publish","type":"product","link":"https:\/\/yotavis.ch\/pl\/produkt\/xplora-one\/","title":{"rendered":"XPLORA One"},"content":{"rendered":"<p>XPLORA One to symulator GNSS zaprojektowany przez OHB Austria, b\u0119d\u0105cy rozwi\u0105zaniem zoptymalizowanym pod wzgl\u0119dem koszt\u00f3w. Jest przeznaczony do symulacji sygna\u0142\u00f3w globalnego systemu nawigacji satelitarnej, zapewniaj\u0105c praktyczne narz\u0119dzie do testowania i rozwoju. Produkt koncentruje si\u0119 na dostarczaniu podstawowych mo\u017cliwo\u015bci symulacji GNSS bez dodatkowych specyfikacji dotycz\u0105cych parametr\u00f3w mocy, napi\u0119cia lub cz\u0119stotliwo\u015bci. Jego konstrukcja k\u0142adzie nacisk na przyst\u0119pn\u0105 cen\u0119 przy jednoczesnym zachowaniu podstawowych funkcji wymaganych do symulacji sygna\u0142u GNSS. XPLORA One nadaje si\u0119 do zastosowa\u0144, w kt\u00f3rych priorytetem jest efektywno\u015b\u0107 kosztowa, oferuj\u0105c usprawnione podej\u015bcie do symulacji GNSS. Urz\u0105dzenie to jest cz\u0119\u015bci\u0105 gamy rozwi\u0105za\u0144 technologicznych OHB Austria, odzwierciedlaj\u0105cych ich do\u015bwiadczenie w technologiach satelitarnych i nawigacyjnych.<\/p>","protected":false},"excerpt":{"rendered":"<p>Symulator GNSS zoptymalizowany pod k\u0105tem koszt\u00f3w<\/p>","protected":false},"featured_media":13478,"comment_status":"closed","ping_status":"closed","template":"","meta":{"_acf_changed":false,"slim_seo":{"title":"XPLORA One - YOTAVIS AG","description":"Symulator GNSS zoptymalizowany pod k\u0105tem koszt\u00f3w"}},"product_brand":[1082],"product_cat":[510,1083],"product_tag":[],"class_list":{"0":"post-12572","1":"product","2":"type-product","3":"status-publish","4":"has-post-thumbnail","6":"product_brand-ohb-austria","7":"product_cat-others-en","8":"product_cat-simulator-emulator","10":"first","11":"instock","12":"taxable","13":"shipping-taxable","14":"product-type-simple"},"acf":[],"_links":{"self":[{"href":"https:\/\/yotavis.ch\/pl\/wp-json\/wp\/v2\/product\/12572","targetHints":{"allow":["GET"]}}],"collection":[{"href":"https:\/\/yotavis.ch\/pl\/wp-json\/wp\/v2\/product"}],"about":[{"href":"https:\/\/yotavis.ch\/pl\/wp-json\/wp\/v2\/types\/product"}],"replies":[{"embeddable":true,"href":"https:\/\/yotavis.ch\/pl\/wp-json\/wp\/v2\/comments?post=12572"}],"wp:featuredmedia":[{"embeddable":true,"href":"https:\/\/yotavis.ch\/pl\/wp-json\/wp\/v2\/media\/13478"}],"wp:attachment":[{"href":"https:\/\/yotavis.ch\/pl\/wp-json\/wp\/v2\/media?parent=12572"}],"wp:term":[{"taxonomy":"product_brand","embeddable":true,"href":"https:\/\/yotavis.ch\/pl\/wp-json\/wp\/v2\/product_brand?post=12572"},{"taxonomy":"product_cat","embeddable":true,"href":"https:\/\/yotavis.ch\/pl\/wp-json\/wp\/v2\/product_cat?post=12572"},{"taxonomy":"product_tag","embeddable":true,"href":"https:\/\/yotavis.ch\/pl\/wp-json\/wp\/v2\/product_tag?post=12572"}],"curies":[{"name":"wp","href":"https:\/\/api.w.org\/{rel}","templated":true}]}}