{"id":12868,"date":"2025-10-09T00:00:00","date_gmt":"2025-10-08T22:00:00","guid":{"rendered":"https:\/\/yotavis.ch\/product\/shs810x\/"},"modified":"2026-02-02T09:54:30","modified_gmt":"2026-02-02T08:54:30","slug":"shs810x-2","status":"publish","type":"product","link":"https:\/\/yotavis.ch\/pl\/produkt\/shs810x-2\/","title":{"rendered":"SHS810X"},"content":{"rendered":"<p>Siglent SHS810X Handoszilloskop oferuje pasmo 100 MHz i obs\u0142uguje 2 kana\u0142y do przetwarzania sygna\u0142u. Zapewnia przepustowo\u015b\u0107 500 MS\/s na kana\u0142, co pozwala na dok\u0142adniejsz\u0105 analiz\u0119 kszta\u0142tu studni. Urz\u0105dzenie ma przepustowo\u015b\u0107 12 Mpts, co pozwala na d\u0142u\u017csze gromadzenie danych podczas test\u00f3w. 8-bitowa rozdzielczo\u015b\u0107 pozwala na precyzyjne ustawienie sygna\u0142u. Oszilloskop pracuje z maksymaln\u0105 szybko\u015bci\u0105 1 GSa\/s na swoich kana\u0142ach. Nie zawiera cyfrowych kana\u0142\u00f3w ani ekranu dotykowego. Ten model jest przeznaczony do przeno\u015bnych zastosowa\u0144 i oferuje wszystkie niezb\u0119dne funkcje w kompaktowej obudowie.      <\/p>","protected":false},"excerpt":{"rendered":"<p>100 MHz; 2 kana\u0142y, 1 GSa\/s; Handoszilloskop<\/p>","protected":false},"featured_media":12893,"comment_status":"closed","ping_status":"closed","template":"","meta":{"_acf_changed":false,"slim_seo":{"title":"SHS810X - YOTAVIS AG","description":"100 MHz; 2 kana\u0142y, 1 GSa\/s; Handoszilloskop"}},"product_brand":[506],"product_cat":[507],"product_tag":[],"class_list":{"0":"post-12868","1":"product","2":"type-product","3":"status-publish","4":"has-post-thumbnail","6":"product_brand-siglent","7":"product_cat-oscilloscope","8":"pa_bandwidth-mhz-1140","9":"pa_channels-1141","10":"pa_digital-channels-nein","11":"pa_memory-depht-mpts-1143","12":"pa_sampling-rate-channels-ms-s-1144","13":"pa_touch-screen-nein","14":"pa_vertical-resolution-bits-1146","16":"first","17":"instock","18":"taxable","19":"shipping-taxable","20":"purchasable","21":"product-type-simple"},"acf":[],"_links":{"self":[{"href":"https:\/\/yotavis.ch\/pl\/wp-json\/wp\/v2\/product\/12868","targetHints":{"allow":["GET"]}}],"collection":[{"href":"https:\/\/yotavis.ch\/pl\/wp-json\/wp\/v2\/product"}],"about":[{"href":"https:\/\/yotavis.ch\/pl\/wp-json\/wp\/v2\/types\/product"}],"replies":[{"embeddable":true,"href":"https:\/\/yotavis.ch\/pl\/wp-json\/wp\/v2\/comments?post=12868"}],"wp:featuredmedia":[{"embeddable":true,"href":"https:\/\/yotavis.ch\/pl\/wp-json\/wp\/v2\/media\/12893"}],"wp:attachment":[{"href":"https:\/\/yotavis.ch\/pl\/wp-json\/wp\/v2\/media?parent=12868"}],"wp:term":[{"taxonomy":"product_brand","embeddable":true,"href":"https:\/\/yotavis.ch\/pl\/wp-json\/wp\/v2\/product_brand?post=12868"},{"taxonomy":"product_cat","embeddable":true,"href":"https:\/\/yotavis.ch\/pl\/wp-json\/wp\/v2\/product_cat?post=12868"},{"taxonomy":"product_tag","embeddable":true,"href":"https:\/\/yotavis.ch\/pl\/wp-json\/wp\/v2\/product_tag?post=12868"}],"curies":[{"name":"wp","href":"https:\/\/api.w.org\/{rel}","templated":true}]}}