{"id":3537,"date":"2025-10-09T00:00:00","date_gmt":"2025-10-08T22:00:00","guid":{"rendered":"https:\/\/yotavis.ch\/product\/sds5034x\/"},"modified":"2026-04-24T13:26:55","modified_gmt":"2026-04-24T11:26:55","slug":"sds5034x","status":"publish","type":"product","link":"https:\/\/yotavis.ch\/pl\/produkt\/sds5034x\/","title":{"rendered":"SDS5034X"},"content":{"rendered":"<p>Siglent SDS5034X to 4-kana\u0142owy oscyloskop o szeroko\u015bci pasma 350 MHz i cz\u0119stotliwo\u015bci pr\u00f3bkowania 5 GS\/s. Charakteryzuje si\u0119 cz\u0119stotliwo\u015bci\u0105 pr\u00f3bkowania na kana\u0142 2500 MS\/s i g\u0142\u0119boko\u015bci\u0105 pami\u0119ci 500 Mpts, co pozwala na szczeg\u00f3\u0142ow\u0105 analiz\u0119 sygna\u0142u. Urz\u0105dzenie oferuje 8-bitow\u0105 rozdzielczo\u015b\u0107 pionow\u0105, zapewniaj\u0105c precyzyjne mo\u017cliwo\u015bci pomiarowe. Oscyloskop ten jest wyposa\u017cony w interfejs dotykowy, zwi\u0119kszaj\u0105cy interakcj\u0119 u\u017cytkownika i \u0142atwo\u015b\u0107 obs\u0142ugi. Po\u0142\u0105czenie czterech kana\u0142\u00f3w i wysokiej przepustowo\u015bci sprawia, \u017ce oscyloskop nadaje si\u0119 do r\u00f3\u017cnych zastosowa\u0144 testowych i diagnostycznych. SDS5034X zosta\u0142 zaprojektowany do obs\u0142ugi z\u0142o\u017conych przebieg\u00f3w z dok\u0142adno\u015bci\u0105 i wydajno\u015bci\u0105.<\/p>","protected":false},"excerpt":{"rendered":"<p>Oscyloskop 4Ch 350MHz 5GS\/s<\/p>","protected":false},"featured_media":4757,"comment_status":"closed","ping_status":"closed","template":"","meta":{"_acf_changed":false,"slim_seo":{"title":"SDS5034X - YOTAVIS AG","description":"Oscyloskop 4Ch 350MHz 5GS\/s"}},"product_brand":[506],"product_cat":[508,507],"product_tag":[],"class_list":{"0":"post-3537","1":"product","2":"type-product","3":"status-publish","4":"has-post-thumbnail","6":"product_brand-siglent","7":"product_cat-desktop-en","8":"product_cat-oscilloscope","9":"pa_bandwidth-mhz-76","10":"pa_channels-338","11":"pa_digital-channels-opt","12":"pa_memory-depht-mpts-77","13":"pa_sampling-rate-channels-ms-s-339","14":"pa_touch-screen-yes","15":"pa_vertical-resolution-bits-340","17":"first","18":"instock","19":"taxable","20":"shipping-taxable","21":"purchasable","22":"product-type-simple"},"acf":[],"_links":{"self":[{"href":"https:\/\/yotavis.ch\/pl\/wp-json\/wp\/v2\/product\/3537","targetHints":{"allow":["GET"]}}],"collection":[{"href":"https:\/\/yotavis.ch\/pl\/wp-json\/wp\/v2\/product"}],"about":[{"href":"https:\/\/yotavis.ch\/pl\/wp-json\/wp\/v2\/types\/product"}],"replies":[{"embeddable":true,"href":"https:\/\/yotavis.ch\/pl\/wp-json\/wp\/v2\/comments?post=3537"}],"wp:featuredmedia":[{"embeddable":true,"href":"https:\/\/yotavis.ch\/pl\/wp-json\/wp\/v2\/media\/4757"}],"wp:attachment":[{"href":"https:\/\/yotavis.ch\/pl\/wp-json\/wp\/v2\/media?parent=3537"}],"wp:term":[{"taxonomy":"product_brand","embeddable":true,"href":"https:\/\/yotavis.ch\/pl\/wp-json\/wp\/v2\/product_brand?post=3537"},{"taxonomy":"product_cat","embeddable":true,"href":"https:\/\/yotavis.ch\/pl\/wp-json\/wp\/v2\/product_cat?post=3537"},{"taxonomy":"product_tag","embeddable":true,"href":"https:\/\/yotavis.ch\/pl\/wp-json\/wp\/v2\/product_tag?post=3537"}],"curies":[{"name":"wp","href":"https:\/\/api.w.org\/{rel}","templated":true}]}}