{"id":3540,"date":"2025-10-09T00:00:00","date_gmt":"2025-10-08T22:00:00","guid":{"rendered":"https:\/\/yotavis.ch\/product\/spl2016\/"},"modified":"2026-04-24T13:26:56","modified_gmt":"2026-04-24T11:26:56","slug":"spl2016","status":"publish","type":"product","link":"https:\/\/yotavis.ch\/pl\/produkt\/spl2016\/","title":{"rendered":"SPL2016"},"content":{"rendered":"<p>Siglent SPL2016 to sonda logiczna zaprojektowana do obs\u0142ugi 16 kana\u0142\u00f3w z cz\u0119stotliwo\u015bci\u0105 pr\u00f3bkowania 500MSa\/s. Urz\u0105dzenie to nadaje si\u0119 do zastosowa\u0144 wymagaj\u0105cych wielokana\u0142owej analizy logicznej. Zapewnia precyzyjne taktowanie i integralno\u015b\u0107 sygna\u0142u dla obwod\u00f3w cyfrowych poprzez pr\u00f3bkowanie z du\u017c\u0105 szybko\u015bci\u0105, umo\u017cliwiaj\u0105c szczeg\u00f3\u0142ow\u0105 obserwacj\u0119 przej\u015b\u0107 sygna\u0142u. 16-kana\u0142owo\u015b\u0107 umo\u017cliwia jednoczesne monitorowanie wielu sygna\u0142\u00f3w, co jest niezb\u0119dne w przypadku z\u0142o\u017conych system\u00f3w cyfrowych. Sonda logiczna zosta\u0142a zaprojektowana tak, aby zapewni\u0107 niezawodne dzia\u0142anie w r\u00f3\u017cnych \u015brodowiskach testowych. Jej konstrukcja wspiera efektywne rozwi\u0105zywanie problem\u00f3w i weryfikacj\u0119 sygna\u0142\u00f3w cyfrowych. SPL2016 jest praktycznym narz\u0119dziem dla in\u017cynier\u00f3w i technik\u00f3w pracuj\u0105cych z elektronik\u0105 cyfrow\u0105.<\/p>","protected":false},"excerpt":{"rendered":"<p>Sonda logiczna\uff0c 16-kana\u0142owa, 500MSa\/s<\/p>","protected":false},"featured_media":4764,"comment_status":"closed","ping_status":"closed","template":"","meta":{"_acf_changed":false,"slim_seo":{"title":"SPL2016 - YOTAVIS AG","description":"Sonda logiczna\uff0c 16-kana\u0142owa, 500MSa\/s"}},"product_brand":[506],"product_cat":[510,509],"product_tag":[],"class_list":{"0":"post-3540","1":"product","2":"type-product","3":"status-publish","4":"has-post-thumbnail","6":"product_brand-siglent","7":"product_cat-others-en","8":"product_cat-probes-en","10":"first","11":"instock","12":"taxable","13":"shipping-taxable","14":"purchasable","15":"product-type-simple"},"acf":[],"_links":{"self":[{"href":"https:\/\/yotavis.ch\/pl\/wp-json\/wp\/v2\/product\/3540","targetHints":{"allow":["GET"]}}],"collection":[{"href":"https:\/\/yotavis.ch\/pl\/wp-json\/wp\/v2\/product"}],"about":[{"href":"https:\/\/yotavis.ch\/pl\/wp-json\/wp\/v2\/types\/product"}],"replies":[{"embeddable":true,"href":"https:\/\/yotavis.ch\/pl\/wp-json\/wp\/v2\/comments?post=3540"}],"wp:featuredmedia":[{"embeddable":true,"href":"https:\/\/yotavis.ch\/pl\/wp-json\/wp\/v2\/media\/4764"}],"wp:attachment":[{"href":"https:\/\/yotavis.ch\/pl\/wp-json\/wp\/v2\/media?parent=3540"}],"wp:term":[{"taxonomy":"product_brand","embeddable":true,"href":"https:\/\/yotavis.ch\/pl\/wp-json\/wp\/v2\/product_brand?post=3540"},{"taxonomy":"product_cat","embeddable":true,"href":"https:\/\/yotavis.ch\/pl\/wp-json\/wp\/v2\/product_cat?post=3540"},{"taxonomy":"product_tag","embeddable":true,"href":"https:\/\/yotavis.ch\/pl\/wp-json\/wp\/v2\/product_tag?post=3540"}],"curies":[{"name":"wp","href":"https:\/\/api.w.org\/{rel}","templated":true}]}}