{"id":3541,"date":"2025-10-09T00:00:00","date_gmt":"2025-10-08T22:00:00","guid":{"rendered":"https:\/\/yotavis.ch\/product\/sap1000\/"},"modified":"2026-04-24T13:26:58","modified_gmt":"2026-04-24T11:26:58","slug":"sap1000","status":"publish","type":"product","link":"https:\/\/yotavis.ch\/pl\/produkt\/sap1000\/","title":{"rendered":"SAP1000"},"content":{"rendered":"<p>SAP1000 to aktywna sonda o szeroko\u015bci pasma 1000 MHz, zaprojektowana do pracy z maksymalnym napi\u0119ciem 8 V. Jest produkowana przez Siglent i posiada interfejs kompatybilny z urz\u0105dzeniami Siglent. Produkt ten jest przeznaczony do u\u017cytku w aplikacjach wymagaj\u0105cych sondowania sygna\u0142\u00f3w o wysokiej cz\u0119stotliwo\u015bci do 1 GHz. Aktywna sonda zosta\u0142a zaprojektowana tak, aby zapewni\u0107 dok\u0142adne pomiary sygna\u0142u w okre\u015blonym zakresie napi\u0119cia. Jej konstrukcja wspiera integracj\u0119 z innymi urz\u0105dzeniami Siglent, u\u0142atwiaj\u0105c bezproblemow\u0105 \u0142\u0105czno\u015b\u0107 i dzia\u0142anie. SAP1000 nadaje si\u0119 do r\u00f3\u017cnych scenariuszy testowych i pomiarowych, w kt\u00f3rych wymagana jest precyzyjna akwizycja sygna\u0142u.<\/p>","protected":false},"excerpt":{"rendered":"<p>Aktywna sonda, 1 GHz<\/p>","protected":false},"featured_media":4767,"comment_status":"closed","ping_status":"closed","template":"","meta":{"_acf_changed":false,"slim_seo":{"title":"SAP1000 - YOTAVIS AG","description":"Aktywna sonda, 1 GHz"}},"product_brand":[506],"product_cat":[511,509],"product_tag":[],"class_list":{"0":"post-3541","1":"product","2":"type-product","3":"status-publish","4":"has-post-thumbnail","6":"product_brand-siglent","7":"product_cat-active-probes-en","8":"product_cat-probes-en","9":"pa_bandwidth-mhz-84","10":"pa_interface-siglent","11":"pa_voltage-max-v-86","13":"first","14":"instock","15":"taxable","16":"shipping-taxable","17":"purchasable","18":"product-type-simple"},"acf":[],"_links":{"self":[{"href":"https:\/\/yotavis.ch\/pl\/wp-json\/wp\/v2\/product\/3541","targetHints":{"allow":["GET"]}}],"collection":[{"href":"https:\/\/yotavis.ch\/pl\/wp-json\/wp\/v2\/product"}],"about":[{"href":"https:\/\/yotavis.ch\/pl\/wp-json\/wp\/v2\/types\/product"}],"replies":[{"embeddable":true,"href":"https:\/\/yotavis.ch\/pl\/wp-json\/wp\/v2\/comments?post=3541"}],"wp:featuredmedia":[{"embeddable":true,"href":"https:\/\/yotavis.ch\/pl\/wp-json\/wp\/v2\/media\/4767"}],"wp:attachment":[{"href":"https:\/\/yotavis.ch\/pl\/wp-json\/wp\/v2\/media?parent=3541"}],"wp:term":[{"taxonomy":"product_brand","embeddable":true,"href":"https:\/\/yotavis.ch\/pl\/wp-json\/wp\/v2\/product_brand?post=3541"},{"taxonomy":"product_cat","embeddable":true,"href":"https:\/\/yotavis.ch\/pl\/wp-json\/wp\/v2\/product_cat?post=3541"},{"taxonomy":"product_tag","embeddable":true,"href":"https:\/\/yotavis.ch\/pl\/wp-json\/wp\/v2\/product_tag?post=3541"}],"curies":[{"name":"wp","href":"https:\/\/api.w.org\/{rel}","templated":true}]}}