{"id":3542,"date":"2025-10-09T00:00:00","date_gmt":"2025-10-08T22:00:00","guid":{"rendered":"https:\/\/yotavis.ch\/product\/sds3034x-hd\/"},"modified":"2026-04-24T13:26:59","modified_gmt":"2026-04-24T11:26:59","slug":"sds3034x-hd","status":"publish","type":"product","link":"https:\/\/yotavis.ch\/pl\/produkt\/sds3034x-hd\/","title":{"rendered":"SDS3034X HD"},"content":{"rendered":"<p>SDS3034X HD firmy Siglent to 4-kana\u0142owy oscyloskop o 12-bitowej rozdzielczo\u015bci pionowej i szeroko\u015bci pasma 350 MHz. Oferuje wysok\u0105 cz\u0119stotliwo\u015b\u0107 pr\u00f3bkowania 2000 MS\/s na kana\u0142, umo\u017cliwiaj\u0105c szczeg\u00f3\u0142ow\u0105 analiz\u0119 sygna\u0142u. Urz\u0105dzenie posiada pami\u0119\u0107 o pojemno\u015bci 400 Mpts, zapewniaj\u0105c wystarczaj\u0105c\u0105 ilo\u015b\u0107 miejsca do przechwytywania z\u0142o\u017conych przebieg\u00f3w. Oscyloskop ten jest wyposa\u017cony w interfejs dotykowy, zwi\u0119kszaj\u0105cy interakcj\u0119 u\u017cytkownika i \u0142atwo\u015b\u0107 obs\u0142ugi. Jego konstrukcja obs\u0142uguje jednoczesne pomiary wielokana\u0142owe, dzi\u0119ki czemu nadaje si\u0119 do r\u00f3\u017cnych zastosowa\u0144 testowych i diagnostycznych. Po\u0142\u0105czenie wysokiej rozdzielczo\u015bci, szeroko\u015bci pasma i cz\u0119stotliwo\u015bci pr\u00f3bkowania zapewnia dok\u0142adn\u0105 i niezawodn\u0105 akwizycj\u0119 sygna\u0142u.<\/p>","protected":false},"excerpt":{"rendered":"<p>Oscyloskop 4Ch 12bit 350 MHz<\/p>","protected":false},"featured_media":4773,"comment_status":"closed","ping_status":"closed","template":"","meta":{"_acf_changed":false,"slim_seo":{"title":"SDS3034X HD - YOTAVIS AG","description":"Oscyloskop 4Ch 12bit 350 MHz"}},"product_brand":[506],"product_cat":[508,507],"product_tag":[],"class_list":{"0":"post-3542","1":"product","2":"type-product","3":"status-publish","4":"has-post-thumbnail","6":"product_brand-siglent","7":"product_cat-desktop-en","8":"product_cat-oscilloscope","9":"pa_bandwidth-mhz-76","10":"pa_channels-338","11":"pa_digital-channels-opt","12":"pa_memory-depht-mpts-89","13":"pa_sampling-rate-channels-ms-s-347","14":"pa_touch-screen-yes","15":"pa_vertical-resolution-bits-348","17":"first","18":"instock","19":"taxable","20":"shipping-taxable","21":"purchasable","22":"product-type-simple"},"acf":[],"_links":{"self":[{"href":"https:\/\/yotavis.ch\/pl\/wp-json\/wp\/v2\/product\/3542","targetHints":{"allow":["GET"]}}],"collection":[{"href":"https:\/\/yotavis.ch\/pl\/wp-json\/wp\/v2\/product"}],"about":[{"href":"https:\/\/yotavis.ch\/pl\/wp-json\/wp\/v2\/types\/product"}],"replies":[{"embeddable":true,"href":"https:\/\/yotavis.ch\/pl\/wp-json\/wp\/v2\/comments?post=3542"}],"wp:featuredmedia":[{"embeddable":true,"href":"https:\/\/yotavis.ch\/pl\/wp-json\/wp\/v2\/media\/4773"}],"wp:attachment":[{"href":"https:\/\/yotavis.ch\/pl\/wp-json\/wp\/v2\/media?parent=3542"}],"wp:term":[{"taxonomy":"product_brand","embeddable":true,"href":"https:\/\/yotavis.ch\/pl\/wp-json\/wp\/v2\/product_brand?post=3542"},{"taxonomy":"product_cat","embeddable":true,"href":"https:\/\/yotavis.ch\/pl\/wp-json\/wp\/v2\/product_cat?post=3542"},{"taxonomy":"product_tag","embeddable":true,"href":"https:\/\/yotavis.ch\/pl\/wp-json\/wp\/v2\/product_tag?post=3542"}],"curies":[{"name":"wp","href":"https:\/\/api.w.org\/{rel}","templated":true}]}}