{"id":3547,"date":"2025-10-09T00:00:00","date_gmt":"2025-10-08T22:00:00","guid":{"rendered":"https:\/\/yotavis.ch\/product\/sds2354x-hd\/"},"modified":"2026-04-24T13:27:04","modified_gmt":"2026-04-24T11:27:04","slug":"sds2354x-hd","status":"publish","type":"product","link":"https:\/\/yotavis.ch\/pl\/produkt\/sds2354x-hd\/","title":{"rendered":"SDS2354X HD"},"content":{"rendered":"<p>Siglent SDS2354X HD to 4-kana\u0142owy oscyloskop o 12-bitowej rozdzielczo\u015bci pionowej i pa\u015bmie 350 MHz. Oferuje wysok\u0105 cz\u0119stotliwo\u015b\u0107 pr\u00f3bkowania 1000 MS\/s na kana\u0142, umo\u017cliwiaj\u0105c szczeg\u00f3\u0142ow\u0105 analiz\u0119 sygna\u0142u. Urz\u0105dzenie posiada pami\u0119\u0107 o pojemno\u015bci 200 Mpts, kt\u00f3ra obs\u0142uguje rozszerzone przechwytywanie i analiz\u0119 przebieg\u00f3w. Ten oscyloskop jest wyposa\u017cony w interfejs z ekranem dotykowym, co zwi\u0119ksza interakcj\u0119 u\u017cytkownika i \u0142atwo\u015b\u0107 obs\u0142ugi. Jego konstrukcja obs\u0142uguje wiele kana\u0142\u00f3w jednocze\u015bnie, dzi\u0119ki czemu nadaje si\u0119 do monitorowania z\u0142o\u017conych sygna\u0142\u00f3w. Po\u0142\u0105czenie wysokiej przepustowo\u015bci i cz\u0119stotliwo\u015bci pr\u00f3bkowania zapewnia dok\u0142adne odwzorowanie szybko zmieniaj\u0105cych si\u0119 sygna\u0142\u00f3w. SDS2354X HD jest zbudowany do obs\u0142ugi r\u00f3\u017cnych zada\u0144 pomiarowych z precyzj\u0105 i przejrzysto\u015bci\u0105.<\/p>","protected":false},"excerpt":{"rendered":"<p>Oscyloskop 4Ch 12bit 350 MHz<\/p>","protected":false},"featured_media":4791,"comment_status":"closed","ping_status":"closed","template":"","meta":{"_acf_changed":false,"slim_seo":{"title":"SDS2354X HD - YOTAVIS AG","description":"Oscyloskop 4Ch 12bit 350 MHz"}},"product_brand":[506],"product_cat":[508,507],"product_tag":[],"class_list":{"0":"post-3547","1":"product","2":"type-product","3":"status-publish","4":"has-post-thumbnail","6":"product_brand-siglent","7":"product_cat-desktop-en","8":"product_cat-oscilloscope","9":"pa_bandwidth-mhz-76","10":"pa_channels-338","11":"pa_digital-channels-opt","12":"pa_memory-depht-mpts-91","13":"pa_sampling-rate-channels-ms-s-349","14":"pa_touch-screen-yes","15":"pa_vertical-resolution-bits-348","17":"first","18":"instock","19":"taxable","20":"shipping-taxable","21":"purchasable","22":"product-type-simple"},"acf":[],"_links":{"self":[{"href":"https:\/\/yotavis.ch\/pl\/wp-json\/wp\/v2\/product\/3547","targetHints":{"allow":["GET"]}}],"collection":[{"href":"https:\/\/yotavis.ch\/pl\/wp-json\/wp\/v2\/product"}],"about":[{"href":"https:\/\/yotavis.ch\/pl\/wp-json\/wp\/v2\/types\/product"}],"replies":[{"embeddable":true,"href":"https:\/\/yotavis.ch\/pl\/wp-json\/wp\/v2\/comments?post=3547"}],"wp:featuredmedia":[{"embeddable":true,"href":"https:\/\/yotavis.ch\/pl\/wp-json\/wp\/v2\/media\/4791"}],"wp:attachment":[{"href":"https:\/\/yotavis.ch\/pl\/wp-json\/wp\/v2\/media?parent=3547"}],"wp:term":[{"taxonomy":"product_brand","embeddable":true,"href":"https:\/\/yotavis.ch\/pl\/wp-json\/wp\/v2\/product_brand?post=3547"},{"taxonomy":"product_cat","embeddable":true,"href":"https:\/\/yotavis.ch\/pl\/wp-json\/wp\/v2\/product_cat?post=3547"},{"taxonomy":"product_tag","embeddable":true,"href":"https:\/\/yotavis.ch\/pl\/wp-json\/wp\/v2\/product_tag?post=3547"}],"curies":[{"name":"wp","href":"https:\/\/api.w.org\/{rel}","templated":true}]}}