{"id":3551,"date":"2025-10-09T00:00:00","date_gmt":"2025-10-08T22:00:00","guid":{"rendered":"https:\/\/yotavis.ch\/product\/sds2354x-plus\/"},"modified":"2026-04-24T13:27:10","modified_gmt":"2026-04-24T11:27:10","slug":"sds2354x-plus","status":"publish","type":"product","link":"https:\/\/yotavis.ch\/pl\/produkt\/sds2354x-plus\/","title":{"rendered":"SDS2354X Plus"},"content":{"rendered":"<p>Siglent SDS2354X Plus to 4-kana\u0142owy oscyloskop o szeroko\u015bci pasma 350 MHz i cz\u0119stotliwo\u015bci pr\u00f3bkowania 2 GS\/s. Charakteryzuje si\u0119 pami\u0119ci\u0105 o g\u0142\u0119boko\u015bci 400 Mpts, co pozwala na szczeg\u00f3\u0142ow\u0105 analiz\u0119 sygna\u0142u przez d\u0142u\u017cszy czas. Urz\u0105dzenie oferuje rozdzielczo\u015b\u0107 pionow\u0105 8 bit\u00f3w, zapewniaj\u0105c precyzyjne mo\u017cliwo\u015bci pomiarowe. Ka\u017cdy kana\u0142 obs\u0142uguje cz\u0119stotliwo\u015b\u0107 pr\u00f3bkowania 1000 MS\/s, zapewniaj\u0105c dok\u0142adne przechwytywanie szybkich sygna\u0142\u00f3w. Oscyloskop jest wyposa\u017cony w interfejs dotykowy, zwi\u0119kszaj\u0105cy interakcj\u0119 z u\u017cytkownikiem i \u0142atwo\u015b\u0107 obs\u0142ugi. Model ten zosta\u0142 zaprojektowany do jednoczesnej obs\u0142ugi wielu sygna\u0142\u00f3w wej\u015bciowych, dzi\u0119ki czemu nadaje si\u0119 do z\u0142o\u017conych \u015brodowisk testowych. Po\u0142\u0105czenie szeroko\u015bci pasma, cz\u0119stotliwo\u015bci pr\u00f3bkowania i g\u0142\u0119boko\u015bci pami\u0119ci sprawia, \u017ce SDS2354X Plus jest wszechstronnym narz\u0119dziem do r\u00f3\u017cnych zastosowa\u0144 w pomiarach elektronicznych.<\/p>","protected":false},"excerpt":{"rendered":"<p>Oscyloskop 4Ch 350MHz 2GS\/s<\/p>","protected":false},"featured_media":4804,"comment_status":"closed","ping_status":"closed","template":"","meta":{"_acf_changed":false,"slim_seo":{"title":"SDS2354X Plus - YOTAVIS AG","description":"Oscyloskop 4Ch 350MHz 2GS\/s"}},"product_brand":[506],"product_cat":[508,507],"product_tag":[],"class_list":{"0":"post-3551","1":"product","2":"type-product","3":"status-publish","4":"has-post-thumbnail","6":"product_brand-siglent","7":"product_cat-desktop-en","8":"product_cat-oscilloscope","9":"pa_bandwidth-mhz-76","10":"pa_channels-338","11":"pa_digital-channels-opt","12":"pa_memory-depht-mpts-89","13":"pa_sampling-rate-channels-ms-s-349","14":"pa_touch-screen-yes","15":"pa_vertical-resolution-bits-340","17":"first","18":"instock","19":"taxable","20":"shipping-taxable","21":"purchasable","22":"product-type-simple"},"acf":[],"_links":{"self":[{"href":"https:\/\/yotavis.ch\/pl\/wp-json\/wp\/v2\/product\/3551","targetHints":{"allow":["GET"]}}],"collection":[{"href":"https:\/\/yotavis.ch\/pl\/wp-json\/wp\/v2\/product"}],"about":[{"href":"https:\/\/yotavis.ch\/pl\/wp-json\/wp\/v2\/types\/product"}],"replies":[{"embeddable":true,"href":"https:\/\/yotavis.ch\/pl\/wp-json\/wp\/v2\/comments?post=3551"}],"wp:featuredmedia":[{"embeddable":true,"href":"https:\/\/yotavis.ch\/pl\/wp-json\/wp\/v2\/media\/4804"}],"wp:attachment":[{"href":"https:\/\/yotavis.ch\/pl\/wp-json\/wp\/v2\/media?parent=3551"}],"wp:term":[{"taxonomy":"product_brand","embeddable":true,"href":"https:\/\/yotavis.ch\/pl\/wp-json\/wp\/v2\/product_brand?post=3551"},{"taxonomy":"product_cat","embeddable":true,"href":"https:\/\/yotavis.ch\/pl\/wp-json\/wp\/v2\/product_cat?post=3551"},{"taxonomy":"product_tag","embeddable":true,"href":"https:\/\/yotavis.ch\/pl\/wp-json\/wp\/v2\/product_tag?post=3551"}],"curies":[{"name":"wp","href":"https:\/\/api.w.org\/{rel}","templated":true}]}}