{"id":3552,"date":"2025-10-09T00:00:00","date_gmt":"2025-10-08T22:00:00","guid":{"rendered":"https:\/\/yotavis.ch\/product\/sds1102x-hd\/"},"modified":"2026-04-24T13:27:14","modified_gmt":"2026-04-24T11:27:14","slug":"sds1102x-hd","status":"publish","type":"product","link":"https:\/\/yotavis.ch\/pl\/produkt\/sds1102x-hd\/","title":{"rendered":"SDS1102X HD"},"content":{"rendered":"<p>Siglent SDS1102X HD to 2-kana\u0142owy oscyloskop o 12-bitowej rozdzielczo\u015bci pionowej i szeroko\u015bci pasma 100 MHz. Oferuje cz\u0119stotliwo\u015b\u0107 pr\u00f3bkowania 500 MS\/s na kana\u0142, umo\u017cliwiaj\u0105c szczeg\u00f3\u0142ow\u0105 analiz\u0119 sygna\u0142u. Urz\u0105dzenie posiada pami\u0119\u0107 o pojemno\u015bci 100 Mpts, co zapewnia wystarczaj\u0105c\u0105 ilo\u015b\u0107 miejsca na dane przebiegu. Ten oscyloskop jest wyposa\u017cony w interfejs dotykowy, zwi\u0119kszaj\u0105cy interakcj\u0119 u\u017cytkownika i \u0142atwo\u015b\u0107 obs\u0142ugi. Dwa kana\u0142y wej\u015bciowe umo\u017cliwiaj\u0105 jednoczesny pomiar wielu sygna\u0142\u00f3w. Po\u0142\u0105czenie wysokiej rozdzielczo\u015bci i znacznej g\u0142\u0119boko\u015bci pami\u0119ci sprawia, \u017ce oscyloskop nadaje si\u0119 do r\u00f3\u017cnych zastosowa\u0144 elektronicznych i diagnostycznych. Model ten zosta\u0142 zaprojektowany w celu zapewnienia precyzyjnego przechwytywania i analizy przebieg\u00f3w bez dodatkowego zdalnego sterowania lub opcji kana\u0142u cyfrowego.<\/p>","protected":false},"excerpt":{"rendered":"<p>Oscyloskop 2Ch 12bit 100 MHz<\/p>","protected":false},"featured_media":7898,"comment_status":"closed","ping_status":"closed","template":"","meta":{"_acf_changed":false,"slim_seo":{"title":"SDS1102X HD - YOTAVIS AG","description":"Oscyloskop 2Ch 12bit 100 MHz"}},"product_brand":[506],"product_cat":[508,507],"product_tag":[],"class_list":{"0":"post-3552","1":"product","2":"type-product","3":"status-publish","4":"has-post-thumbnail","6":"product_brand-siglent","7":"product_cat-desktop-en","8":"product_cat-oscilloscope","9":"pa_bandwidth-mhz-90","10":"pa_channels-350","11":"pa_digital-channels-opt","12":"pa_memory-depht-mpts-93","13":"pa_sampling-rate-channels-ms-s-351","14":"pa_touch-screen-yes","15":"pa_vertical-resolution-bits-348","17":"first","18":"instock","19":"taxable","20":"shipping-taxable","21":"purchasable","22":"product-type-simple"},"acf":[],"_links":{"self":[{"href":"https:\/\/yotavis.ch\/pl\/wp-json\/wp\/v2\/product\/3552","targetHints":{"allow":["GET"]}}],"collection":[{"href":"https:\/\/yotavis.ch\/pl\/wp-json\/wp\/v2\/product"}],"about":[{"href":"https:\/\/yotavis.ch\/pl\/wp-json\/wp\/v2\/types\/product"}],"replies":[{"embeddable":true,"href":"https:\/\/yotavis.ch\/pl\/wp-json\/wp\/v2\/comments?post=3552"}],"wp:featuredmedia":[{"embeddable":true,"href":"https:\/\/yotavis.ch\/pl\/wp-json\/wp\/v2\/media\/7898"}],"wp:attachment":[{"href":"https:\/\/yotavis.ch\/pl\/wp-json\/wp\/v2\/media?parent=3552"}],"wp:term":[{"taxonomy":"product_brand","embeddable":true,"href":"https:\/\/yotavis.ch\/pl\/wp-json\/wp\/v2\/product_brand?post=3552"},{"taxonomy":"product_cat","embeddable":true,"href":"https:\/\/yotavis.ch\/pl\/wp-json\/wp\/v2\/product_cat?post=3552"},{"taxonomy":"product_tag","embeddable":true,"href":"https:\/\/yotavis.ch\/pl\/wp-json\/wp\/v2\/product_tag?post=3552"}],"curies":[{"name":"wp","href":"https:\/\/api.w.org\/{rel}","templated":true}]}}