{"id":3558,"date":"2025-10-09T00:00:00","date_gmt":"2025-10-08T22:00:00","guid":{"rendered":"https:\/\/yotavis.ch\/product\/sds812x-hd\/"},"modified":"2026-04-24T13:27:16","modified_gmt":"2026-04-24T11:27:16","slug":"sds812x-hd","status":"publish","type":"product","link":"https:\/\/yotavis.ch\/pl\/produkt\/sds812x-hd\/","title":{"rendered":"SDS812X HD"},"content":{"rendered":"<p>Siglent SDS812X HD to 2-kana\u0142owy oscyloskop o 12-bitowej rozdzielczo\u015bci pionowej i szeroko\u015bci pasma 100 MHz. Oferuje wysok\u0105 cz\u0119stotliwo\u015b\u0107 pr\u00f3bkowania 1000 MS\/s na kana\u0142, umo\u017cliwiaj\u0105c szczeg\u00f3\u0142ow\u0105 analiz\u0119 sygna\u0142u. Urz\u0105dzenie posiada pami\u0119\u0107 o pojemno\u015bci 50 Mpts, kt\u00f3ra umo\u017cliwia przechwytywanie i analiz\u0119 rozszerzonych przebieg\u00f3w. Model ten jest wyposa\u017cony w interfejs dotykowy, zwi\u0119kszaj\u0105cy interakcj\u0119 u\u017cytkownika i \u0142atwo\u015b\u0107 obs\u0142ugi. Oscyloskop zosta\u0142 zaprojektowany do precyzyjnej obs\u0142ugi r\u00f3\u017cnorodnych zada\u0144 pomiarowych, wspieranych przez zaawansowan\u0105 architektur\u0119 cyfrow\u0105. Po\u0142\u0105czenie wysokiej rozdzielczo\u015bci, szeroko\u015bci pasma i cz\u0119stotliwo\u015bci pr\u00f3bkowania sprawia, \u017ce oscyloskop nadaje si\u0119 do szeregu zastosowa\u0144 zwi\u0105zanych z testowaniem i diagnostyk\u0105 elektroniki.<\/p>","protected":false},"excerpt":{"rendered":"<p>Oscyloskop 2Ch 12bit 100 MHz<\/p>","protected":false},"featured_media":4823,"comment_status":"closed","ping_status":"closed","template":"","meta":{"_acf_changed":false,"slim_seo":{"title":"SDS812X HD - YOTAVIS AG","description":"Oscyloskop 2Ch 12bit 100 MHz"}},"product_brand":[506],"product_cat":[508,507],"product_tag":[],"class_list":{"0":"post-3558","1":"product","2":"type-product","3":"status-publish","4":"has-post-thumbnail","6":"product_brand-siglent","7":"product_cat-desktop-en","8":"product_cat-oscilloscope","9":"pa_bandwidth-mhz-90","10":"pa_channels-350","11":"pa_digital-channels-opt","12":"pa_memory-depht-mpts-95","13":"pa_sampling-rate-channels-ms-s-349","14":"pa_touch-screen-yes","15":"pa_vertical-resolution-bits-348","17":"first","18":"instock","19":"taxable","20":"shipping-taxable","21":"purchasable","22":"product-type-simple"},"acf":[],"_links":{"self":[{"href":"https:\/\/yotavis.ch\/pl\/wp-json\/wp\/v2\/product\/3558","targetHints":{"allow":["GET"]}}],"collection":[{"href":"https:\/\/yotavis.ch\/pl\/wp-json\/wp\/v2\/product"}],"about":[{"href":"https:\/\/yotavis.ch\/pl\/wp-json\/wp\/v2\/types\/product"}],"replies":[{"embeddable":true,"href":"https:\/\/yotavis.ch\/pl\/wp-json\/wp\/v2\/comments?post=3558"}],"wp:featuredmedia":[{"embeddable":true,"href":"https:\/\/yotavis.ch\/pl\/wp-json\/wp\/v2\/media\/4823"}],"wp:attachment":[{"href":"https:\/\/yotavis.ch\/pl\/wp-json\/wp\/v2\/media?parent=3558"}],"wp:term":[{"taxonomy":"product_brand","embeddable":true,"href":"https:\/\/yotavis.ch\/pl\/wp-json\/wp\/v2\/product_brand?post=3558"},{"taxonomy":"product_cat","embeddable":true,"href":"https:\/\/yotavis.ch\/pl\/wp-json\/wp\/v2\/product_cat?post=3558"},{"taxonomy":"product_tag","embeddable":true,"href":"https:\/\/yotavis.ch\/pl\/wp-json\/wp\/v2\/product_tag?post=3558"}],"curies":[{"name":"wp","href":"https:\/\/api.w.org\/{rel}","templated":true}]}}