{"id":3562,"date":"2025-10-09T00:00:00","date_gmt":"2025-10-08T22:00:00","guid":{"rendered":"https:\/\/yotavis.ch\/product\/sds1202x-e\/"},"modified":"2026-04-24T13:27:18","modified_gmt":"2026-04-24T11:27:18","slug":"sds1202x-e","status":"publish","type":"product","link":"https:\/\/yotavis.ch\/pl\/produkt\/sds1202x-e\/","title":{"rendered":"SDS1202X-E"},"content":{"rendered":"<p>Siglent SDS1202X-E to dwukana\u0142owy oscyloskop o szeroko\u015bci pasma 200 MHz, zaprojektowany do obs\u0142ugi szerokiego zakresu zada\u0144 analizy sygna\u0142\u00f3w. Charakteryzuje si\u0119 cz\u0119stotliwo\u015bci\u0105 pr\u00f3bkowania 500 MS\/s na kana\u0142, co pozwala na szczeg\u00f3\u0142owe przechwytywanie szybko zmieniaj\u0105cych si\u0119 sygna\u0142\u00f3w. Urz\u0105dzenie jest wyposa\u017cone w pami\u0119\u0107 o pojemno\u015bci 7 Mpts, zapewniaj\u0105c wystarczaj\u0105c\u0105 ilo\u015b\u0107 miejsca na dane przebiegu podczas pomiar\u00f3w. Dzi\u0119ki 8-bitowej rozdzielczo\u015bci pionowej oscyloskop mo\u017ce dok\u0142adnie odwzorowa\u0107 amplitudy sygna\u0142u w celu precyzyjnej analizy. SDS1202X-E nie posiada interfejsu z ekranem dotykowym, skupiaj\u0105c si\u0119 na tradycyjnych metodach sterowania. Model ten jest odpowiedni dla u\u017cytkownik\u00f3w wymagaj\u0105cych niezawodnej dwukana\u0142owej obserwacji sygna\u0142u z solidn\u0105 przepustowo\u015bci\u0105 i mo\u017cliwo\u015bciami pr\u00f3bkowania.<\/p>","protected":false},"excerpt":{"rendered":"<p>Dwukana\u0142owy oscyloskop 200 MHz<\/p>","protected":false},"featured_media":4834,"comment_status":"closed","ping_status":"closed","template":"","meta":{"_acf_changed":false,"slim_seo":{"title":"SDS1202X-E - YOTAVIS AG","description":"Dwukana\u0142owy oscyloskop 200 MHz"}},"product_brand":[506],"product_cat":[508,507],"product_tag":[],"class_list":{"0":"post-3562","1":"product","2":"type-product","3":"status-publish","4":"has-post-thumbnail","6":"product_brand-siglent","7":"product_cat-desktop-en","8":"product_cat-oscilloscope","9":"pa_bandwidth-mhz-92","10":"pa_channels-350","11":"pa_digital-channels-opt","12":"pa_memory-depht-mpts-96","13":"pa_sampling-rate-channels-ms-s-351","14":"pa_touch-screen-no","15":"pa_vertical-resolution-bits-340","17":"first","18":"instock","19":"taxable","20":"shipping-taxable","21":"purchasable","22":"product-type-simple"},"acf":[],"_links":{"self":[{"href":"https:\/\/yotavis.ch\/pl\/wp-json\/wp\/v2\/product\/3562","targetHints":{"allow":["GET"]}}],"collection":[{"href":"https:\/\/yotavis.ch\/pl\/wp-json\/wp\/v2\/product"}],"about":[{"href":"https:\/\/yotavis.ch\/pl\/wp-json\/wp\/v2\/types\/product"}],"replies":[{"embeddable":true,"href":"https:\/\/yotavis.ch\/pl\/wp-json\/wp\/v2\/comments?post=3562"}],"wp:featuredmedia":[{"embeddable":true,"href":"https:\/\/yotavis.ch\/pl\/wp-json\/wp\/v2\/media\/4834"}],"wp:attachment":[{"href":"https:\/\/yotavis.ch\/pl\/wp-json\/wp\/v2\/media?parent=3562"}],"wp:term":[{"taxonomy":"product_brand","embeddable":true,"href":"https:\/\/yotavis.ch\/pl\/wp-json\/wp\/v2\/product_brand?post=3562"},{"taxonomy":"product_cat","embeddable":true,"href":"https:\/\/yotavis.ch\/pl\/wp-json\/wp\/v2\/product_cat?post=3562"},{"taxonomy":"product_tag","embeddable":true,"href":"https:\/\/yotavis.ch\/pl\/wp-json\/wp\/v2\/product_tag?post=3562"}],"curies":[{"name":"wp","href":"https:\/\/api.w.org\/{rel}","templated":true}]}}