{"id":3564,"date":"2025-10-09T00:00:00","date_gmt":"2025-10-08T22:00:00","guid":{"rendered":"https:\/\/yotavis.ch\/product\/sds1204x-e\/"},"modified":"2026-04-24T13:27:21","modified_gmt":"2026-04-24T11:27:21","slug":"sds1204x-e","status":"publish","type":"product","link":"https:\/\/yotavis.ch\/pl\/produkt\/sds1204x-e\/","title":{"rendered":"SDS1204X-E"},"content":{"rendered":"<p>Siglent SDS1204X-E to oscyloskop o cz\u0119stotliwo\u015bci 200 MHz wyposa\u017cony w cztery kana\u0142y, umo\u017cliwiaj\u0105ce jednoczesn\u0105 analiz\u0119 sygna\u0142u na wielu wej\u015bciach. Charakteryzuje si\u0119 cz\u0119stotliwo\u015bci\u0105 pr\u00f3bkowania 500 MS\/s na kana\u0142, zapewniaj\u0105c szczeg\u00f3\u0142owe przechwytywanie i analiz\u0119 przebieg\u00f3w. Urz\u0105dzenie posiada pami\u0119\u0107 o pojemno\u015bci 7 Mpts, umo\u017cliwiaj\u0105c rozszerzone przechowywanie danych w celu kompleksowego badania sygna\u0142u. Dzi\u0119ki 8-bitowej rozdzielczo\u015bci pionowej oscyloskop oferuje precyzyjne pomiary amplitudy. SDS1204X-E nie posiada interfejsu z ekranem dotykowym, koncentruj\u0105c si\u0119 na tradycyjnych metodach sterowania. Model ten zosta\u0142 zaprojektowany do obs\u0142ugi pasma 200 MHz, odpowiedniego do szerokiego zakresu zastosowa\u0144 w testowaniu elektroniki.<\/p>","protected":false},"excerpt":{"rendered":"<p>4-kana\u0142owy oscyloskop 200 MHz<\/p>","protected":false},"featured_media":4840,"comment_status":"closed","ping_status":"closed","template":"","meta":{"_acf_changed":false,"slim_seo":{"title":"SDS1204X-E - YOTAVIS AG","description":"4-kana\u0142owy oscyloskop 200 MHz"}},"product_brand":[506],"product_cat":[508,507],"product_tag":[],"class_list":{"0":"post-3564","1":"product","2":"type-product","3":"status-publish","4":"has-post-thumbnail","6":"product_brand-siglent","7":"product_cat-desktop-en","8":"product_cat-oscilloscope","9":"pa_bandwidth-mhz-92","10":"pa_channels-338","11":"pa_digital-channels-opt","12":"pa_memory-depht-mpts-96","13":"pa_sampling-rate-channels-ms-s-351","14":"pa_touch-screen-no","15":"pa_vertical-resolution-bits-340","17":"first","18":"instock","19":"taxable","20":"shipping-taxable","21":"purchasable","22":"product-type-simple"},"acf":[],"_links":{"self":[{"href":"https:\/\/yotavis.ch\/pl\/wp-json\/wp\/v2\/product\/3564","targetHints":{"allow":["GET"]}}],"collection":[{"href":"https:\/\/yotavis.ch\/pl\/wp-json\/wp\/v2\/product"}],"about":[{"href":"https:\/\/yotavis.ch\/pl\/wp-json\/wp\/v2\/types\/product"}],"replies":[{"embeddable":true,"href":"https:\/\/yotavis.ch\/pl\/wp-json\/wp\/v2\/comments?post=3564"}],"wp:featuredmedia":[{"embeddable":true,"href":"https:\/\/yotavis.ch\/pl\/wp-json\/wp\/v2\/media\/4840"}],"wp:attachment":[{"href":"https:\/\/yotavis.ch\/pl\/wp-json\/wp\/v2\/media?parent=3564"}],"wp:term":[{"taxonomy":"product_brand","embeddable":true,"href":"https:\/\/yotavis.ch\/pl\/wp-json\/wp\/v2\/product_brand?post=3564"},{"taxonomy":"product_cat","embeddable":true,"href":"https:\/\/yotavis.ch\/pl\/wp-json\/wp\/v2\/product_cat?post=3564"},{"taxonomy":"product_tag","embeddable":true,"href":"https:\/\/yotavis.ch\/pl\/wp-json\/wp\/v2\/product_tag?post=3564"}],"curies":[{"name":"wp","href":"https:\/\/api.w.org\/{rel}","templated":true}]}}