{"id":3566,"date":"2025-10-09T00:00:00","date_gmt":"2025-10-08T22:00:00","guid":{"rendered":"https:\/\/yotavis.ch\/product\/sds1052dl\/"},"modified":"2026-04-24T13:27:22","modified_gmt":"2026-04-24T11:27:22","slug":"sds1052dl","status":"publish","type":"product","link":"https:\/\/yotavis.ch\/pl\/produkt\/sds1052dl\/","title":{"rendered":"SDS1052DL+"},"content":{"rendered":"<p>Siglent SDS1052DL+ to dwukana\u0142owy oscyloskop o szeroko\u015bci pasma 50 MHz, zaprojektowany z my\u015bl\u0105 o niezawodnej analizie sygna\u0142\u00f3w. Posiada dwa kana\u0142y, umo\u017cliwiaj\u0105ce jednoczesn\u0105 obserwacj\u0119 wielu sygna\u0142\u00f3w. Urz\u0105dzenie oferuje cz\u0119stotliwo\u015b\u0107 pr\u00f3bkowania 500 MS\/s na kana\u0142, umo\u017cliwiaj\u0105c szczeg\u00f3\u0142owe przechwytywanie danych przebiegu. G\u0142\u0119boko\u015b\u0107 pami\u0119ci wynosz\u0105ca 2 Mpts umo\u017cliwia przechowywanie znacznej ilo\u015bci informacji o przebiegu do analizy. Rozdzielczo\u015b\u0107 pionowa wynosi 8 bit\u00f3w, co okre\u015bla precyzj\u0119 pomiaru sygna\u0142u. Oscyloskop ten nie posiada kana\u0142\u00f3w cyfrowych ani interfejsu z ekranem dotykowym. Nadaje si\u0119 do r\u00f3\u017cnych zastosowa\u0144 wymagaj\u0105cych dok\u0142adnej wizualizacji i pomiaru sygna\u0142u.<\/p>","protected":false},"excerpt":{"rendered":"<p>Dwukana\u0142owy oscyloskop 50 MHz<\/p>","protected":false},"featured_media":4859,"comment_status":"closed","ping_status":"closed","template":"","meta":{"_acf_changed":false,"slim_seo":{"title":"SDS1052DL+ - YOTAVIS AG","description":"Dwukana\u0142owy oscyloskop 50 MHz"}},"product_brand":[506],"product_cat":[508,507],"product_tag":[],"class_list":{"0":"post-3566","1":"product","2":"type-product","3":"status-publish","4":"has-post-thumbnail","6":"product_brand-siglent","7":"product_cat-desktop-en","8":"product_cat-oscilloscope","9":"pa_bandwidth-mhz-100","10":"pa_channels-350","11":"pa_digital-channels-no","12":"pa_memory-depht-mpts-101","13":"pa_sampling-rate-channels-ms-s-351","14":"pa_touch-screen-no","15":"pa_vertical-resolution-bits-340","17":"first","18":"instock","19":"taxable","20":"shipping-taxable","21":"purchasable","22":"product-type-simple"},"acf":[],"_links":{"self":[{"href":"https:\/\/yotavis.ch\/pl\/wp-json\/wp\/v2\/product\/3566","targetHints":{"allow":["GET"]}}],"collection":[{"href":"https:\/\/yotavis.ch\/pl\/wp-json\/wp\/v2\/product"}],"about":[{"href":"https:\/\/yotavis.ch\/pl\/wp-json\/wp\/v2\/types\/product"}],"replies":[{"embeddable":true,"href":"https:\/\/yotavis.ch\/pl\/wp-json\/wp\/v2\/comments?post=3566"}],"wp:featuredmedia":[{"embeddable":true,"href":"https:\/\/yotavis.ch\/pl\/wp-json\/wp\/v2\/media\/4859"}],"wp:attachment":[{"href":"https:\/\/yotavis.ch\/pl\/wp-json\/wp\/v2\/media?parent=3566"}],"wp:term":[{"taxonomy":"product_brand","embeddable":true,"href":"https:\/\/yotavis.ch\/pl\/wp-json\/wp\/v2\/product_brand?post=3566"},{"taxonomy":"product_cat","embeddable":true,"href":"https:\/\/yotavis.ch\/pl\/wp-json\/wp\/v2\/product_cat?post=3566"},{"taxonomy":"product_tag","embeddable":true,"href":"https:\/\/yotavis.ch\/pl\/wp-json\/wp\/v2\/product_tag?post=3566"}],"curies":[{"name":"wp","href":"https:\/\/api.w.org\/{rel}","templated":true}]}}