{"id":3567,"date":"2025-10-09T00:00:00","date_gmt":"2025-10-08T22:00:00","guid":{"rendered":"https:\/\/yotavis.ch\/product\/sds1102cml\/"},"modified":"2026-04-24T13:27:22","modified_gmt":"2026-04-24T11:27:22","slug":"sds1102cml","status":"publish","type":"product","link":"https:\/\/yotavis.ch\/pl\/produkt\/sds1102cml\/","title":{"rendered":"SDS1102CML+"},"content":{"rendered":"<p>Siglent SDS1102CML+ to dwukana\u0142owy oscyloskop o szeroko\u015bci pasma 100 MHz. Charakteryzuje si\u0119 cz\u0119stotliwo\u015bci\u0105 pr\u00f3bkowania 1000 MS\/s na kana\u0142, co pozwala na szczeg\u00f3\u0142ow\u0105 analiz\u0119 sygna\u0142u. Urz\u0105dzenie ma g\u0142\u0119boko\u015b\u0107 pami\u0119ci 0,032 Mpts i 8-bitow\u0105 rozdzielczo\u015b\u0107 pionow\u0105. Nie zawiera kana\u0142\u00f3w cyfrowych ani interfejsu z ekranem dotykowym. Oscyloskop zosta\u0142 zaprojektowany do jednoczesnej obs\u0142ugi dw\u00f3ch kana\u0142\u00f3w wej\u015bciowych, dzi\u0119ki czemu nadaje si\u0119 do r\u00f3\u017cnych zada\u0144 pomiarowych. Model ten jest oznaczony mark\u0105 Siglent i jest rozpoznawalny ze wzgl\u0119du na swoje specyficzne specyfikacje techniczne.<\/p>","protected":false},"excerpt":{"rendered":"<p>Dwukana\u0142owy oscyloskop 100 MHz<\/p>","protected":false},"featured_media":4862,"comment_status":"closed","ping_status":"closed","template":"","meta":{"_acf_changed":false,"slim_seo":{"title":"SDS1102CML+ - YOTAVIS AG","description":"Dwukana\u0142owy oscyloskop 100 MHz"}},"product_brand":[506],"product_cat":[508,507],"product_tag":[],"class_list":{"0":"post-3567","1":"product","2":"type-product","3":"status-publish","4":"has-post-thumbnail","6":"product_brand-siglent","7":"product_cat-desktop-en","8":"product_cat-oscilloscope","9":"pa_bandwidth-mhz-90","10":"pa_channels-350","11":"pa_digital-channels-no","12":"pa_memory-depht-mpts-0-032","13":"pa_sampling-rate-channels-ms-s-349","14":"pa_touch-screen-no","15":"pa_vertical-resolution-bits-340","17":"first","18":"instock","19":"taxable","20":"shipping-taxable","21":"purchasable","22":"product-type-simple"},"acf":[],"_links":{"self":[{"href":"https:\/\/yotavis.ch\/pl\/wp-json\/wp\/v2\/product\/3567","targetHints":{"allow":["GET"]}}],"collection":[{"href":"https:\/\/yotavis.ch\/pl\/wp-json\/wp\/v2\/product"}],"about":[{"href":"https:\/\/yotavis.ch\/pl\/wp-json\/wp\/v2\/types\/product"}],"replies":[{"embeddable":true,"href":"https:\/\/yotavis.ch\/pl\/wp-json\/wp\/v2\/comments?post=3567"}],"wp:featuredmedia":[{"embeddable":true,"href":"https:\/\/yotavis.ch\/pl\/wp-json\/wp\/v2\/media\/4862"}],"wp:attachment":[{"href":"https:\/\/yotavis.ch\/pl\/wp-json\/wp\/v2\/media?parent=3567"}],"wp:term":[{"taxonomy":"product_brand","embeddable":true,"href":"https:\/\/yotavis.ch\/pl\/wp-json\/wp\/v2\/product_brand?post=3567"},{"taxonomy":"product_cat","embeddable":true,"href":"https:\/\/yotavis.ch\/pl\/wp-json\/wp\/v2\/product_cat?post=3567"},{"taxonomy":"product_tag","embeddable":true,"href":"https:\/\/yotavis.ch\/pl\/wp-json\/wp\/v2\/product_tag?post=3567"}],"curies":[{"name":"wp","href":"https:\/\/api.w.org\/{rel}","templated":true}]}}