{"id":3569,"date":"2025-10-09T00:00:00","date_gmt":"2025-10-08T22:00:00","guid":{"rendered":"https:\/\/yotavis.ch\/product\/shs820x\/"},"modified":"2026-04-24T13:27:23","modified_gmt":"2026-04-24T11:27:23","slug":"shs820x","status":"publish","type":"product","link":"https:\/\/yotavis.ch\/pl\/produkt\/shs820x\/","title":{"rendered":"SHS820X"},"content":{"rendered":"<p>R\u0119czny oscyloskop SHS820X firmy Siglent charakteryzuje si\u0119 szeroko\u015bci\u0105 pasma 200 MHz i oferuje dwa kana\u0142y do pomiaru sygna\u0142u. Obs\u0142uguje cz\u0119stotliwo\u015b\u0107 pr\u00f3bkowania 500 MS\/s na kana\u0142, umo\u017cliwiaj\u0105c szczeg\u00f3\u0142ow\u0105 analiz\u0119 przebiegu. Urz\u0105dzenie posiada pami\u0119\u0107 o pojemno\u015bci 12 Mpts, co pomaga w przechwytywaniu rozszerzonych danych sygna\u0142u w celu dok\u0142adnego zbadania. Dzi\u0119ki rozdzielczo\u015bci pionowej 8 bit\u00f3w oscyloskop zapewnia precyzyjne pomiary amplitudy. Urz\u0105dzenie dzia\u0142a bez kana\u0142\u00f3w cyfrowych i nie posiada interfejsu z ekranem dotykowym. SHS820X zosta\u0142 zaprojektowany z my\u015bl\u0105 o przeno\u015bno\u015bci i \u0142atwo\u015bci u\u017cytkowania w r\u00f3\u017cnych \u015brodowiskach testowych, \u0142\u0105cz\u0105c podstawowe specyfikacje, takie jak og\u00f3lna cz\u0119stotliwo\u015b\u0107 pr\u00f3bkowania 1 GSa\/s i kompaktowa obudowa.<\/p>","protected":false},"excerpt":{"rendered":"<p>200MHz; 2 kana\u0142y, 1GSa\/s; Oscyloskop r\u0119czny<\/p>","protected":false},"featured_media":4870,"comment_status":"closed","ping_status":"closed","template":"","meta":{"_acf_changed":false,"slim_seo":{"title":"SHS820X - YOTAVIS AG","description":"200MHz; 2 kana\u0142y, 1GSa\/s; Oscyloskop r\u0119czny"}},"product_brand":[506],"product_cat":[512,507],"product_tag":[],"class_list":{"0":"post-3569","1":"product","2":"type-product","3":"status-publish","4":"has-post-thumbnail","6":"product_brand-siglent","7":"product_cat-handheld-en","8":"product_cat-oscilloscope","9":"pa_bandwidth-mhz-92","10":"pa_channels-350","11":"pa_digital-channels-no","12":"pa_memory-depht-mpts-103","13":"pa_sampling-rate-channels-ms-s-351","14":"pa_touch-screen-no","15":"pa_vertical-resolution-bits-340","17":"first","18":"instock","19":"taxable","20":"shipping-taxable","21":"purchasable","22":"product-type-simple"},"acf":[],"_links":{"self":[{"href":"https:\/\/yotavis.ch\/pl\/wp-json\/wp\/v2\/product\/3569","targetHints":{"allow":["GET"]}}],"collection":[{"href":"https:\/\/yotavis.ch\/pl\/wp-json\/wp\/v2\/product"}],"about":[{"href":"https:\/\/yotavis.ch\/pl\/wp-json\/wp\/v2\/types\/product"}],"replies":[{"embeddable":true,"href":"https:\/\/yotavis.ch\/pl\/wp-json\/wp\/v2\/comments?post=3569"}],"wp:featuredmedia":[{"embeddable":true,"href":"https:\/\/yotavis.ch\/pl\/wp-json\/wp\/v2\/media\/4870"}],"wp:attachment":[{"href":"https:\/\/yotavis.ch\/pl\/wp-json\/wp\/v2\/media?parent=3569"}],"wp:term":[{"taxonomy":"product_brand","embeddable":true,"href":"https:\/\/yotavis.ch\/pl\/wp-json\/wp\/v2\/product_brand?post=3569"},{"taxonomy":"product_cat","embeddable":true,"href":"https:\/\/yotavis.ch\/pl\/wp-json\/wp\/v2\/product_cat?post=3569"},{"taxonomy":"product_tag","embeddable":true,"href":"https:\/\/yotavis.ch\/pl\/wp-json\/wp\/v2\/product_tag?post=3569"}],"curies":[{"name":"wp","href":"https:\/\/api.w.org\/{rel}","templated":true}]}}