{"id":3570,"date":"2025-10-09T00:00:00","date_gmt":"2025-10-08T22:00:00","guid":{"rendered":"https:\/\/yotavis.ch\/product\/shs1102x\/"},"modified":"2026-04-24T13:27:23","modified_gmt":"2026-04-24T11:27:23","slug":"shs1102x","status":"publish","type":"product","link":"https:\/\/yotavis.ch\/pl\/produkt\/shs1102x\/","title":{"rendered":"SHS1102X"},"content":{"rendered":"<p>SHS1102X to r\u0119czny oscyloskop firmy Siglent wyposa\u017cony w dwa izolowane kana\u0142y o szeroko\u015bci pasma 100 MHz. Oferuje cz\u0119stotliwo\u015b\u0107 pr\u00f3bkowania 500 MS\/s na kana\u0142 i g\u0142\u0119boko\u015b\u0107 pami\u0119ci 12 Mpts, pozwalaj\u0105c na szczeg\u00f3\u0142ow\u0105 analiz\u0119 sygna\u0142u. Urz\u0105dzenie ma rozdzielczo\u015b\u0107 pionow\u0105 8 bit\u00f3w, zapewniaj\u0105c precyzyjne mo\u017cliwo\u015bci pomiarowe. Pracuje z maksymaln\u0105 cz\u0119stotliwo\u015bci\u0105 pr\u00f3bkowania 1 GSa\/s na dw\u00f3ch kana\u0142ach. Oscyloskop ten nie posiada kana\u0142\u00f3w cyfrowych ani interfejsu z ekranem dotykowym. Zaprojektowany z my\u015bl\u0105 o przeno\u015bno\u015bci, obs\u0142uguje wydajne pozyskiwanie i analiz\u0119 danych w r\u00f3\u017cnych \u015brodowiskach. Po\u0142\u0105czenie jego przepustowo\u015bci, cz\u0119stotliwo\u015bci pr\u00f3bkowania i g\u0142\u0119boko\u015bci pami\u0119ci sprawia, \u017ce nadaje si\u0119 on do przechwytywania i badania szerokiego zakresu sygna\u0142\u00f3w elektronicznych.<\/p>","protected":false},"excerpt":{"rendered":"<p>100MHz; 2 izolowane kana\u0142y, 1GSa\/s; - Oscyloskop r\u0119czny<\/p>","protected":false},"featured_media":4871,"comment_status":"closed","ping_status":"closed","template":"","meta":{"_acf_changed":false,"slim_seo":{"title":"SHS1102X - YOTAVIS AG","description":"100MHz; 2 izolowane kana\u0142y, 1GSa\/s; - Oscyloskop r\u0119czny"}},"product_brand":[506],"product_cat":[512,507],"product_tag":[],"class_list":{"0":"post-3570","1":"product","2":"type-product","3":"status-publish","4":"has-post-thumbnail","6":"product_brand-siglent","7":"product_cat-handheld-en","8":"product_cat-oscilloscope","9":"pa_bandwidth-mhz-90","10":"pa_channels-350","11":"pa_digital-channels-no","12":"pa_memory-depht-mpts-103","13":"pa_sampling-rate-channels-ms-s-351","14":"pa_touch-screen-no","15":"pa_vertical-resolution-bits-340","17":"first","18":"instock","19":"taxable","20":"shipping-taxable","21":"purchasable","22":"product-type-simple"},"acf":[],"_links":{"self":[{"href":"https:\/\/yotavis.ch\/pl\/wp-json\/wp\/v2\/product\/3570","targetHints":{"allow":["GET"]}}],"collection":[{"href":"https:\/\/yotavis.ch\/pl\/wp-json\/wp\/v2\/product"}],"about":[{"href":"https:\/\/yotavis.ch\/pl\/wp-json\/wp\/v2\/types\/product"}],"replies":[{"embeddable":true,"href":"https:\/\/yotavis.ch\/pl\/wp-json\/wp\/v2\/comments?post=3570"}],"wp:featuredmedia":[{"embeddable":true,"href":"https:\/\/yotavis.ch\/pl\/wp-json\/wp\/v2\/media\/4871"}],"wp:attachment":[{"href":"https:\/\/yotavis.ch\/pl\/wp-json\/wp\/v2\/media?parent=3570"}],"wp:term":[{"taxonomy":"product_brand","embeddable":true,"href":"https:\/\/yotavis.ch\/pl\/wp-json\/wp\/v2\/product_brand?post=3570"},{"taxonomy":"product_cat","embeddable":true,"href":"https:\/\/yotavis.ch\/pl\/wp-json\/wp\/v2\/product_cat?post=3570"},{"taxonomy":"product_tag","embeddable":true,"href":"https:\/\/yotavis.ch\/pl\/wp-json\/wp\/v2\/product_tag?post=3570"}],"curies":[{"name":"wp","href":"https:\/\/api.w.org\/{rel}","templated":true}]}}