{"id":3571,"date":"2025-10-09T00:00:00","date_gmt":"2025-10-08T22:00:00","guid":{"rendered":"https:\/\/yotavis.ch\/product\/shs1202x\/"},"modified":"2026-04-24T13:27:23","modified_gmt":"2026-04-24T11:27:23","slug":"shs1202x","status":"publish","type":"product","link":"https:\/\/yotavis.ch\/pl\/produkt\/shs1202x\/","title":{"rendered":"SHS1202X"},"content":{"rendered":"<p>R\u0119czny oscyloskop SHS1202X firmy Siglent charakteryzuje si\u0119 szeroko\u015bci\u0105 pasma 200 MHz i oferuje dwa izolowane kana\u0142y do pomiaru sygna\u0142u. Obs\u0142uguje maksymaln\u0105 cz\u0119stotliwo\u015b\u0107 pr\u00f3bkowania 1 GSa\/s, przy czym ka\u017cdy kana\u0142 mo\u017ce pr\u00f3bkowa\u0107 z pr\u0119dko\u015bci\u0105 500 MS\/s. Urz\u0105dzenie posiada pami\u0119\u0107 o pojemno\u015bci 12 Mpts, co pozwala na szczeg\u00f3\u0142ow\u0105 rejestracj\u0119 i analiz\u0119 przebieg\u00f3w. Rozdzielczo\u015b\u0107 pionowa wynosi 8 bit\u00f3w, co zapewnia precyzyjn\u0105 reprezentacj\u0119 sygna\u0142u. Oscyloskop ten nie posiada kana\u0142\u00f3w cyfrowych ani interfejsu z ekranem dotykowym. Zaprojektowany z my\u015bl\u0105 o przeno\u015bno\u015bci, \u0142\u0105czy w sobie podstawowe mo\u017cliwo\u015bci pomiarowe w kompaktowej, podr\u0119cznej formie. SHS1202X nadaje si\u0119 do r\u00f3\u017cnych zastosowa\u0144 wymagaj\u0105cych dok\u0142adnej i izolowanej dwukana\u0142owej akwizycji sygna\u0142u.<\/p>","protected":false},"excerpt":{"rendered":"<p>200MHz; 2 izolowane kana\u0142y, 1GSa\/s; - Oscyloskop r\u0119czny<\/p>","protected":false},"featured_media":4874,"comment_status":"closed","ping_status":"closed","template":"","meta":{"_acf_changed":false,"slim_seo":{"title":"SHS1202X - YOTAVIS AG","description":"200MHz; 2 izolowane kana\u0142y, 1GSa\/s; - Oscyloskop r\u0119czny"}},"product_brand":[506],"product_cat":[512,507],"product_tag":[],"class_list":{"0":"post-3571","1":"product","2":"type-product","3":"status-publish","4":"has-post-thumbnail","6":"product_brand-siglent","7":"product_cat-handheld-en","8":"product_cat-oscilloscope","9":"pa_bandwidth-mhz-92","10":"pa_channels-350","11":"pa_digital-channels-no","12":"pa_memory-depht-mpts-103","13":"pa_sampling-rate-channels-ms-s-351","14":"pa_touch-screen-no","15":"pa_vertical-resolution-bits-340","17":"first","18":"instock","19":"taxable","20":"shipping-taxable","21":"purchasable","22":"product-type-simple"},"acf":[],"_links":{"self":[{"href":"https:\/\/yotavis.ch\/pl\/wp-json\/wp\/v2\/product\/3571","targetHints":{"allow":["GET"]}}],"collection":[{"href":"https:\/\/yotavis.ch\/pl\/wp-json\/wp\/v2\/product"}],"about":[{"href":"https:\/\/yotavis.ch\/pl\/wp-json\/wp\/v2\/types\/product"}],"replies":[{"embeddable":true,"href":"https:\/\/yotavis.ch\/pl\/wp-json\/wp\/v2\/comments?post=3571"}],"wp:featuredmedia":[{"embeddable":true,"href":"https:\/\/yotavis.ch\/pl\/wp-json\/wp\/v2\/media\/4874"}],"wp:attachment":[{"href":"https:\/\/yotavis.ch\/pl\/wp-json\/wp\/v2\/media?parent=3571"}],"wp:term":[{"taxonomy":"product_brand","embeddable":true,"href":"https:\/\/yotavis.ch\/pl\/wp-json\/wp\/v2\/product_brand?post=3571"},{"taxonomy":"product_cat","embeddable":true,"href":"https:\/\/yotavis.ch\/pl\/wp-json\/wp\/v2\/product_cat?post=3571"},{"taxonomy":"product_tag","embeddable":true,"href":"https:\/\/yotavis.ch\/pl\/wp-json\/wp\/v2\/product_tag?post=3571"}],"curies":[{"name":"wp","href":"https:\/\/api.w.org\/{rel}","templated":true}]}}