{"id":3572,"date":"2025-10-09T00:00:00","date_gmt":"2025-10-08T22:00:00","guid":{"rendered":"https:\/\/yotavis.ch\/product\/sdg810\/"},"modified":"2026-04-24T13:27:24","modified_gmt":"2026-04-24T11:27:24","slug":"sdg810","status":"publish","type":"product","link":"https:\/\/yotavis.ch\/pl\/produkt\/sdg810\/","title":{"rendered":"SDG810"},"content":{"rendered":"<p>Siglent SDG810 to jednokana\u0142owy generator przebieg\u00f3w arbitralnych o maksymalnej cz\u0119stotliwo\u015bci 10 MHz. Charakteryzuje si\u0119 cz\u0119stotliwo\u015bci\u0105 pr\u00f3bkowania 125 MSa\/s, co pozwala na precyzyjne generowanie sygna\u0142u. Urz\u0105dzenie obs\u0142uguje tryby sweep i burst, zapewniaj\u0105c wszechstronne opcje wyj\u015bciowe kszta\u0142tu fali. G\u0142\u0119boko\u015b\u0107 pami\u0119ci wynosi 0,016 Mpts, umo\u017cliwiaj\u0105c przechowywanie danych przebiegu do wyj\u015bcia. Minimalny czas przej\u015bcia wynosi 20 ns, a minimalna szeroko\u015b\u0107 impulsu to 16 ns, kt\u00f3re s\u0105 krytycznymi parametrami dla dok\u0142adno\u015bci taktowania podczas generowania sygna\u0142u. Amplituda mo\u017ce osi\u0105gn\u0105\u0107 do 10 V, dzi\u0119ki czemu nadaje si\u0119 do r\u00f3\u017cnych zastosowa\u0144 testowych i pomiarowych. Model ten \u0142\u0105czy w sobie podstawowe funkcje generowania przebieg\u00f3w w kompaktowej konstrukcji.<\/p>","protected":false},"excerpt":{"rendered":"<p>10MHz; 1 kana\u0142; 125MSa\/s; AWG\/AFG<\/p>","protected":false},"featured_media":4887,"comment_status":"closed","ping_status":"closed","template":"","meta":{"_acf_changed":false,"slim_seo":{"title":"SDG810 - YOTAVIS AG","description":"10MHz; 1 kana\u0142; 125MSa\/s; AWG\/AFG"}},"product_brand":[506],"product_cat":[1189,541,513],"product_tag":[],"class_list":{"0":"post-3572","1":"product","2":"type-product","3":"status-publish","4":"has-post-thumbnail","6":"product_brand-siglent","7":"product_cat-afg","8":"product_cat-awg","9":"product_cat-generator","10":"pa_amplitude-v-106","11":"pa_burst-yes","12":"pa_channels-384","13":"pa_frequency-mhz-105","14":"pa_memory-mpts-0-016","15":"pa_pulse-width-min-ns-112","16":"pa_sampling-rate-ms-s-109","17":"pa_sweep-yes","18":"pa_transition-time-min-ns-111","19":"pa_vertical-resolution-bits-113","21":"first","22":"instock","23":"taxable","24":"shipping-taxable","25":"purchasable","26":"product-type-simple"},"acf":[],"_links":{"self":[{"href":"https:\/\/yotavis.ch\/pl\/wp-json\/wp\/v2\/product\/3572","targetHints":{"allow":["GET"]}}],"collection":[{"href":"https:\/\/yotavis.ch\/pl\/wp-json\/wp\/v2\/product"}],"about":[{"href":"https:\/\/yotavis.ch\/pl\/wp-json\/wp\/v2\/types\/product"}],"replies":[{"embeddable":true,"href":"https:\/\/yotavis.ch\/pl\/wp-json\/wp\/v2\/comments?post=3572"}],"wp:featuredmedia":[{"embeddable":true,"href":"https:\/\/yotavis.ch\/pl\/wp-json\/wp\/v2\/media\/4887"}],"wp:attachment":[{"href":"https:\/\/yotavis.ch\/pl\/wp-json\/wp\/v2\/media?parent=3572"}],"wp:term":[{"taxonomy":"product_brand","embeddable":true,"href":"https:\/\/yotavis.ch\/pl\/wp-json\/wp\/v2\/product_brand?post=3572"},{"taxonomy":"product_cat","embeddable":true,"href":"https:\/\/yotavis.ch\/pl\/wp-json\/wp\/v2\/product_cat?post=3572"},{"taxonomy":"product_tag","embeddable":true,"href":"https:\/\/yotavis.ch\/pl\/wp-json\/wp\/v2\/product_tag?post=3572"}],"curies":[{"name":"wp","href":"https:\/\/api.w.org\/{rel}","templated":true}]}}