{"id":3573,"date":"2025-10-09T00:00:00","date_gmt":"2025-10-08T22:00:00","guid":{"rendered":"https:\/\/yotavis.ch\/product\/sdg830\/"},"modified":"2026-04-24T13:27:24","modified_gmt":"2026-04-24T11:27:24","slug":"sdg830","status":"publish","type":"product","link":"https:\/\/yotavis.ch\/pl\/produkt\/sdg830\/","title":{"rendered":"SDG830"},"content":{"rendered":"<p>Siglent SDG830 to generator przebieg\u00f3w arbitralnych 30 MHz z pojedynczym kana\u0142em wyj\u015bciowym. Dzia\u0142a z maksymaln\u0105 cz\u0119stotliwo\u015bci\u0105 30 MHz i obs\u0142uguje amplitud\u0119 do 10 wolt\u00f3w. Urz\u0105dzenie oferuje cz\u0119stotliwo\u015b\u0107 pr\u00f3bkowania 125MSa\/s i zawiera g\u0142\u0119boko\u015b\u0107 pami\u0119ci 0,016Mpts. Obs\u0142uguje zar\u00f3wno tryby sweep, jak i burst, pozwalaj\u0105c na wszechstronne generowanie sygna\u0142\u00f3w. Minimalna osi\u0105galna szeroko\u015b\u0107 impulsu to 16 nanosekund, a czas przej\u015bcia wynosi zaledwie 20 nanosekund. Model ten zosta\u0142 zaprojektowany w celu zapewnienia precyzyjnego przebiegu wyj\u015bciowego z rozdzielczo\u015bci\u0105 pionow\u0105, kt\u00f3ra nie jest okre\u015blona. SDG830 nadaje si\u0119 do zastosowa\u0144 wymagaj\u0105cych szczeg\u00f3\u0142owej kontroli kszta\u0142tu fali i dok\u0142adno\u015bci pomiaru czasu.<\/p>","protected":false},"excerpt":{"rendered":"<p>30MHz; 1 kana\u0142; 125MSa\/s; AWG\/AFG<\/p>","protected":false},"featured_media":4889,"comment_status":"closed","ping_status":"closed","template":"","meta":{"_acf_changed":false,"slim_seo":{"title":"SDG830 - YOTAVIS AG","description":"30MHz; 1 kana\u0142; 125MSa\/s; AWG\/AFG"}},"product_brand":[506],"product_cat":[1189,541,513],"product_tag":[],"class_list":{"0":"post-3573","1":"product","2":"type-product","3":"status-publish","4":"has-post-thumbnail","6":"product_brand-siglent","7":"product_cat-afg","8":"product_cat-awg","9":"product_cat-generator","10":"pa_amplitude-v-106","11":"pa_burst-yes","12":"pa_channels-384","13":"pa_frequency-mhz-116","14":"pa_memory-mpts-0-016","15":"pa_pulse-width-min-ns-112","16":"pa_sampling-rate-ms-s-109","17":"pa_sweep-yes","18":"pa_transition-time-min-ns-111","19":"pa_vertical-resolution-bits-113","21":"first","22":"instock","23":"taxable","24":"shipping-taxable","25":"purchasable","26":"product-type-simple"},"acf":[],"_links":{"self":[{"href":"https:\/\/yotavis.ch\/pl\/wp-json\/wp\/v2\/product\/3573","targetHints":{"allow":["GET"]}}],"collection":[{"href":"https:\/\/yotavis.ch\/pl\/wp-json\/wp\/v2\/product"}],"about":[{"href":"https:\/\/yotavis.ch\/pl\/wp-json\/wp\/v2\/types\/product"}],"replies":[{"embeddable":true,"href":"https:\/\/yotavis.ch\/pl\/wp-json\/wp\/v2\/comments?post=3573"}],"wp:featuredmedia":[{"embeddable":true,"href":"https:\/\/yotavis.ch\/pl\/wp-json\/wp\/v2\/media\/4889"}],"wp:attachment":[{"href":"https:\/\/yotavis.ch\/pl\/wp-json\/wp\/v2\/media?parent=3573"}],"wp:term":[{"taxonomy":"product_brand","embeddable":true,"href":"https:\/\/yotavis.ch\/pl\/wp-json\/wp\/v2\/product_brand?post=3573"},{"taxonomy":"product_cat","embeddable":true,"href":"https:\/\/yotavis.ch\/pl\/wp-json\/wp\/v2\/product_cat?post=3573"},{"taxonomy":"product_tag","embeddable":true,"href":"https:\/\/yotavis.ch\/pl\/wp-json\/wp\/v2\/product_tag?post=3573"}],"curies":[{"name":"wp","href":"https:\/\/api.w.org\/{rel}","templated":true}]}}