{"id":3574,"date":"2025-10-09T00:00:00","date_gmt":"2025-10-08T22:00:00","guid":{"rendered":"https:\/\/yotavis.ch\/product\/sdg1032x\/"},"modified":"2026-04-24T13:27:24","modified_gmt":"2026-04-24T11:27:24","slug":"sdg1032x","status":"publish","type":"product","link":"https:\/\/yotavis.ch\/pl\/produkt\/sdg1032x\/","title":{"rendered":"SDG1032X"},"content":{"rendered":"<p>Siglent SDG1032X to generator funkcyjny 30MHz z dwoma kana\u0142ami i cz\u0119stotliwo\u015bci\u0105 pr\u00f3bkowania 150MSa\/s. Obs\u0142uguje zar\u00f3wno tryby generatora przebieg\u00f3w arbitralnych (AWG), jak i generatora funkcji arbitralnych (AFG). Urz\u0105dzenie oferuje amplitud\u0119 do 10 V i zawiera funkcje przemiatania i burst. G\u0142\u0119boko\u015b\u0107 pami\u0119ci wynosi 0,016 Mpts, co pozwala na szczeg\u00f3\u0142owe przechowywanie i generowanie przebieg\u00f3w. Minimalny czas przej\u015bcia wynosi 16,80 nanosekundy, a minimalna szeroko\u015b\u0107 impulsu to 32,6 nanosekundy. Ta kombinacja funkcji sprawia, \u017ce SDG1032X nadaje si\u0119 do r\u00f3\u017cnych zada\u0144 generowania sygna\u0142\u00f3w wymagaj\u0105cych precyzyjnej kontroli czasu i kszta\u0142tu fali.<\/p>","protected":false},"excerpt":{"rendered":"<p>30MHz; 2 kana\u0142y; 150MSa\/s; AWG\/AFG<\/p>","protected":false},"featured_media":4893,"comment_status":"closed","ping_status":"closed","template":"","meta":{"_acf_changed":false,"slim_seo":{"title":"SDG1032X - YOTAVIS AG","description":"30MHz; 2 kana\u0142y; 150MSa\/s; AWG\/AFG"}},"product_brand":[506],"product_cat":[1189,541,513],"product_tag":[],"class_list":{"0":"post-3574","1":"product","2":"type-product","3":"status-publish","4":"has-post-thumbnail","6":"product_brand-siglent","7":"product_cat-afg","8":"product_cat-awg","9":"product_cat-generator","10":"pa_amplitude-v-106","11":"pa_burst-yes","12":"pa_channels-350","13":"pa_frequency-mhz-116","14":"pa_memory-mpts-0-016","15":"pa_pulse-width-min-ns-32-6","16":"pa_sampling-rate-ms-s-117","17":"pa_sweep-yes","18":"pa_transition-time-min-ns-16-80","19":"pa_vertical-resolution-bits-113","21":"first","22":"instock","23":"taxable","24":"shipping-taxable","25":"purchasable","26":"product-type-simple"},"acf":[],"_links":{"self":[{"href":"https:\/\/yotavis.ch\/pl\/wp-json\/wp\/v2\/product\/3574","targetHints":{"allow":["GET"]}}],"collection":[{"href":"https:\/\/yotavis.ch\/pl\/wp-json\/wp\/v2\/product"}],"about":[{"href":"https:\/\/yotavis.ch\/pl\/wp-json\/wp\/v2\/types\/product"}],"replies":[{"embeddable":true,"href":"https:\/\/yotavis.ch\/pl\/wp-json\/wp\/v2\/comments?post=3574"}],"wp:featuredmedia":[{"embeddable":true,"href":"https:\/\/yotavis.ch\/pl\/wp-json\/wp\/v2\/media\/4893"}],"wp:attachment":[{"href":"https:\/\/yotavis.ch\/pl\/wp-json\/wp\/v2\/media?parent=3574"}],"wp:term":[{"taxonomy":"product_brand","embeddable":true,"href":"https:\/\/yotavis.ch\/pl\/wp-json\/wp\/v2\/product_brand?post=3574"},{"taxonomy":"product_cat","embeddable":true,"href":"https:\/\/yotavis.ch\/pl\/wp-json\/wp\/v2\/product_cat?post=3574"},{"taxonomy":"product_tag","embeddable":true,"href":"https:\/\/yotavis.ch\/pl\/wp-json\/wp\/v2\/product_tag?post=3574"}],"curies":[{"name":"wp","href":"https:\/\/api.w.org\/{rel}","templated":true}]}}