{"id":3575,"date":"2025-10-09T00:00:00","date_gmt":"2025-10-08T22:00:00","guid":{"rendered":"https:\/\/yotavis.ch\/product\/sdg1062x\/"},"modified":"2026-04-24T13:27:24","modified_gmt":"2026-04-24T11:27:24","slug":"sdg1062x","status":"publish","type":"product","link":"https:\/\/yotavis.ch\/pl\/produkt\/sdg1062x\/","title":{"rendered":"SDG1062X"},"content":{"rendered":"<p>Siglent SDG1062X to dwukana\u0142owy generator przebieg\u00f3w arbitralnych 60 MHz i generator funkcyjny zaprojektowany w celu zapewnienia precyzyjnego sygna\u0142u wyj\u015bciowego. Dzia\u0142a z maksymaln\u0105 cz\u0119stotliwo\u015bci\u0105 60 MHz i obs\u0142uguje amplitud\u0119 do 10 wolt\u00f3w. Urz\u0105dzenie charakteryzuje si\u0119 cz\u0119stotliwo\u015bci\u0105 pr\u00f3bkowania wynosz\u0105c\u0105 150MSa\/s, co pozwala na szczeg\u00f3\u0142owe generowanie i analiz\u0119 przebieg\u00f3w. Posiada funkcje przemiatania i burst, co zwi\u0119ksza jego wszechstronno\u015b\u0107 w r\u00f3\u017cnych scenariuszach testowych. G\u0142\u0119boko\u015b\u0107 pami\u0119ci SDG1062X wynosi 0,016 Mpts, co umo\u017cliwia przechowywanie i odtwarzanie z\u0142o\u017conych przebieg\u00f3w. Minimalny czas przej\u015bcia wynosi 16,80 nanosekundy, a minimalna szeroko\u015b\u0107 impulsu to 32,6 nanosekundy, co umo\u017cliwia generowanie ostrych i dok\u0142adnych impuls\u00f3w. Model ten jest odpowiedni do zastosowa\u0144 wymagaj\u0105cych precyzyjnego sterowania czasem i przebiegiem.<\/p>","protected":false},"excerpt":{"rendered":"<p>60MHz; 2 kana\u0142y; 150MSa\/s; AWG\/AFG<\/p>","protected":false},"featured_media":4901,"comment_status":"closed","ping_status":"closed","template":"","meta":{"_acf_changed":false,"slim_seo":{"title":"SDG1062X - YOTAVIS AG","description":"60MHz; 2 kana\u0142y; 150MSa\/s; AWG\/AFG"}},"product_brand":[506],"product_cat":[1189,541,513],"product_tag":[],"class_list":{"0":"post-3575","1":"product","2":"type-product","3":"status-publish","4":"has-post-thumbnail","6":"product_brand-siglent","7":"product_cat-afg","8":"product_cat-awg","9":"product_cat-generator","10":"pa_amplitude-v-106","11":"pa_burst-yes","12":"pa_channels-350","13":"pa_frequency-mhz-120","14":"pa_memory-mpts-0-016","15":"pa_pulse-width-min-ns-32-6","16":"pa_sampling-rate-ms-s-117","17":"pa_sweep-yes","18":"pa_transition-time-min-ns-16-80","19":"pa_vertical-resolution-bits-113","21":"first","22":"instock","23":"taxable","24":"shipping-taxable","25":"purchasable","26":"product-type-simple"},"acf":[],"_links":{"self":[{"href":"https:\/\/yotavis.ch\/pl\/wp-json\/wp\/v2\/product\/3575","targetHints":{"allow":["GET"]}}],"collection":[{"href":"https:\/\/yotavis.ch\/pl\/wp-json\/wp\/v2\/product"}],"about":[{"href":"https:\/\/yotavis.ch\/pl\/wp-json\/wp\/v2\/types\/product"}],"replies":[{"embeddable":true,"href":"https:\/\/yotavis.ch\/pl\/wp-json\/wp\/v2\/comments?post=3575"}],"wp:featuredmedia":[{"embeddable":true,"href":"https:\/\/yotavis.ch\/pl\/wp-json\/wp\/v2\/media\/4901"}],"wp:attachment":[{"href":"https:\/\/yotavis.ch\/pl\/wp-json\/wp\/v2\/media?parent=3575"}],"wp:term":[{"taxonomy":"product_brand","embeddable":true,"href":"https:\/\/yotavis.ch\/pl\/wp-json\/wp\/v2\/product_brand?post=3575"},{"taxonomy":"product_cat","embeddable":true,"href":"https:\/\/yotavis.ch\/pl\/wp-json\/wp\/v2\/product_cat?post=3575"},{"taxonomy":"product_tag","embeddable":true,"href":"https:\/\/yotavis.ch\/pl\/wp-json\/wp\/v2\/product_tag?post=3575"}],"curies":[{"name":"wp","href":"https:\/\/api.w.org\/{rel}","templated":true}]}}