{"id":3576,"date":"2025-10-09T00:00:00","date_gmt":"2025-10-08T22:00:00","guid":{"rendered":"https:\/\/yotavis.ch\/product\/sdg1022x-plus\/"},"modified":"2026-04-24T13:27:25","modified_gmt":"2026-04-24T11:27:25","slug":"sdg1022x-plus","status":"publish","type":"product","link":"https:\/\/yotavis.ch\/pl\/produkt\/sdg1022x-plus\/","title":{"rendered":"SDG1022X Plus"},"content":{"rendered":"<p>SDG1022X Plus firmy Siglent to dwukana\u0142owy generator przebieg\u00f3w arbitralnych 25 MHz o cz\u0119stotliwo\u015bci pr\u00f3bkowania 1 GSa\/s i 16-bitowej rozdzielczo\u015bci pionowej. Oferuje on arbitraln\u0105 d\u0142ugo\u015b\u0107 fali wynosz\u0105c\u0105 8 Mpts na kana\u0142, co pozwala na szczeg\u00f3\u0142owe generowanie sygna\u0142u. Urz\u0105dzenie obs\u0142uguje maksymaln\u0105 amplitud\u0119 \u00b110 V, zapewniaj\u0105c szeroki zakres wyj\u015bciowy dla r\u00f3\u017cnych zastosowa\u0144. Zawiera funkcje sweep i burst, zwi\u0119kszaj\u0105ce jego wszechstronno\u015b\u0107 w testowaniu sygna\u0142\u00f3w. Cz\u0119stotliwo\u015b\u0107 pr\u00f3bkowania wynosi 250 MS\/s, a g\u0142\u0119boko\u015b\u0107 pami\u0119ci 0,016 Mpts. Minimalny czas przej\u015bcia wynosi 10 ns, a minimalna szeroko\u015b\u0107 impulsu to 19,4 ns, co umo\u017cliwia precyzyjn\u0105 kontrol\u0119 nad charakterystyk\u0105 przebiegu. Model ten zosta\u0142 zaprojektowany w celu zapewnienia dok\u0142adnego i elastycznego generowania przebieg\u00f3w do cel\u00f3w testowych i rozwojowych.<\/p>","protected":false},"excerpt":{"rendered":"<p>25 MHz 2 CH AWG; cz\u0119stotliwo\u015b\u0107 pr\u00f3bkowania 1 GSa\/s; rozdzielczo\u015b\u0107 pionowa 16 bit\u00f3w; 8 Mpts\/CH Dowolna d\u0142ugo\u015b\u0107 fali; \u00b110 V maks. amplituda;<\/p>","protected":false},"featured_media":4905,"comment_status":"closed","ping_status":"closed","template":"","meta":{"_acf_changed":false,"slim_seo":{"title":"SDG1022X Plus - YOTAVIS AG","description":"25 MHz 2 CH AWG; cz\u0119stotliwo\u015b\u0107 pr\u00f3bkowania 1 GSa\/s; rozdzielczo\u015b\u0107 pionowa 16 bit\u00f3w; 8 Mpts\/CH Dowolna d\u0142ugo\u015b\u0107 fali; \u00b110 V maks. amplituda;"}},"product_brand":[506],"product_cat":[1189,541,513],"product_tag":[],"class_list":{"0":"post-3576","1":"product","2":"type-product","3":"status-publish","4":"has-post-thumbnail","6":"product_brand-siglent","7":"product_cat-afg","8":"product_cat-awg","9":"product_cat-generator","10":"pa_amplitude-v-106","11":"pa_burst-yes","12":"pa_channels-350","13":"pa_frequency-mhz-121","14":"pa_memory-mpts-0-016","15":"pa_pulse-width-min-ns-19-4","16":"pa_sampling-rate-ms-s-122","17":"pa_sweep-yes","18":"pa_transition-time-min-ns-123","19":"pa_vertical-resolution-bits-125","21":"first","22":"instock","23":"taxable","24":"shipping-taxable","25":"purchasable","26":"product-type-simple"},"acf":[],"_links":{"self":[{"href":"https:\/\/yotavis.ch\/pl\/wp-json\/wp\/v2\/product\/3576","targetHints":{"allow":["GET"]}}],"collection":[{"href":"https:\/\/yotavis.ch\/pl\/wp-json\/wp\/v2\/product"}],"about":[{"href":"https:\/\/yotavis.ch\/pl\/wp-json\/wp\/v2\/types\/product"}],"replies":[{"embeddable":true,"href":"https:\/\/yotavis.ch\/pl\/wp-json\/wp\/v2\/comments?post=3576"}],"wp:featuredmedia":[{"embeddable":true,"href":"https:\/\/yotavis.ch\/pl\/wp-json\/wp\/v2\/media\/4905"}],"wp:attachment":[{"href":"https:\/\/yotavis.ch\/pl\/wp-json\/wp\/v2\/media?parent=3576"}],"wp:term":[{"taxonomy":"product_brand","embeddable":true,"href":"https:\/\/yotavis.ch\/pl\/wp-json\/wp\/v2\/product_brand?post=3576"},{"taxonomy":"product_cat","embeddable":true,"href":"https:\/\/yotavis.ch\/pl\/wp-json\/wp\/v2\/product_cat?post=3576"},{"taxonomy":"product_tag","embeddable":true,"href":"https:\/\/yotavis.ch\/pl\/wp-json\/wp\/v2\/product_tag?post=3576"}],"curies":[{"name":"wp","href":"https:\/\/api.w.org\/{rel}","templated":true}]}}