{"id":3578,"date":"2025-10-09T00:00:00","date_gmt":"2025-10-08T22:00:00","guid":{"rendered":"https:\/\/yotavis.ch\/product\/sdg1062x-plus\/"},"modified":"2026-04-24T13:27:25","modified_gmt":"2026-04-24T11:27:25","slug":"sdg1062x-plus","status":"publish","type":"product","link":"https:\/\/yotavis.ch\/pl\/produkt\/sdg1062x-plus\/","title":{"rendered":"SDG1062X Plus"},"content":{"rendered":"<p>SDG1062X Plus firmy Siglent to generator przebieg\u00f3w arbitralnych 60 MHz z dwoma kana\u0142ami i maksymaln\u0105 amplitud\u0105 \u00b110 V. Oferuje cz\u0119stotliwo\u015b\u0107 pr\u00f3bkowania 1 GSa\/s i rozdzielczo\u015b\u0107 pionow\u0105 16 bit\u00f3w, zapewniaj\u0105c precyzyjne generowanie przebieg\u00f3w. Ka\u017cdy kana\u0142 obs\u0142uguje dowoln\u0105 d\u0142ugo\u015b\u0107 fali do 8 Mpts, umo\u017cliwiaj\u0105c tworzenie z\u0142o\u017conych sygna\u0142\u00f3w. Urz\u0105dzenie posiada funkcje sweep i burst, co zwi\u0119ksza jego wszechstronno\u015b\u0107 w r\u00f3\u017cnych scenariuszach testowych. Dzia\u0142a z cz\u0119stotliwo\u015bci\u0105 pr\u00f3bkowania 250 MS\/s i ma g\u0142\u0119boko\u015b\u0107 pami\u0119ci 0,016 Mpts. Minimalny czas przej\u015bcia wynosi 10 ns, a minimalna szeroko\u015b\u0107 impulsu to 19,4 ns, co umo\u017cliwia szczeg\u00f3\u0142owe kszta\u0142towanie sygna\u0142u. Model ten zosta\u0142 zaprojektowany z my\u015bl\u0105 o potrzebach u\u017cytkownik\u00f3w wymagaj\u0105cych wysokiej rozdzielczo\u015bci i du\u017cej szybko\u015bci generowania przebieg\u00f3w arbitralnych.<\/p>","protected":false},"excerpt":{"rendered":"<p>60 MHz 2 CH AWG; cz\u0119stotliwo\u015b\u0107 pr\u00f3bkowania 1 GSa\/s; rozdzielczo\u015b\u0107 pionowa 16 bit\u00f3w; 8 Mpts\/CH Dowolna d\u0142ugo\u015b\u0107 fali; \u00b110 V maks. amplituda;<\/p>","protected":false},"featured_media":4914,"comment_status":"closed","ping_status":"closed","template":"","meta":{"_acf_changed":false,"slim_seo":{"title":"SDG1062X Plus - YOTAVIS AG","description":"60 MHz 2 CH AWG; cz\u0119stotliwo\u015b\u0107 pr\u00f3bkowania 1 GSa\/s; rozdzielczo\u015b\u0107 pionowa 16 bit\u00f3w; 8 Mpts\/CH Dowolna d\u0142ugo\u015b\u0107 fali; \u00b110 V maks. amplituda;"}},"product_brand":[506],"product_cat":[1189,541,513],"product_tag":[],"class_list":{"0":"post-3578","1":"product","2":"type-product","3":"status-publish","4":"has-post-thumbnail","6":"product_brand-siglent","7":"product_cat-afg","8":"product_cat-awg","9":"product_cat-generator","10":"pa_amplitude-v-106","11":"pa_burst-yes","12":"pa_channels-350","13":"pa_frequency-mhz-120","14":"pa_memory-mpts-0-016","15":"pa_pulse-width-min-ns-19-4","16":"pa_sampling-rate-ms-s-122","17":"pa_sweep-yes","18":"pa_transition-time-min-ns-123","19":"pa_vertical-resolution-bits-125","21":"first","22":"instock","23":"taxable","24":"shipping-taxable","25":"purchasable","26":"product-type-simple"},"acf":[],"_links":{"self":[{"href":"https:\/\/yotavis.ch\/pl\/wp-json\/wp\/v2\/product\/3578","targetHints":{"allow":["GET"]}}],"collection":[{"href":"https:\/\/yotavis.ch\/pl\/wp-json\/wp\/v2\/product"}],"about":[{"href":"https:\/\/yotavis.ch\/pl\/wp-json\/wp\/v2\/types\/product"}],"replies":[{"embeddable":true,"href":"https:\/\/yotavis.ch\/pl\/wp-json\/wp\/v2\/comments?post=3578"}],"wp:featuredmedia":[{"embeddable":true,"href":"https:\/\/yotavis.ch\/pl\/wp-json\/wp\/v2\/media\/4914"}],"wp:attachment":[{"href":"https:\/\/yotavis.ch\/pl\/wp-json\/wp\/v2\/media?parent=3578"}],"wp:term":[{"taxonomy":"product_brand","embeddable":true,"href":"https:\/\/yotavis.ch\/pl\/wp-json\/wp\/v2\/product_brand?post=3578"},{"taxonomy":"product_cat","embeddable":true,"href":"https:\/\/yotavis.ch\/pl\/wp-json\/wp\/v2\/product_cat?post=3578"},{"taxonomy":"product_tag","embeddable":true,"href":"https:\/\/yotavis.ch\/pl\/wp-json\/wp\/v2\/product_tag?post=3578"}],"curies":[{"name":"wp","href":"https:\/\/api.w.org\/{rel}","templated":true}]}}