{"id":3579,"date":"2025-10-09T00:00:00","date_gmt":"2025-10-08T22:00:00","guid":{"rendered":"https:\/\/yotavis.ch\/product\/sdg2042x\/"},"modified":"2026-04-24T13:27:26","modified_gmt":"2026-04-24T11:27:26","slug":"sdg2042x","status":"publish","type":"product","link":"https:\/\/yotavis.ch\/pl\/produkt\/sdg2042x\/","title":{"rendered":"SDG2042X"},"content":{"rendered":"<p>Siglent SDG2042X to generator przebieg\u00f3w o maksymalnej cz\u0119stotliwo\u015bci 40 MHz i dw\u00f3ch kana\u0142ach wyj\u015bciowych. Obs\u0142uguje cz\u0119stotliwo\u015b\u0107 pr\u00f3bkowania 1,2 GSa\/s i oferuje g\u0142\u0119boko\u015b\u0107 pami\u0119ci 8 Mpts, umo\u017cliwiaj\u0105c szczeg\u00f3\u0142owe generowanie i przechowywanie przebieg\u00f3w. Urz\u0105dzenie zawiera technologi\u0119 EasyPulse, kt\u00f3ra usprawnia generowanie sygna\u0142u impulsowego z minimalnym czasem przej\u015bcia 8,4 ns i minimaln\u0105 szeroko\u015bci\u0105 impulsu 16,3 ns. Zapewnia amplitud\u0119 wyj\u015bciow\u0105 do 10 V i obs\u0142uguje zar\u00f3wno funkcje przemiatania, jak i burst dla wszechstronnej modulacji sygna\u0142u. Przebieg wyj\u015bciowy mo\u017ce wynosi\u0107 od 8 punkt\u00f3w do 8 milion\u00f3w punkt\u00f3w, dostosowuj\u0105c si\u0119 do szerokiego zakresu z\u0142o\u017cono\u015bci sygna\u0142u. Dzi\u0119ki cz\u0119stotliwo\u015bci pr\u00f3bkowania 300 MS\/s i pojemno\u015bci pami\u0119ci 8 MPts, SDG2042X zosta\u0142 zaprojektowany do obs\u0142ugi precyzyjnych i z\u0142o\u017conych arbitralnych przebieg\u00f3w wyj\u015bciowych. Ta kombinacja cech sprawia, \u017ce nadaje si\u0119 on do zastosowa\u0144 wymagaj\u0105cych szczeg\u00f3\u0142owego i elastycznego generowania sygna\u0142\u00f3w.<\/p>","protected":false},"excerpt":{"rendered":"<p>40MHz; 2 kana\u0142y; 1.2GSa\/s; d\u0142ugo\u015b\u0107 fali: 8pts-8Mpts funkcja\/arbitralny przebieg wyj\u015bciowy; technologia EasyPulse<\/p>","protected":false},"featured_media":4921,"comment_status":"closed","ping_status":"closed","template":"","meta":{"_acf_changed":false,"slim_seo":{"title":"SDG2042X - YOTAVIS AG","description":"40MHz; 2 kana\u0142y; 1.2GSa\/s; d\u0142ugo\u015b\u0107 fali: 8pts-8Mpts funkcja\/arbitralny przebieg wyj\u015bciowy; technologia EasyPulse"}},"product_brand":[506],"product_cat":[1189,541,513],"product_tag":[],"class_list":{"0":"post-3579","1":"product","2":"type-product","3":"status-publish","4":"has-post-thumbnail","6":"product_brand-siglent","7":"product_cat-afg","8":"product_cat-awg","9":"product_cat-generator","10":"pa_amplitude-v-106","11":"pa_burst-yes","12":"pa_channels-350","13":"pa_frequency-mhz-126","14":"pa_memory-mpts-128","15":"pa_pulse-width-min-ns-16-3","16":"pa_sampling-rate-ms-s-127","17":"pa_sweep-yes","18":"pa_transition-time-min-ns-8-4","19":"pa_vertical-resolution-bits-125","21":"first","22":"instock","23":"taxable","24":"shipping-taxable","25":"purchasable","26":"product-type-simple"},"acf":[],"_links":{"self":[{"href":"https:\/\/yotavis.ch\/pl\/wp-json\/wp\/v2\/product\/3579","targetHints":{"allow":["GET"]}}],"collection":[{"href":"https:\/\/yotavis.ch\/pl\/wp-json\/wp\/v2\/product"}],"about":[{"href":"https:\/\/yotavis.ch\/pl\/wp-json\/wp\/v2\/types\/product"}],"replies":[{"embeddable":true,"href":"https:\/\/yotavis.ch\/pl\/wp-json\/wp\/v2\/comments?post=3579"}],"wp:featuredmedia":[{"embeddable":true,"href":"https:\/\/yotavis.ch\/pl\/wp-json\/wp\/v2\/media\/4921"}],"wp:attachment":[{"href":"https:\/\/yotavis.ch\/pl\/wp-json\/wp\/v2\/media?parent=3579"}],"wp:term":[{"taxonomy":"product_brand","embeddable":true,"href":"https:\/\/yotavis.ch\/pl\/wp-json\/wp\/v2\/product_brand?post=3579"},{"taxonomy":"product_cat","embeddable":true,"href":"https:\/\/yotavis.ch\/pl\/wp-json\/wp\/v2\/product_cat?post=3579"},{"taxonomy":"product_tag","embeddable":true,"href":"https:\/\/yotavis.ch\/pl\/wp-json\/wp\/v2\/product_tag?post=3579"}],"curies":[{"name":"wp","href":"https:\/\/api.w.org\/{rel}","templated":true}]}}