{"id":3580,"date":"2025-10-09T00:00:00","date_gmt":"2025-10-08T22:00:00","guid":{"rendered":"https:\/\/yotavis.ch\/product\/sdg2082x\/"},"modified":"2026-04-24T13:27:26","modified_gmt":"2026-04-24T11:27:26","slug":"sdg2082x","status":"publish","type":"product","link":"https:\/\/yotavis.ch\/pl\/produkt\/sdg2082x\/","title":{"rendered":"SDG2082X"},"content":{"rendered":"<p>Siglent SDG2082X posiada pasmo 80 MHz i oferuje 2 kana\u0142y wyj\u015bciowe przebiegu. Obs\u0142uguje maksymaln\u0105 cz\u0119stotliwo\u015b\u0107 pr\u00f3bkowania 1,2GSa\/s i zapewnia g\u0142\u0119boko\u015b\u0107 pami\u0119ci w zakresie od 8 punkt\u00f3w do 8 milion\u00f3w punkt\u00f3w, umo\u017cliwiaj\u0105c szczeg\u00f3\u0142ow\u0105 analiz\u0119 przebiegu. Urz\u0105dzenie zawiera technologi\u0119 EasyPulse, zwi\u0119kszaj\u0105c\u0105 mo\u017cliwo\u015bci generowania impuls\u00f3w. Obs\u0142uguje zar\u00f3wno funkcje sweep, jak i burst, umo\u017cliwiaj\u0105c wszechstronne opcje generowania sygna\u0142u. Cz\u0119stotliwo\u015b\u0107 pr\u00f3bkowania wynosi 300MS\/s, a pojemno\u015b\u0107 pami\u0119ci 8Mpts. Minimalny czas przej\u015bcia wynosi 8,4 nanosekundy, a minimalna szeroko\u015b\u0107 impulsu to 16,3 nanosekundy. Amplituda mo\u017ce osi\u0105gn\u0105\u0107 do 10 V, dzi\u0119ki czemu nadaje si\u0119 do r\u00f3\u017cnych zastosowa\u0144 testowych i pomiarowych.<\/p>","protected":false},"excerpt":{"rendered":"<p>80MHz; 2 kana\u0142y; 1.2GSa\/s; d\u0142ugo\u015b\u0107 fali: 8pts-8Mpts funkcja\/arbitralny przebieg wyj\u015bciowy; technologia EasyPulse<\/p>","protected":false},"featured_media":4925,"comment_status":"closed","ping_status":"closed","template":"","meta":{"_acf_changed":false,"slim_seo":{"title":"SDG2082X - YOTAVIS AG","description":"80MHz; 2 kana\u0142y; 1.2GSa\/s; d\u0142ugo\u015b\u0107 fali: 8pts-8Mpts funkcja\/arbitralny przebieg wyj\u015bciowy; technologia EasyPulse"}},"product_brand":[506],"product_cat":[1189,541,513],"product_tag":[],"class_list":{"0":"post-3580","1":"product","2":"type-product","3":"status-publish","4":"has-post-thumbnail","6":"product_brand-siglent","7":"product_cat-afg","8":"product_cat-awg","9":"product_cat-generator","10":"pa_amplitude-v-106","11":"pa_burst-yes","12":"pa_channels-350","13":"pa_frequency-mhz-131","14":"pa_memory-mpts-128","15":"pa_pulse-width-min-ns-16-3","16":"pa_sampling-rate-ms-s-127","17":"pa_sweep-yes","18":"pa_transition-time-min-ns-8-4","19":"pa_vertical-resolution-bits-125","21":"first","22":"instock","23":"taxable","24":"shipping-taxable","25":"purchasable","26":"product-type-simple"},"acf":[],"_links":{"self":[{"href":"https:\/\/yotavis.ch\/pl\/wp-json\/wp\/v2\/product\/3580","targetHints":{"allow":["GET"]}}],"collection":[{"href":"https:\/\/yotavis.ch\/pl\/wp-json\/wp\/v2\/product"}],"about":[{"href":"https:\/\/yotavis.ch\/pl\/wp-json\/wp\/v2\/types\/product"}],"replies":[{"embeddable":true,"href":"https:\/\/yotavis.ch\/pl\/wp-json\/wp\/v2\/comments?post=3580"}],"wp:featuredmedia":[{"embeddable":true,"href":"https:\/\/yotavis.ch\/pl\/wp-json\/wp\/v2\/media\/4925"}],"wp:attachment":[{"href":"https:\/\/yotavis.ch\/pl\/wp-json\/wp\/v2\/media?parent=3580"}],"wp:term":[{"taxonomy":"product_brand","embeddable":true,"href":"https:\/\/yotavis.ch\/pl\/wp-json\/wp\/v2\/product_brand?post=3580"},{"taxonomy":"product_cat","embeddable":true,"href":"https:\/\/yotavis.ch\/pl\/wp-json\/wp\/v2\/product_cat?post=3580"},{"taxonomy":"product_tag","embeddable":true,"href":"https:\/\/yotavis.ch\/pl\/wp-json\/wp\/v2\/product_tag?post=3580"}],"curies":[{"name":"wp","href":"https:\/\/api.w.org\/{rel}","templated":true}]}}